{"id":1387,"date":"2015-10-27T13:05:48","date_gmt":"2015-10-27T11:05:48","guid":{"rendered":"https:\/\/tesam.org.tr\/?page_id=1387"},"modified":"2018-03-28T18:34:49","modified_gmt":"2018-03-28T15:34:49","slug":"tesam-ortadogudaki-teror-ve-siddeti-masaya-yatirdi","status":"publish","type":"page","link":"https:\/\/tesam.org.tr\/en\/tesam-ortadogudaki-teror-ve-siddeti-masaya-yatirdi\/","title":{"rendered":"TESAM Ortado\u011fu&#8217;daki Ter\u00f6r ve \u015eiddet Masaya Yat\u0131rd\u0131"},"content":{"rendered":"<p><strong>TESAM (Ekonomik Siyasal ve Stratejik Ara\u015ft\u0131rmalar Merkezi)\u2019\u0131n proje orta\u011f\u0131 oldu\u011fu, Uluda\u011f \u00dcniversitesi Uluslararas\u0131 \u0130li\u015fkiler B\u00f6l\u00fcm\u00fc\u2019nce bu y\u0131l 7.si d\u00fczenlenen Uluslararas\u0131 \u0130li\u015fkiler Sempozyumu\u2019nun ana temas\u0131 \u201cUluslararas\u0131 Sistemde Yeni D\u00fczen Aray\u0131\u015flar\u0131\u201d oldu. Sempozyumun 2.g\u00fcn\u00fcnde ger\u00e7ekle\u015fen TESAM oturumunda, TESAM uzmanlar\u0131 \u201cOrtado\u011fu&#8217;da \u015eiddet ve Ter\u00f6r\u201d konusunu ele ald\u0131. Konu tarih, ekonomi, uluslararas\u0131 ili\u015fkiler ve ilahiyat disiplinleri \u00fczerinden ele al\u0131nd\u0131.<\/strong><\/p>\n<p>Uluslararas\u0131 Sistemde Yeni D\u00fczen Aray\u0131\u015flar\u0131 konulu sempozyum, Uluda\u011f \u00dcniversitesi Mete Cengiz K\u00fclt\u00fcr Merkezi&#8217;nde d\u00fczenlendi. Sempozyum kapsam\u0131nda T\u00fcrkiye Ekonomik ve Stratejik Ara\u015ft\u0131rmalar Merkezi (TESAM), Ortado\u011fu&#8217;da ya\u015fanan \u015fiddet ve ter\u00f6r\u00fc ele ald\u0131. TESAM \u0130dari Koordinat\u00f6r\u00fc Fatih Bilgin&#8217;in oturum ba\u015fkanl\u0131\u011f\u0131nda ger\u00e7ekle\u015fen &#8220;Ortado\u011fu&#8217;da \u015eiddet&#8221; panelinde konu\u015fmac\u0131 olarak Tarih Uzman\u0131 Hakan Kalkan, TESAM \u0130lahiyat Uzman\u0131 Ak\u0131n Karadeniz, TESAM Ekonomi Uzman\u0131 Halil \u0130brahim Y\u0131lmaz ve TESAM Uluslararas\u0131 \u0130li\u015fkiler Uzman\u0131 Y\u0131ld\u0131r\u0131m Deniz yer ald\u0131. Oturumun a\u00e7\u0131l\u0131\u015f konu\u015fmas\u0131n\u0131 yapan Bilgin, d\u00fcnyadaki egemen g\u00fc\u00e7lerin yeni sistem aray\u0131\u015flar\u0131nda Ortado\u011fu&#8217;yu \u015fiddet ve ter\u00f6rizm arac\u0131l\u0131\u011f\u0131yla \u015fekillendirmeye \u00e7al\u0131\u015ft\u0131klar\u0131na dikkat \u00e7ekerek, b\u00f6lgedeki \u015fiddet olaylar\u0131n\u0131 tarih, ekonomi, uluslararas\u0131 ili\u015fkiler ve ilahiyat disiplinleri a\u00e7\u0131s\u0131ndan ayr\u0131 ayr\u0131 incelemenin gereklili\u011fine vurgu yapt\u0131.<\/p>\n<p><strong>ORTADO\u011eU&#8217;DA SANAY\u0130 \u0130NKILABI<\/strong><br \/>\nOrtado\u011fu&#8217;da ya\u015fanan \u015fiddeti tarihi boyutuyla ele alan Tarih Uzman\u0131 Hakan Kalkan, \u00f6ncelikle b\u00f6lgenin stratejik, jeostratejik, ticari ve dini a\u00e7\u0131dan tarihi \u00f6nemini anlatt\u0131. Kalkan, b\u00f6lgede b\u00fcy\u00fck ve g\u00fc\u00e7l\u00fc bir devlet ya da devletler birli\u011fi olmad\u0131k\u00e7a istikrar\u0131n da gelmeyece\u011fini \u00f6ne s\u00fcrerek, Avrupa&#8217;n\u0131n 200 y\u0131l \u00f6nce ya\u015fad\u0131\u011f\u0131 sanayi ink\u0131lab\u0131n\u0131n Ortado\u011fu&#8217;da da ya\u015fanmas\u0131 gerekti\u011fini ifade etti. Kalkan ayr\u0131ca b\u00f6lgede istikrardan bahsedebilmek i\u00e7in \u015eiilik ile Selefilik ak\u0131mlar\u0131n\u0131n birbirleriyle yapt\u0131klar\u0131 m\u00fccadelelerin de sona ermesi gerekti\u011finin alt\u0131n\u0131 \u00e7izdi.<\/p>\n<p><strong>&#8216;C\u0130HAT SAVA\u015e DE\u011e\u0130L; FEDAKARLIKTIR&#8217;<\/strong><br \/>\nOrtado\u011fu&#8217;da Selefilik tehlikesi ve dini radikalizm konusunda sunum yapan TESAM \u0130lahiyat Uzman\u0131 Ak\u0131n Karadeniz ise b\u00f6lgede var olan bir\u00e7ok ter\u00f6r \u00f6rg\u00fct\u00fcn\u00fcn motivasyon kayna\u011f\u0131 olan &#8216;cihat&#8217; kelimesinin ger\u00e7e\u011finden \u00e7ok daha yanl\u0131\u015f alg\u0131land\u0131\u011f\u0131 ve yanl\u0131\u015f lanse edildi\u011fini belirtti. &#8216;Cihat&#8217; kelimesinin Allah yolunda fedakarl\u0131k anlam\u0131na geldi\u011finin alt\u0131n\u0131 \u00e7izen Karadeniz, &#8220;Bug\u00fcn maalesef cihat denince sadece sava\u015f akla geliyor. \u0130slam&#8217;da mecbur kalmad\u0131k\u00e7a asla ve asla silaha ba\u015fvurulmaz. Kuran iki \u015fekilde sava\u015fmam\u0131za m\u00fcsaade eder. Bunlardan bir tanesi d\u00fc\u015fman sald\u0131r\u0131s\u0131 kar\u015f\u0131s\u0131nda savunma amac\u0131yla sava\u015ft\u0131r. \u0130kincisi ise mazlumun m\u00fcdafaas\u0131 i\u00e7indir&#8221; \u015feklinde konu\u015ftu. Karadeniz ayr\u0131ca, \u0130slam&#8217;da hadis ekol\u00fcne dayanan Selefili\u011fin g\u00f6lgesinde yay\u0131lan Vahhabili\u011fin fikirleri k\u0131l\u0131\u00e7 zoruyla yayarak \u0130slami radikalizmi k\u00f6r\u00fckledi\u011fini ifade etti.<\/p>\n\n        <style type='text\/css'>\n            #gallery-1 {\n                margin: auto;\n            }\n            #gallery-1 .gallery-item {\n                float: left;\n                margin-top: 10px;\n                text-align: center;\n                width: 14%;           }\n            #gallery-1 img {\n                border: 2px solid #cfcfcf;\n            }\n            #gallery-1 .gallery-caption {\n                margin-left: 0;\n            }\n        <\/style>\n        <!-- see gallery_shortcode() in wp-includes\/media.php -->\n        <div id='gallery-1' class='gallery-images gallery galleryid-1387'><dl class='gallery-item'>\n            <dt class='gallery-icon'>\n                <a href='https:\/\/tesam.org.tr\/wp-content\/uploads\/2015\/10\/ALP_3702.jpg'><img width=\"150\" height=\"150\" src=\"https:\/\/tesam.org.tr\/wp-content\/uploads\/2015\/10\/ALP_3702-150x150.jpg\" class=\"attachment-thumbnail size-thumbnail\" alt=\"\" decoding=\"async\" loading=\"lazy\" srcset=\"https:\/\/tesam.org.tr\/wp-content\/uploads\/2015\/10\/ALP_3702-150x150.jpg 150w, https:\/\/tesam.org.tr\/wp-content\/uploads\/2015\/10\/ALP_3702-55x55.jpg 55w\" sizes=\"(max-width: 150px) 100vw, 150px\" \/><\/a>\n            <\/dt><\/dl><dl class='gallery-item'>\n            <dt class='gallery-icon'>\n                <a href='https:\/\/tesam.org.tr\/wp-content\/uploads\/2015\/10\/ALP_3704.jpg'><img width=\"150\" height=\"150\" src=\"https:\/\/tesam.org.tr\/wp-content\/uploads\/2015\/10\/ALP_3704-150x150.jpg\" class=\"attachment-thumbnail size-thumbnail\" alt=\"\" decoding=\"async\" loading=\"lazy\" srcset=\"https:\/\/tesam.org.tr\/wp-content\/uploads\/2015\/10\/ALP_3704-150x150.jpg 150w, https:\/\/tesam.org.tr\/wp-content\/uploads\/2015\/10\/ALP_3704-55x55.jpg 55w\" sizes=\"(max-width: 150px) 100vw, 150px\" \/><\/a>\n            <\/dt><\/dl><dl class='gallery-item'>\n            <dt class='gallery-icon'>\n                <a href='https:\/\/tesam.org.tr\/wp-content\/uploads\/2015\/10\/ALP_3726.jpg'><img width=\"150\" height=\"150\" src=\"https:\/\/tesam.org.tr\/wp-content\/uploads\/2015\/10\/ALP_3726-150x150.jpg\" class=\"attachment-thumbnail size-thumbnail\" alt=\"\" decoding=\"async\" loading=\"lazy\" srcset=\"https:\/\/tesam.org.tr\/wp-content\/uploads\/2015\/10\/ALP_3726-150x150.jpg 150w, https:\/\/tesam.org.tr\/wp-content\/uploads\/2015\/10\/ALP_3726-55x55.jpg 55w\" sizes=\"(max-width: 150px) 100vw, 150px\" \/><\/a>\n            <\/dt><\/dl><dl class='gallery-item'>\n            <dt class='gallery-icon'>\n                <a href='https:\/\/tesam.org.tr\/wp-content\/uploads\/2015\/10\/ALP_3744.jpg'><img width=\"150\" height=\"150\" src=\"https:\/\/tesam.org.tr\/wp-content\/uploads\/2015\/10\/ALP_3744-150x150.jpg\" class=\"attachment-thumbnail size-thumbnail\" alt=\"\" decoding=\"async\" loading=\"lazy\" srcset=\"https:\/\/tesam.org.tr\/wp-content\/uploads\/2015\/10\/ALP_3744-150x150.jpg 150w, https:\/\/tesam.org.tr\/wp-content\/uploads\/2015\/10\/ALP_3744-55x55.jpg 55w\" sizes=\"(max-width: 150px) 100vw, 150px\" \/><\/a>\n            <\/dt><\/dl><dl class='gallery-item'>\n            <dt class='gallery-icon'>\n                <a href='https:\/\/tesam.org.tr\/wp-content\/uploads\/2015\/10\/ALP_3827.jpg'><img width=\"150\" height=\"150\" src=\"https:\/\/tesam.org.tr\/wp-content\/uploads\/2015\/10\/ALP_3827-150x150.jpg\" class=\"attachment-thumbnail size-thumbnail\" alt=\"\" decoding=\"async\" loading=\"lazy\" srcset=\"https:\/\/tesam.org.tr\/wp-content\/uploads\/2015\/10\/ALP_3827-150x150.jpg 150w, https:\/\/tesam.org.tr\/wp-content\/uploads\/2015\/10\/ALP_3827-55x55.jpg 55w\" sizes=\"(max-width: 150px) 100vw, 150px\" \/><\/a>\n            <\/dt><\/dl><dl class='gallery-item'>\n            <dt class='gallery-icon'>\n                <a href='https:\/\/tesam.org.tr\/wp-content\/uploads\/2015\/10\/ALP_3832.jpg'><img width=\"150\" height=\"150\" src=\"https:\/\/tesam.org.tr\/wp-content\/uploads\/2015\/10\/ALP_3832-150x150.jpg\" class=\"attachment-thumbnail size-thumbnail\" alt=\"\" decoding=\"async\" loading=\"lazy\" srcset=\"https:\/\/tesam.org.tr\/wp-content\/uploads\/2015\/10\/ALP_3832-150x150.jpg 150w, https:\/\/tesam.org.tr\/wp-content\/uploads\/2015\/10\/ALP_3832-55x55.jpg 55w\" sizes=\"(max-width: 150px) 100vw, 150px\" \/><\/a>\n            <\/dt><\/dl><dl class='gallery-item'>\n            <dt class='gallery-icon'>\n                <a href='https:\/\/tesam.org.tr\/wp-content\/uploads\/2015\/10\/ALP_3850.jpg'><img width=\"150\" height=\"150\" src=\"https:\/\/tesam.org.tr\/wp-content\/uploads\/2015\/10\/ALP_3850-150x150.jpg\" class=\"attachment-thumbnail size-thumbnail\" alt=\"\" decoding=\"async\" loading=\"lazy\" srcset=\"https:\/\/tesam.org.tr\/wp-content\/uploads\/2015\/10\/ALP_3850-150x150.jpg 150w, https:\/\/tesam.org.tr\/wp-content\/uploads\/2015\/10\/ALP_3850-55x55.jpg 55w\" sizes=\"(max-width: 150px) 100vw, 150px\" \/><\/a>\n            <\/dt><\/dl><br style=\"clear: both\" \/>\n            <br style='clear: both;' \/>\n        <\/div>\n\n<p><strong>PETROL KUYULARININ BEK\u00c7\u0130LER\u0130!<\/strong><br \/>\nOturumun di\u011fer konu\u015fmac\u0131s\u0131 olan TESAM Ekonomi Uzman\u0131 Halil \u0130brahim Y\u0131lmaz ise Ortado\u011fu&#8217;daki \u015fiddeti ekonomik boyutta, enerji d\u00fczleminde inceledi. Di\u011fer enerji kaynaklar\u0131n\u0131n verimlilik a\u00e7\u0131s\u0131ndan petrol\u00fcn yan\u0131na bile yakla\u015famad\u0131\u011f\u0131na dikkat \u00e7eken Y\u0131lmaz, d\u00fcnya petrol rezervlerinin yar\u0131dan fazlas\u0131n\u0131n Ortado\u011fu&#8217;da bulundu\u011funun alt\u0131n\u0131 \u00e7izerek, k\u00fcresel akt\u00f6rlerin ve enerji \u015firketlerinin ayakta kalabilmek ve daha \u00e7ok kazanabilmek i\u00e7in Ortado\u011fu&#8217;daki enerji kaynaklar\u0131na \u015fiddetle ihtiya\u00e7 duyduklar\u0131n\u0131 ve bu ba\u011flamda, b\u00f6lgedeki enerji kaynaklar\u0131n\u0131 ter\u00f6r \u00f6rg\u00fctleri ve \u015fiddet yoluyla kontrol alt\u0131nda tutmaya \u00e7al\u0131\u015ft\u0131klar\u0131n\u0131 anlatt\u0131. Y\u0131lmaz ayr\u0131ca b\u00fcy\u00fck g\u00fc\u00e7lerin b\u00f6lgede bulunmalar\u0131n\u0131n bir ba\u015fka nedeninin de silah sat\u0131\u015flar\u0131n oldu\u011funu s\u00f6yleyen Y\u0131lmaz, Ortado\u011fu krallar\u0131n\u0131n l\u00fcks hayat kar\u015f\u0131l\u0131\u011f\u0131nda petrol kuyular\u0131n\u0131n bek\u00e7ili\u011fini yapt\u0131\u011f\u0131n\u0131 ifade etti.<\/p>\n<p><strong>ORTADO\u011eU&#8217;NUN KATAL\u0130Z\u00d6RLER\u0130<\/strong><br \/>\nOturumda son konu\u015fmac\u0131 TESAM Uluslararas\u0131 \u0130li\u015fkiler Uzman\u0131 Y\u0131ld\u0131r\u0131m Deniz s\u00f6z ald\u0131. Ortado\u011fu&#8217;daki \u015fartlar\u0131, b\u00f6lgedeki en \u00f6nemli akt\u00f6rler olan Suudi Arabistan, \u0130ran ve \u0130srail d\u00fczleminden inceleyen ve \u00f6nemli anekdotlar payla\u015fan Deniz, Suudilerin Vahhabilik, \u0130ran&#8217;\u0131n \u015eiilik ve \u0130srail&#8217;in Siyonizm&#8217;den beslenerek sald\u0131rgan d\u0131\u015f politikalar\u0131na \u00f6zel \u00f6nem verdiklerini kaydetti. B\u00f6lgede devlet d\u0131\u015f\u0131 akt\u00f6rleri de s\u0131ralayan Deniz Hamas, Hizbullah ve I\u015e\u0130D&#8217;in belli g\u00fc\u00e7ler taraf\u0131ndan kataliz\u00f6r olarak kullan\u0131ld\u0131\u011f\u0131n\u0131 anlatt\u0131. Ortado\u011fu&#8217;daki b\u00f6lge d\u0131\u015f\u0131 akt\u00f6rlere dikkat \u00e7eken Deniz, ABD, \u00c7in ve Rusya&#8217;n\u0131n faaliyetlerinin \u00f6zellikle incelenmesi gerekti\u011finin alt\u0131n\u0131 \u00e7izdi.<\/p>\n\n        <style type='text\/css'>\n            #gallery-2 {\n                margin: auto;\n            }\n            #gallery-2 .gallery-item {\n                float: left;\n                margin-top: 10px;\n                text-align: center;\n                width: 16%;           }\n            #gallery-2 img {\n                border: 2px solid #cfcfcf;\n            }\n            #gallery-2 .gallery-caption {\n                margin-left: 0;\n            }\n        <\/style>\n        <!-- see gallery_shortcode() in wp-includes\/media.php -->\n        <div id='gallery-2' class='gallery-images gallery galleryid-1387'><dl class='gallery-item'>\n            <dt class='gallery-icon'>\n                <a href='https:\/\/tesam.org.tr\/wp-content\/uploads\/2015\/10\/ALP_3853.jpg'><img width=\"150\" height=\"150\" src=\"https:\/\/tesam.org.tr\/wp-content\/uploads\/2015\/10\/ALP_3853-150x150.jpg\" class=\"attachment-thumbnail size-thumbnail\" alt=\"\" decoding=\"async\" loading=\"lazy\" srcset=\"https:\/\/tesam.org.tr\/wp-content\/uploads\/2015\/10\/ALP_3853-150x150.jpg 150w, https:\/\/tesam.org.tr\/wp-content\/uploads\/2015\/10\/ALP_3853-55x55.jpg 55w\" sizes=\"(max-width: 150px) 100vw, 150px\" \/><\/a>\n            <\/dt><\/dl><dl class='gallery-item'>\n            <dt class='gallery-icon'>\n                <a href='https:\/\/tesam.org.tr\/wp-content\/uploads\/2015\/10\/ALP_3864.jpg'><img width=\"150\" height=\"150\" src=\"https:\/\/tesam.org.tr\/wp-content\/uploads\/2015\/10\/ALP_3864-150x150.jpg\" class=\"attachment-thumbnail size-thumbnail\" alt=\"\" decoding=\"async\" loading=\"lazy\" srcset=\"https:\/\/tesam.org.tr\/wp-content\/uploads\/2015\/10\/ALP_3864-150x150.jpg 150w, https:\/\/tesam.org.tr\/wp-content\/uploads\/2015\/10\/ALP_3864-55x55.jpg 55w\" sizes=\"(max-width: 150px) 100vw, 150px\" \/><\/a>\n            <\/dt><\/dl><dl class='gallery-item'>\n            <dt class='gallery-icon'>\n                <a href='https:\/\/tesam.org.tr\/wp-content\/uploads\/2015\/10\/ALP_3869.jpg'><img width=\"150\" height=\"150\" src=\"https:\/\/tesam.org.tr\/wp-content\/uploads\/2015\/10\/ALP_3869-150x150.jpg\" class=\"attachment-thumbnail size-thumbnail\" alt=\"\" decoding=\"async\" loading=\"lazy\" srcset=\"https:\/\/tesam.org.tr\/wp-content\/uploads\/2015\/10\/ALP_3869-150x150.jpg 150w, https:\/\/tesam.org.tr\/wp-content\/uploads\/2015\/10\/ALP_3869-55x55.jpg 55w\" sizes=\"(max-width: 150px) 100vw, 150px\" \/><\/a>\n            <\/dt><\/dl><dl class='gallery-item'>\n            <dt class='gallery-icon'>\n                <a href='https:\/\/tesam.org.tr\/wp-content\/uploads\/2015\/10\/ALP_3883.jpg'><img width=\"150\" height=\"150\" src=\"https:\/\/tesam.org.tr\/wp-content\/uploads\/2015\/10\/ALP_3883-150x150.jpg\" class=\"attachment-thumbnail size-thumbnail\" alt=\"\" decoding=\"async\" loading=\"lazy\" srcset=\"https:\/\/tesam.org.tr\/wp-content\/uploads\/2015\/10\/ALP_3883-150x150.jpg 150w, https:\/\/tesam.org.tr\/wp-content\/uploads\/2015\/10\/ALP_3883-55x55.jpg 55w\" sizes=\"(max-width: 150px) 100vw, 150px\" \/><\/a>\n            <\/dt><\/dl><dl class='gallery-item'>\n            <dt class='gallery-icon'>\n                <a href='https:\/\/tesam.org.tr\/wp-content\/uploads\/2015\/10\/ALP_3887.jpg'><img width=\"150\" height=\"150\" src=\"https:\/\/tesam.org.tr\/wp-content\/uploads\/2015\/10\/ALP_3887-150x150.jpg\" class=\"attachment-thumbnail size-thumbnail\" alt=\"\" decoding=\"async\" loading=\"lazy\" srcset=\"https:\/\/tesam.org.tr\/wp-content\/uploads\/2015\/10\/ALP_3887-150x150.jpg 150w, https:\/\/tesam.org.tr\/wp-content\/uploads\/2015\/10\/ALP_3887-55x55.jpg 55w\" sizes=\"(max-width: 150px) 100vw, 150px\" \/><\/a>\n            <\/dt><\/dl><dl class='gallery-item'>\n            <dt class='gallery-icon'>\n                <a href='https:\/\/tesam.org.tr\/wp-content\/uploads\/2015\/10\/ALP_3894.jpg'><img width=\"150\" height=\"150\" src=\"https:\/\/tesam.org.tr\/wp-content\/uploads\/2015\/10\/ALP_3894-150x150.jpg\" class=\"attachment-thumbnail size-thumbnail\" alt=\"\" decoding=\"async\" loading=\"lazy\" srcset=\"https:\/\/tesam.org.tr\/wp-content\/uploads\/2015\/10\/ALP_3894-150x150.jpg 150w, https:\/\/tesam.org.tr\/wp-content\/uploads\/2015\/10\/ALP_3894-55x55.jpg 55w\" sizes=\"(max-width: 150px) 100vw, 150px\" \/><\/a>\n            <\/dt><\/dl><br style=\"clear: both\" \/>\n            <br style='clear: both;' \/>\n        <\/div>","protected":false},"excerpt":{"rendered":"<p>TESAM (Ekonomik Siyasal ve Stratejik Ara\u015ft\u0131rmalar Merkezi)\u2019\u0131n proje orta\u011f\u0131 oldu\u011fu, Uluda\u011f \u00dcniversitesi Uluslararas\u0131 \u0130li\u015fkiler B\u00f6l\u00fcm\u00fc\u2019nce bu y\u0131l 7.si d\u00fczenlenen Uluslararas\u0131 \u0130li\u015fkiler Sempozyumu\u2019nun ana temas\u0131 \u201cUluslararas\u0131 Sistemde Yeni D\u00fczen Aray\u0131\u015flar\u0131\u201d oldu. Sempozyumun 2.g\u00fcn\u00fcnde ger\u00e7ekle\u015fen TESAM oturumunda, TESAM uzmanlar\u0131 \u201cOrtado\u011fu&#8217;da \u015eiddet ve Ter\u00f6r\u201d konusunu ele ald\u0131. Konu tarih, ekonomi, uluslararas\u0131 ili\u015fkiler ve ilahiyat disiplinleri \u00fczerinden ele al\u0131nd\u0131. &#8230;<\/p>","protected":false},"author":1,"featured_media":1008,"parent":0,"menu_order":0,"comment_status":"closed","ping_status":"closed","template":"","meta":{"ngg_post_thumbnail":0},"_links":{"self":[{"href":"https:\/\/tesam.org.tr\/en\/wp-json\/wp\/v2\/pages\/1387"}],"collection":[{"href":"https:\/\/tesam.org.tr\/en\/wp-json\/wp\/v2\/pages"}],"about":[{"href":"https:\/\/tesam.org.tr\/en\/wp-json\/wp\/v2\/types\/page"}],"author":[{"embeddable":true,"href":"https:\/\/tesam.org.tr\/en\/wp-json\/wp\/v2\/users\/1"}],"replies":[{"embeddable":true,"href":"https:\/\/tesam.org.tr\/en\/wp-json\/wp\/v2\/comments?post=1387"}],"version-history":[{"count":2,"href":"https:\/\/tesam.org.tr\/en\/wp-json\/wp\/v2\/pages\/1387\/revisions"}],"predecessor-version":[{"id":1697,"href":"https:\/\/tesam.org.tr\/en\/wp-json\/wp\/v2\/pages\/1387\/revisions\/1697"}],"wp:featuredmedia":[{"embeddable":true,"href":"https:\/\/tesam.org.tr\/en\/wp-json\/wp\/v2\/media\/1008"}],"wp:attachment":[{"href":"https:\/\/tesam.org.tr\/en\/wp-json\/wp\/v2\/media?parent=1387"}],"curies":[{"name":"wp","href":"https:\/\/api.w.org\/{rel}","templated":true}]}}