{"id":1651,"date":"2018-03-28T13:02:40","date_gmt":"2018-03-28T10:02:40","guid":{"rendered":"https:\/\/tesam.org.tr\/?page_id=1651"},"modified":"2025-08-06T12:00:21","modified_gmt":"2025-08-06T09:00:21","slug":"yuksek-istisare-heyeti","status":"publish","type":"page","link":"https:\/\/tesam.org.tr\/en\/yuksek-istisare-heyeti\/","title":{"rendered":"Y\u00fcksek \u0130sti\u015fare Heyeti"},"content":{"rendered":"<p>&nbsp; &nbsp; &nbsp; <a href=\"https:\/\/tesam.org.tr\/wp-content\/uploads\/2025\/07\/1.png\"><img decoding=\"async\" loading=\"lazy\" class=\"size-medium wp-image-6293 aligncenter\" src=\"https:\/\/tesam.org.tr\/wp-content\/uploads\/2025\/07\/1-300x300.png\" alt=\"\" width=\"300\" height=\"300\" srcset=\"https:\/\/tesam.org.tr\/wp-content\/uploads\/2025\/07\/1-300x300.png 300w, https:\/\/tesam.org.tr\/wp-content\/uploads\/2025\/07\/1-150x150.png 150w, https:\/\/tesam.org.tr\/wp-content\/uploads\/2025\/07\/1-768x768.png 768w, https:\/\/tesam.org.tr\/wp-content\/uploads\/2025\/07\/1-12x12.png 12w, https:\/\/tesam.org.tr\/wp-content\/uploads\/2025\/07\/1-55x55.png 55w, https:\/\/tesam.org.tr\/wp-content\/uploads\/2025\/07\/1.png 1080w\" sizes=\"(max-width: 300px) 100vw, 300px\" \/><\/a><\/p>\n<p style=\"text-align: center;\"><strong>Dr. \u0130lyas BOZKURT (TESAM Kurucu Genel Ba\u015fkan\u0131)<\/strong><\/p>\n<p>Dr. \u0130lyas Bozkurt, yenilik\u00e7i projeler ve liderlik anlay\u0131\u015f\u0131yla toplum i\u00e7in b\u00fcy\u00fck katk\u0131lar sunmaktad\u0131r. Misyonumuz, s\u00fcrd\u00fcr\u00fclebilir \u00e7\u00f6z\u00fcmler \u00fcretmek ve toplumu daha iyi bir gelece\u011fe ta\u015f\u0131makt\u0131r. Dr. Bozkurt, gen\u00e7lerin potansiyelini ortaya \u00e7\u0131karma ve e\u011fitimle de\u011fi\u015fimi destekleme konular\u0131nda b\u00fcy\u00fck bir tutkuyla \u00e7al\u0131\u015fmaktad\u0131r. Ayr\u0131ca sosyal sorumluluk projelerine verdi\u011fi \u00f6nem, toplumu daha ya\u015fanabilir bir hale getirme arzusunun bir yans\u0131mas\u0131d\u0131r. \u0130lham veren liderli\u011fiyle bireylerin ve topluluklar\u0131n g\u00fc\u00e7lenmesini te\u015fvik etmektedir.<\/p>\n<p><a href=\"https:\/\/tesam.org.tr\/wp-content\/uploads\/2025\/07\/2.png\"><img decoding=\"async\" loading=\"lazy\" class=\"size-medium wp-image-6294 aligncenter\" src=\"https:\/\/tesam.org.tr\/wp-content\/uploads\/2025\/07\/2-300x300.png\" alt=\"\" width=\"300\" height=\"300\" srcset=\"https:\/\/tesam.org.tr\/wp-content\/uploads\/2025\/07\/2-300x300.png 300w, https:\/\/tesam.org.tr\/wp-content\/uploads\/2025\/07\/2-150x150.png 150w, https:\/\/tesam.org.tr\/wp-content\/uploads\/2025\/07\/2-768x768.png 768w, https:\/\/tesam.org.tr\/wp-content\/uploads\/2025\/07\/2-12x12.png 12w, https:\/\/tesam.org.tr\/wp-content\/uploads\/2025\/07\/2-55x55.png 55w, https:\/\/tesam.org.tr\/wp-content\/uploads\/2025\/07\/2.png 1080w\" sizes=\"(max-width: 300px) 100vw, 300px\" \/><\/a><\/p>\n<p style=\"margin: 0cm 0cm 0.0001pt; text-align: center;\"><strong>Prof. Dr. Hasan K\u00d6N\u0130 (\u0130stanbul K\u00fclt\u00fcr \u00dcniversitesi)<\/strong><br \/>\nY\u00fcksek \u0130sti\u015fare Heyeti Ba\u015fkan\u0131<\/p>\n<p>1946 y\u0131l\u0131nda \u0130stanbul\u2019da do\u011fan K\u00f6ni Saint Joseph lisesini ve Ankara \u00dcniversitesi Siyasal Bilgiler Fak\u00fcltesini bitirdi. Ayn\u0131 fak\u00fcltede ve Michigan State \u00dcniversitesinde lisans\u00fcst\u00fc ve doktora \u00fcst\u00fc \u00e7al\u0131\u015fmalar yapt\u0131. 1982 y\u0131l\u0131nda California \u00dcniversitesi, Santa Cruz\u2019da ve 1990-91 y\u0131l\u0131nda Washington, John Hopkinks \u00dcniversitesinde konuk \u00f6\u011fretim \u00fcyesi olarak bulundu. Uzun y\u0131llar D\u0131\u015fi\u015fleri bakanl\u0131\u011f\u0131nda dan\u0131\u015fmanl\u0131k yapt\u0131.<\/p>\n<p>Halen \u0130stanbul K\u00fclt\u00fcr \u00dcniversitesi Hukuk Fak\u00fcltesi Devletler Hukuku ABD Ba\u015fkan\u0131l\u0131\u011f\u0131, TESAM Y\u00fcksek \u0130sti\u015fare Heyeti Ba\u015fkanl\u0131\u011f\u0131 yapmaktad\u0131r.Uluslararas\u0131 Hukuk, T\u00fcrk D\u0131\u015f ve \u0130\u00e7 Politikas\u0131 \u00fczerine, uluslararas\u0131 g\u00fcncel konularda yay\u0131nlanm\u0131\u015f altm\u0131\u015fa yak\u0131n makalesi ve yay\u0131nlanm\u0131\u015f kitaplar\u0131 bulunmaktad\u0131r.<\/p>\n<p style=\"text-align: center;\"><a href=\"https:\/\/tesam.org.tr\/wp-content\/uploads\/2025\/07\/6.png\"><img decoding=\"async\" loading=\"lazy\" class=\"size-medium wp-image-6298 aligncenter\" src=\"https:\/\/tesam.org.tr\/wp-content\/uploads\/2025\/07\/6-300x300.png\" alt=\"\" width=\"300\" height=\"300\" srcset=\"https:\/\/tesam.org.tr\/wp-content\/uploads\/2025\/07\/6-300x300.png 300w, https:\/\/tesam.org.tr\/wp-content\/uploads\/2025\/07\/6-150x150.png 150w, https:\/\/tesam.org.tr\/wp-content\/uploads\/2025\/07\/6-768x768.png 768w, https:\/\/tesam.org.tr\/wp-content\/uploads\/2025\/07\/6-12x12.png 12w, https:\/\/tesam.org.tr\/wp-content\/uploads\/2025\/07\/6-55x55.png 55w, https:\/\/tesam.org.tr\/wp-content\/uploads\/2025\/07\/6.png 1080w\" sizes=\"(max-width: 300px) 100vw, 300px\" \/><\/a><strong>Prof. Dr. Veysel BOZKURT (\u0130stanbul \u00dcniversitesi)<\/strong><br \/>\nY\u00fcksek \u0130sti\u015fare Heyeti \u00dcyesi<\/p>\n<p>1984 y\u0131l\u0131nda Uluda\u011f \u00dcniversitesi\u2019nden lisans derecesini ald\u0131. 1986 y\u0131l\u0131nda \u201cT\u00fcrkiye\u2019nin sosyal de\u011fi\u015fme s\u00fcrecinde sivil b\u00fcrokrasi (1923-1960)\u201d adl\u0131 tezi ile y\u00fcksek lisans, 1991 y\u0131l\u0131nda da \u201cAvrupa Birli\u011fi: \u0130\u015f\u00e7i sendikalar\u0131n\u0131n, i\u015fverenlerin, siyasal kurumlar\u0131n ve kamuoyunun tutumu a\u00e7\u0131s\u0131ndan incelenmesi\u201d adl\u0131 tezini savunarak doktora derecesini ald\u0131. 1985 y\u0131l\u0131nda ara\u015ft\u0131rma g\u00f6revlisi olarak ba\u015flad\u0131\u011f\u0131 kamu g\u00f6revine European&nbsp;University Institute (1988-1989), HTIEI Bak\u00fc (1996), The London School of Economics and Political Sciences (2002), James Cook&nbsp;&nbsp;University(2005-2006), Washington&nbsp;State University (2008) gibi bir \u00e7ok farkl\u0131 \u00fcniversitede misafir ara\u015ft\u0131rmac\u0131, \u00f6\u011fretim \u00fcyesi ve \u00f6\u011fretim g\u00f6revlisi olarak devam etti.<\/p>\n<p>2010 y\u0131l\u0131nda profes\u00f6r \u00fcnvan\u0131n\u0131 alan Bozkurt, \u0130stanbul \u00dcniversitesi\u2019nde \u00f6\u011fretim \u00fcyesidir. \u00c7al\u0131\u015fma alanlar\u0131; \u00e7al\u0131\u015fma sosyolojisi, de\u011ferler, k\u00fcreselle\u015fme, ekonomik sosyoloji, giri\u015fimcilik ve ara\u015ft\u0131rma y\u00f6ntemleridir.<\/p>\n<p><a href=\"https:\/\/tesam.org.tr\/wp-content\/uploads\/2025\/07\/3.png\"><img decoding=\"async\" loading=\"lazy\" class=\"size-medium wp-image-6295 aligncenter\" src=\"https:\/\/tesam.org.tr\/wp-content\/uploads\/2025\/07\/3-300x300.png\" alt=\"\" width=\"300\" height=\"300\" srcset=\"https:\/\/tesam.org.tr\/wp-content\/uploads\/2025\/07\/3-300x300.png 300w, https:\/\/tesam.org.tr\/wp-content\/uploads\/2025\/07\/3-150x150.png 150w, https:\/\/tesam.org.tr\/wp-content\/uploads\/2025\/07\/3-768x768.png 768w, https:\/\/tesam.org.tr\/wp-content\/uploads\/2025\/07\/3-12x12.png 12w, https:\/\/tesam.org.tr\/wp-content\/uploads\/2025\/07\/3-55x55.png 55w, https:\/\/tesam.org.tr\/wp-content\/uploads\/2025\/07\/3.png 1080w\" sizes=\"(max-width: 300px) 100vw, 300px\" \/><\/a><\/p>\n<p style=\"text-align: center;\"><strong>Prof. Dr. Talat CANBOLAT (Marmara \u00dcniversitesi)<\/strong><br \/>\nY\u00fcksek \u0130sti\u015fare Heyeti \u00dcyesi<\/p>\n<p>Prof. Dr. Talat CANBOLAT, 1966 y\u0131l\u0131nda Tufanbeyli\/ADANA&#8217; da do\u011fmu\u015ftur. \u0130lkokulu Do\u011fanbeyli\u2019de, Ortaokulu Saimbeyli\u2019de tamamlam\u0131\u015ft\u0131r. G\u00f6lc\u00fck\u2019te ba\u015flad\u0131\u011f\u0131 lise e\u011fitimini Mersin Dumlup\u0131nar Lisesinde tamamlam\u0131\u015ft\u0131r. 1985 y\u0131l\u0131nda ba\u015flad\u0131\u011f\u0131 \u0130stanbul \u00dcniversitesi Hukuk Fak\u00fcltesinden 1989 y\u0131l\u0131nda mezun olmu\u015ftur. Ayn\u0131 y\u0131l Marmara \u00dcniversitesi Hukuk Fak\u00fcltesinde \u0130\u015f ve Sosyal G\u00fcvenlik Hukuku Anabilim Dal\u0131nda Ara\u015ft\u0131rma G\u00f6revlisi olarak \u00e7al\u0131\u015fmaya ba\u015flam\u0131\u015ft\u0131r. 1992 y\u0131l\u0131nda y\u00fcksek lisans, 1998 y\u0131l\u0131nda da doktoras\u0131n\u0131 tamamlam\u0131\u015ft\u0131r. Marmara \u00dcniversitesi Hukuk Fak\u00fcltesinde 2000 y\u0131l\u0131nda yard\u0131mc\u0131 do\u00e7ent kadrosuna atanm\u0131\u015ft\u0131r. 2008 y\u0131l\u0131nda do\u00e7ent, 2013 y\u0131l\u0131nda da profes\u00f6r kadrosuna atanm\u0131\u015ft\u0131r. Askerli\u011fini Polatl\u0131\/Ankara\u2019da 267\u2019nci d\u00f6nem Top\u00e7u ve F\u00fcze Okulu Komutanl\u0131\u011f\u0131ndaki e\u011fitiminden sonra 1999-2000 y\u0131llar\u0131nda Kara Harp Okulunda Aste\u011fmen olarak yapm\u0131\u015ft\u0131r.<\/p>\n<p>Marmara \u00dcniversitesi Hukuk Fak\u00fcltesinde, Fak\u00fclte Kurulu ve Y\u00f6netim kurullar\u0131nda g\u00f6rev alm\u0131\u015ft\u0131r. Fak\u00fclte Kurulunda yard\u0131mc\u0131 do\u00e7ent temsilcisi, do\u00e7ent temsilcisi ve profes\u00f6r temsilcili\u011fi yapm\u0131\u015ft\u0131r. 2003 y\u0131l\u0131nda dekan yard\u0131mc\u0131l\u0131\u011f\u0131 yapm\u0131\u015ft\u0131r. 2003 y\u0131l\u0131nda avukat olarak \u0130stanbul Barosu Levhas\u0131na kaydolmu\u015ftur. 2013-2019 y\u0131l\u0131ndan itibaren \u0130\u015f ve Sosyal G\u00fcvenlik Hukuku Anabilim Dal\u0131 Ba\u015fkanl\u0131\u011f\u0131n\u0131 yapm\u0131\u015ft\u0131r. 2003-2020 y\u0131llar\u0131nda Adli T\u0131p Kurumu Trafik \u0130htisas Dairesinde trafik uzman\u0131 ve Trafik \u0130htisas Dairesi Geni\u015fletilmi\u015f Uzmanlar Kurulu \u00fcyesi olarak \u00e7al\u0131\u015fm\u0131\u015ft\u0131r. 2014 y\u0131l\u0131ndan itibaren T\u00dcB\u0130TAK\u2019ta Hukuk Dan\u0131\u015fman\u0131 olarak \u00e7al\u0131\u015fmaktad\u0131r. 2011\u20132019 y\u0131llar\u0131 aras\u0131nda \u0130stanbul\u2019da Tabiat Varl\u0131klar\u0131n\u0131 Koruma B\u00f6lge Komisyon \u00dcyeli\u011fi ve Ba\u015fkanl\u0131\u011f\u0131 yapm\u0131\u015ft\u0131r. 6356 Say\u0131l\u0131 Sendikalar ve Toplu \u0130\u015f S\u00f6zle\u015fmesi Kanunu, 6754 say\u0131l\u0131 Bilirki\u015filik Kanunu, 7036 say\u0131l\u0131 \u0130\u015f Mahkemeleri Kanununun haz\u0131rlanmas\u0131na ili\u015fkin bilim komisyonlar\u0131nda \u00e7al\u0131\u015fm\u0131\u015ft\u0131r. 2020 tarihinden itibaren T\u00fcrkiye Adalet Akademisi taraf\u0131ndan y\u00fcr\u00fct\u00fclen Yarg\u0131 Kararlar\u0131nda Gerek\u00e7elendirme Bilim Komisyonu \u00dcyesidir.<\/p>\n<p>16 May\u0131s 2019 tarihinden itibaren Milli Savunma \u00dcniversitesinde Rekt\u00f6r Yard\u0131mc\u0131s\u0131 olarak g\u00f6reve ba\u015flam\u0131\u015ft\u0131r.<\/p>\n<p>13 Ocak 2021 tarihinden itibaren asli g\u00f6revi uhdesinde kalmak \u00fczere Milli Savunma \u00dcniversitesi Genel Sekreterli\u011fine vek\u00e2leten g\u00f6revlendirilmi\u015ftir.<\/p>\n<p><a href=\"https:\/\/tesam.org.tr\/wp-content\/uploads\/2025\/07\/4.png\"><img decoding=\"async\" loading=\"lazy\" class=\"size-medium wp-image-6296 aligncenter\" src=\"https:\/\/tesam.org.tr\/wp-content\/uploads\/2025\/07\/4-300x300.png\" alt=\"\" width=\"300\" height=\"300\" srcset=\"https:\/\/tesam.org.tr\/wp-content\/uploads\/2025\/07\/4-300x300.png 300w, https:\/\/tesam.org.tr\/wp-content\/uploads\/2025\/07\/4-150x150.png 150w, https:\/\/tesam.org.tr\/wp-content\/uploads\/2025\/07\/4-768x768.png 768w, https:\/\/tesam.org.tr\/wp-content\/uploads\/2025\/07\/4-12x12.png 12w, https:\/\/tesam.org.tr\/wp-content\/uploads\/2025\/07\/4-55x55.png 55w, https:\/\/tesam.org.tr\/wp-content\/uploads\/2025\/07\/4.png 1080w\" sizes=\"(max-width: 300px) 100vw, 300px\" \/><\/a><\/p>\n<p style=\"margin: 0cm 0cm 0.0001pt; text-align: center;\"><strong>Prof. Dr. H\u00fclya KASAPO\u011eLU \u00c7ENGEL (Ankara Hac\u0131 Bayram Veli \u00dcniversitesi)<\/strong><br \/>\nY\u00fcksek \u0130sti\u015fare Heyeti \u00dcyesi<\/p>\n<p>Dil ve edebiyat ara\u015ft\u0131rmac\u0131s\u0131. 27 Nisan 1965, Van do\u011fumlu. \u0130lk ve orta\u00f6\u011frenimini do\u011fdu\u011fu yerde tamamlad\u0131. Hacettepe \u00dcniversitesi Edebiyat Fak\u00fcltesi T\u00fcrk Dili ve Edebiyat\u0131 B\u00f6l\u00fcm\u00fcnden 1986 y\u0131l\u0131nda mezun oldu.<\/p>\n<p>\u00c7al\u0131\u015fma hayat\u0131na 1987 y\u0131l\u0131nda Gazi \u00dcniversitesi Fen Edebiyat Fak\u00fcltesi T\u00fcrk Dili ve Edebiyat\u0131 B\u00f6l\u00fcm\u00fcnde ara\u015ft\u0131rma g\u00f6revlisi olarak ba\u015flad\u0131. Gazi \u00dcniversitesi Sosyal Bilimler Enstit\u00fcs\u00fcndeki y\u00fcksek lisans e\u011fitimini, 1988 y\u0131l\u0131nda \u201cModern Uygur T\u00fcrk\u00e7esinde Fiil\u201d adl\u0131 tezle tamamlad\u0131. 1995 y\u0131l\u0131nda haz\u0131rlad\u0131\u011f\u0131 \u201cUygur \u015eairi Abdurrahim \u00d6tk\u00fcr\u2019\u00fcn \u015eiirleri-Metin-Aktarma-\u0130nceleme\u201d adl\u0131 tezle doktor oldu.<\/p>\n<p>1996 y\u0131l\u0131nda g\u00f6rev yapt\u0131\u011f\u0131 b\u00f6l\u00fcm\u00fcn Yeni T\u00fcrk Dili Anabilim Dal\u0131nda yard\u0131mc\u0131 do\u00e7ent kadrosuna atand\u0131. 1998 y\u0131l\u0131nda Kuzey Bat\u0131 (K\u0131p\u00e7ak) Grubu T\u00fcrk leh\u00e7eleri alan\u0131ndaki \u00e7al\u0131\u015fmas\u0131yla do\u00e7ent oldu. 2002-03 y\u0131llar\u0131nda K\u0131rg\u0131zistan-T\u00fcrkiye Manas \u00dcniversitesi T\u00fcrkoloji B\u00f6l\u00fcm\u00fcnde \u00f6\u011fretim \u00fcyesi olarak \u00e7al\u0131\u015ft\u0131. Gazi \u00dcniversitesi T\u00fcrk Dili ve Edebiyat\u0131 B\u00f6l\u00fcm\u00fcnde do\u00e7ent olarak, T\u00fcrk Dili, Kuzey Bat\u0131 (K\u0131p\u00e7ak) Grubu T\u00fcrk leh\u00e7eleri, K\u0131rg\u0131z ve Uygur T\u00fcrk\u00e7eleri \u00fczerine \u00e7al\u0131\u015fmalar\u0131n\u0131 s\u00fcrd\u00fcrd\u00fc.<\/p>\n<p><img decoding=\"async\" loading=\"lazy\" class=\"aligncenter size-medium wp-image-6521\" src=\"https:\/\/tesam.org.tr\/wp-content\/uploads\/2024\/08\/rrrrrr-300x300.png\" alt=\"\" width=\"300\" height=\"300\" srcset=\"https:\/\/tesam.org.tr\/wp-content\/uploads\/2024\/08\/rrrrrr-300x300.png 300w, https:\/\/tesam.org.tr\/wp-content\/uploads\/2024\/08\/rrrrrr-150x150.png 150w, https:\/\/tesam.org.tr\/wp-content\/uploads\/2024\/08\/rrrrrr-768x768.png 768w, https:\/\/tesam.org.tr\/wp-content\/uploads\/2024\/08\/rrrrrr-12x12.png 12w, https:\/\/tesam.org.tr\/wp-content\/uploads\/2024\/08\/rrrrrr-55x55.png 55w, https:\/\/tesam.org.tr\/wp-content\/uploads\/2024\/08\/rrrrrr.png 1080w\" sizes=\"(max-width: 300px) 100vw, 300px\" \/><\/p>\n<p style=\"text-align: center;\"><strong>Prof. Dr. Okan YE\u015e\u0130LOT (Marmara \u00dcniversitesi)<\/strong><br \/>\nY\u00fcksek \u0130sti\u015fare Heyeti \u00dcyesi<\/p>\n<p>Okan Ye\u015filot&nbsp;Giresun&#8217;un&nbsp;Piraziz&nbsp;il\u00e7esinde&nbsp;do\u011fdu. \u0130lkokulu&nbsp;G\u00f6k\u00e7eali&#8217;de, ortaokul ve liseyi&nbsp;Samsun Ladik Akp\u0131nar \u00d6\u011fretmen Lisesi&#8217;nde bitirdi. 1988 y\u0131l\u0131nda kazand\u0131\u011f\u0131&nbsp;Marmara \u00dcniversitesi Atat\u00fcrk E\u011fitim Fak\u00fcltesi Tarih \u00d6\u011fretmenli\u011fi&nbsp;b\u00f6l\u00fcm\u00fcnden 1992 y\u0131l\u0131nda mezun oldu. Y\u00fcksek lisans\u0131n\u0131 Prof. Dr. Nesrin SARIAHMETO\u011eLU dan\u0131\u015fmanl\u0131\u011f\u0131nda \u201cHac\u0131 Zeynelabidin Tagiyev&#8217;in Hayat\u0131 ve Faaliyetleri\u201d adl\u0131 teziyle yapt\u0131.&nbsp; Doktoras\u0131n\u0131 Prof. Dr. Abd\u00fclkadir DONUK dan\u0131\u015fmanl\u0131\u011f\u0131nda \u201cHasan Melikzade Zerdabi&#8217;nin Hayat\u0131 ve Faaliyetleri\u201d adl\u0131 teziyle tamamlad\u0131.<\/p>\n<p>1995-96 y\u0131llar\u0131nda&nbsp;Azerbaycan&nbsp;Bak\u00fc Devlet \u00dcniversitesi\u2019nde misafir \u00d6\u011fretim Eleman\u0131 olarak bulundu. 1997-98 y\u0131llar\u0131nda&nbsp;Uluslararas\u0131 T\u00fcrk-Kazak Hoca Ahmet Yesevi \u00dcniversitesi\u2019nde&nbsp;\u00d6\u011fretim G\u00f6revlili\u011fi yapt\u0131. 2008 y\u0131l\u0131nda Marmara \u00dcniversitesi&#8217;nde&nbsp; Do\u00e7ent unvan\u0131 ald\u0131, 2014 y\u0131l\u0131nda da ayn\u0131 \u00fcniversitede Profes\u00f6rl\u00fc\u011fe atand\u0131. H\u00e2len&nbsp;Marmara \u00dcniversitesi Fen-Edebiyat Fak\u00fcltesi Tarih B\u00f6l\u00fcm\u00fc Kafkasya Tarihi Anabilim Dal\u0131nda \u00d6\u011fretim \u00dcyesi ve T\u00fcrkiyat Ara\u015ft\u0131rmalar\u0131 Enstit\u00fcs\u00fc M\u00fcd\u00fcr\u00fc&nbsp;olarak g\u00f6rev yapmaktad\u0131r.<\/p>\n<p><a href=\"https:\/\/tesam.org.tr\/wp-content\/uploads\/2025\/07\/7.png\"><img decoding=\"async\" loading=\"lazy\" class=\"size-medium wp-image-6299 aligncenter\" src=\"https:\/\/tesam.org.tr\/wp-content\/uploads\/2025\/07\/7-300x300.png\" alt=\"\" width=\"300\" height=\"300\" srcset=\"https:\/\/tesam.org.tr\/wp-content\/uploads\/2025\/07\/7-300x300.png 300w, https:\/\/tesam.org.tr\/wp-content\/uploads\/2025\/07\/7-150x150.png 150w, https:\/\/tesam.org.tr\/wp-content\/uploads\/2025\/07\/7-768x768.png 768w, https:\/\/tesam.org.tr\/wp-content\/uploads\/2025\/07\/7-12x12.png 12w, https:\/\/tesam.org.tr\/wp-content\/uploads\/2025\/07\/7-55x55.png 55w, https:\/\/tesam.org.tr\/wp-content\/uploads\/2025\/07\/7.png 1080w\" sizes=\"(max-width: 300px) 100vw, 300px\" \/><\/a><\/p>\n<p style=\"margin: 0cm 0cm 0.0001pt; text-align: center;\"><strong>Prof. Dr. Bekir PARLAK (Bursa Uluda\u011f \u00dcniversitesi)<\/strong><br \/>\nY\u00fcksek \u0130sti\u015fare Heyeti \u00dcyesi<\/p>\n<p>Bekir Parlak,&nbsp; Uluda\u011f \u00dcniversitesi&#8217;nde \u00f6\u011fretim \u00fcyesi olarak g\u00f6rev yapmaktad\u0131r. Parlak, lisans e\u011fitimini ve sonras\u0131nda y\u00fcksek lisans ve doktora \u00e7al\u0131\u015fmalar\u0131n\u0131 kamu y\u00f6netimi ve siyaset bilimi alanlar\u0131nda tamamlam\u0131\u015ft\u0131r. Akademik \u00e7al\u0131\u015fmalar\u0131 ve ders i\u00e7erikleri genellikle kamu politikalar\u0131, yerel y\u00f6netimler, siyaset bilimi teorileri ve y\u00f6netim bilimleri konular\u0131nda yo\u011funla\u015fmaktad\u0131r.<\/p>\n<p style=\"text-align: center;\"><a href=\"https:\/\/tesam.org.tr\/wp-content\/uploads\/2025\/07\/5.png\"><img decoding=\"async\" loading=\"lazy\" class=\"alignnone size-medium wp-image-6297\" src=\"https:\/\/tesam.org.tr\/wp-content\/uploads\/2025\/07\/5-300x300.png\" alt=\"\" width=\"300\" height=\"300\" srcset=\"https:\/\/tesam.org.tr\/wp-content\/uploads\/2025\/07\/5-300x300.png 300w, https:\/\/tesam.org.tr\/wp-content\/uploads\/2025\/07\/5-150x150.png 150w, https:\/\/tesam.org.tr\/wp-content\/uploads\/2025\/07\/5-768x768.png 768w, https:\/\/tesam.org.tr\/wp-content\/uploads\/2025\/07\/5-12x12.png 12w, https:\/\/tesam.org.tr\/wp-content\/uploads\/2025\/07\/5-55x55.png 55w, https:\/\/tesam.org.tr\/wp-content\/uploads\/2025\/07\/5.png 1080w\" sizes=\"(max-width: 300px) 100vw, 300px\" \/><\/a><\/p>\n<p style=\"margin: 0cm 0cm 0.0001pt; text-align: center;\"><strong>Prof. Dr. Arzu AL (Marmara \u00dcniversitesi)<\/strong><br \/>\nY\u00fcksek \u0130sti\u015fare Heyeti \u00dcyesi<\/p>\n<p>Lisans e\u011fitimini Yeditepe \u00dcniversitesi\/ Siyaset Bilimi ve Uluslararas\u0131 \u0130li\u015fkiler B\u00f6l\u00fcm\u00fcnde tamamlam\u0131\u015ft\u0131r. Y\u00fcksek lisans\u0131n\u0131 Marmara \u00dcniversitesi\/Ortado\u011fu Ara\u015ft\u0131rmalar\u0131 Enstit\u00fcs\u00fc\u2019nde yapm\u0131\u015f, \u201c1958-1979 y\u0131llar\u0131 aras\u0131nda Irak\u2019ta yap\u0131lan h\u00fck\u00fcmet darbelerinin T\u00fcrkiye\u2019deki yank\u0131lar\u0131\u201d ba\u015fl\u0131kl\u0131 tezini savunarak 2008 y\u0131l\u0131nda mezun olmu\u015ftur. Doktora e\u011fitimini Marmara \u00dcniversitesi\/Sosyal Bilimler Enstit\u00fcs\u00fc\u2019nde Muhasebe Finansman program\u0131nda tamamlam\u0131\u015f ve \u201cFinansal krizin i\u015fletmelerde muhasebe sistemi \u00fczerine etkileri\u201d ba\u015fl\u0131kl\u0131 tezi ile hem T\u00fcrkiye\u2019deki hem de d\u00fcnyadaki finansal krizleri incelemi\u015ftir.<\/p>\n<p>Akademik hayat\u0131 boyunca \u00f6zellikle uluslararas\u0131 politik ekonomi, end\u00fcstri 4.0 ve yapay zeka, petrol boru hatlar\u0131 ve enerji ba\u011f\u0131ml\u0131l\u0131\u011f\u0131, yeni k\u00fcreselle\u015fme, politik risk, siyasal istikrar ve ekonomik kalk\u0131nma ikilisi, Balkanlar, uluslararas\u0131 ticaret ve \u00fcretim, K\u0131br\u0131s, Karadeniz ve b\u00f6lgeselle\u015fme, g\u00fcvenlik ve k\u00fcresel y\u00f6neti\u015fim gibi konularda \u00e7al\u0131\u015fmalar yapm\u0131\u015ft\u0131r.<\/p>\n<p>Ayr\u0131ca 2015 y\u0131l\u0131nda Marmara \u00dcniversitesi\/Uluslararas\u0131 Politik \u0130ktisat Anabilim Dal\u0131 Ba\u015fkan\u0131 olan Arzu AL; 2017 y\u0131l\u0131nda Marmara \u00dcniversitesi\/Uluslararas\u0131 \u0130li\u015fkiler B\u00f6l\u00fcm\u00fc\/ B\u00f6l\u00fcm Ba\u015fkan Yard\u0131mc\u0131s\u0131 olarak atanm\u0131\u015ft\u0131r. 2018 y\u0131l\u0131nda Marmara \u00dcniversitesi\/Siyasal Bilgiler Fak\u00fcltesi\u2019nde Dekan Yard\u0131mc\u0131s\u0131 olarak g\u00f6rev yapm\u0131\u015f ve 2019 y\u0131l\u0131nda Do\u00e7ent olmu\u015ftur.<\/p>\n<p style=\"text-align: center;\"><a href=\"https:\/\/tesam.org.tr\/wp-content\/uploads\/2025\/07\/8.png\"><img decoding=\"async\" loading=\"lazy\" class=\"alignnone size-medium wp-image-6300\" src=\"https:\/\/tesam.org.tr\/wp-content\/uploads\/2025\/07\/8-300x300.png\" alt=\"\" width=\"300\" height=\"300\" srcset=\"https:\/\/tesam.org.tr\/wp-content\/uploads\/2025\/07\/8-300x300.png 300w, https:\/\/tesam.org.tr\/wp-content\/uploads\/2025\/07\/8-150x150.png 150w, https:\/\/tesam.org.tr\/wp-content\/uploads\/2025\/07\/8-768x768.png 768w, https:\/\/tesam.org.tr\/wp-content\/uploads\/2025\/07\/8-12x12.png 12w, https:\/\/tesam.org.tr\/wp-content\/uploads\/2025\/07\/8-55x55.png 55w, https:\/\/tesam.org.tr\/wp-content\/uploads\/2025\/07\/8.png 1080w\" sizes=\"(max-width: 300px) 100vw, 300px\" \/><\/a><\/p>\n<p style=\"margin: 0cm 0cm 0.0001pt; text-align: center;\"><strong>Do\u00e7. Dr. Levent Ersin ORALLI (Ankara Hac\u0131 Bayram Veli \u00dcniversitesi)<\/strong><br \/>\nY\u00fcksek \u0130sti\u015fare Heyeti \u00dcyesi<\/p>\n<p>2002 y\u0131l\u0131nda Gazi \u00dcniversitesi\u2019nden mezun oldu. 2002-2004 y\u0131llar\u0131 aras\u0131nda Ankara \u00dcniversitesi y\u00fcksek lisans, 2004-2010 y\u0131llar\u0131 aras\u0131nda da Gazi \u00dcniversitesi\u2019nde doktora \u00e7al\u0131\u015fmalar\u0131n\u0131 tamamlad\u0131. 2003-2004 y\u0131llar\u0131 aras\u0131nda Kopenhag \u00dcniversitesinde (University of Copenhagen) bilimsel \u00e7al\u0131\u015fmalar y\u00fcr\u00fctt\u00fc. 2005 y\u0131l\u0131nda Gazi \u00dcniversitesi\u2019nde akademik hayat\u0131na ba\u015flad\u0131.<\/p>\n<p>2010 y\u0131l\u0131nda Doktoras\u0131n\u0131 tamamlad\u0131ktan sonra \u00e7e\u015fitli kitap ve dergilerde Kamu Hukuku, Devletler Hukuku, \u0130nsan Haklar\u0131 Hukuku, T\u00fcrk d\u0131\u015f politikas\u0131, demokrasi ve sivil toplum konular\u0131n\u0131 i\u015fleyen T\u00fcrk\u00e7e ve \u0130ngilizce makaleleri bulunan Levent Ersin Orall\u0131, \u00e7ok say\u0131da televizyon ve radyo program\u0131nda g\u00fcncel hukuksal ve siyasi s\u00fcre\u00e7lerle ilgili de\u011ferlendirmelerde bulunmaktad\u0131r.<\/p>\n<p>Levent Ersin Orall\u0131, Ankara Hac\u0131 Bayram Veli \u00dcniversitesi\u2019nde \u00f6\u011fretim \u00fcyesi olarak&nbsp; devam etmektedir. \u0130ngilizce ve Danca bilmektedir.<\/p>\n<p><a href=\"https:\/\/tesam.org.tr\/wp-content\/uploads\/2025\/07\/9.png\"><img decoding=\"async\" loading=\"lazy\" class=\"size-medium wp-image-6301 aligncenter\" src=\"https:\/\/tesam.org.tr\/wp-content\/uploads\/2025\/07\/9-300x300.png\" alt=\"\" width=\"300\" height=\"300\" srcset=\"https:\/\/tesam.org.tr\/wp-content\/uploads\/2025\/07\/9-300x300.png 300w, https:\/\/tesam.org.tr\/wp-content\/uploads\/2025\/07\/9-150x150.png 150w, https:\/\/tesam.org.tr\/wp-content\/uploads\/2025\/07\/9-768x768.png 768w, https:\/\/tesam.org.tr\/wp-content\/uploads\/2025\/07\/9-12x12.png 12w, https:\/\/tesam.org.tr\/wp-content\/uploads\/2025\/07\/9-55x55.png 55w, https:\/\/tesam.org.tr\/wp-content\/uploads\/2025\/07\/9.png 1080w\" sizes=\"(max-width: 300px) 100vw, 300px\" \/><\/a><\/p>\n<p style=\"text-align: center;\"><strong>Dr. Y\u0131ld\u0131r\u0131m DEN\u0130Z (TESAM \u0130dari \u0130\u015fl. Sor. Ba\u015fkan Yard\u0131mc\u0131s\u0131)<\/strong><br \/>\nY\u00fcksek \u0130sti\u015fare Heyeti \u00dcyesi<\/p>\n<p>Y\u0131ld\u0131r\u0131m DEN\u0130Z, 19 \u015eubat 1979 tarihinde \u0130stanbul\u2019da d\u00fcnyaya gelmi\u015ftir. \u0130lk, orta ve lise e\u011fitimlerini Bursa\u2019da tamamlayan Deniz, lisans e\u011fitimini Ankara \u00dcniversitesi Siyasal Bilgiler Fak\u00fcltesi Siyaset Bilimi ve Kamu Y\u00f6netimi B\u00f6l\u00fcm\u00fc\u2019nde tamamlam\u0131\u015ft\u0131r. Uluda\u011f \u00dcniversitesi\u2019nde Uluslararas\u0131 \u0130li\u015fkiler alan\u0131nda y\u00fcksek lisans yapm\u0131\u015ft\u0131r. Uluda\u011f \u00dcniversitesi\u2019nde Uluslararas\u0131 \u0130li\u015fkiler alan\u0131nda doktoras\u0131n\u0131 tamamlam\u0131\u015ft\u0131r.<\/p>\n<p>2011 y\u0131l\u0131ndan bu yana, \u201cEkonomik, Siyasal ve Stratejik Ara\u015ft\u0131rmalar Merkezi \u2013 TESAM\u201dda \u0130dari \u0130\u015flerden Sorumlu Ba\u015fkan Yard\u0131mc\u0131l\u0131\u011f\u0131 g\u00f6revini y\u00fcr\u00fctmektedir. Bug\u00fcne kadar bir\u00e7ok konferans, panel, TV Program\u0131 ve seminerlere kat\u0131lm\u0131\u015f, dersler vermi\u015ftir. Ayn\u0131 zamanda TESAM Akademi dergisinin TESAM ad\u0131na imtiyaz sahibidir. \u00c7al\u0131\u015fma alanlar\u0131 T\u00fcrk D\u0131\u015f Politikas\u0131, Orta Do\u011fu ve Orta Asya \u00e7al\u0131\u015fmalar\u0131d\u0131r.<\/p>","protected":false},"excerpt":{"rendered":"<p>&nbsp; &nbsp; &nbsp; Dr. \u0130lyas BOZKURT (TESAM Kurucu Genel Ba\u015fkan\u0131) Dr. \u0130lyas Bozkurt, yenilik\u00e7i projeler ve liderlik anlay\u0131\u015f\u0131yla toplum i\u00e7in b\u00fcy\u00fck katk\u0131lar sunmaktad\u0131r. Misyonumuz, s\u00fcrd\u00fcr\u00fclebilir \u00e7\u00f6z\u00fcmler \u00fcretmek ve toplumu daha iyi bir gelece\u011fe ta\u015f\u0131makt\u0131r. Dr. Bozkurt, gen\u00e7lerin potansiyelini ortaya \u00e7\u0131karma ve e\u011fitimle de\u011fi\u015fimi destekleme konular\u0131nda b\u00fcy\u00fck bir tutkuyla \u00e7al\u0131\u015fmaktad\u0131r. Ayr\u0131ca sosyal sorumluluk projelerine verdi\u011fi \u00f6nem, &#8230;<\/p>","protected":false},"author":1,"featured_media":0,"parent":0,"menu_order":0,"comment_status":"closed","ping_status":"closed","template":"","meta":{"ngg_post_thumbnail":0},"_links":{"self":[{"href":"https:\/\/tesam.org.tr\/en\/wp-json\/wp\/v2\/pages\/1651"}],"collection":[{"href":"https:\/\/tesam.org.tr\/en\/wp-json\/wp\/v2\/pages"}],"about":[{"href":"https:\/\/tesam.org.tr\/en\/wp-json\/wp\/v2\/types\/page"}],"author":[{"embeddable":true,"href":"https:\/\/tesam.org.tr\/en\/wp-json\/wp\/v2\/users\/1"}],"replies":[{"embeddable":true,"href":"https:\/\/tesam.org.tr\/en\/wp-json\/wp\/v2\/comments?post=1651"}],"version-history":[{"count":26,"href":"https:\/\/tesam.org.tr\/en\/wp-json\/wp\/v2\/pages\/1651\/revisions"}],"predecessor-version":[{"id":6530,"href":"https:\/\/tesam.org.tr\/en\/wp-json\/wp\/v2\/pages\/1651\/revisions\/6530"}],"wp:attachment":[{"href":"https:\/\/tesam.org.tr\/en\/wp-json\/wp\/v2\/media?parent=1651"}],"curies":[{"name":"wp","href":"https:\/\/api.w.org\/{rel}","templated":true}]}}