{"id":1652,"date":"2018-03-28T13:02:42","date_gmt":"2018-03-28T10:02:42","guid":{"rendered":"https:\/\/tesam.org.tr\/?page_id=1652"},"modified":"2025-03-27T15:34:40","modified_gmt":"2025-03-27T12:34:40","slug":"danisma-kurulu","status":"publish","type":"page","link":"https:\/\/tesam.org.tr\/en\/danisma-kurulu\/","title":{"rendered":"Dan\u0131\u015fma Kurulu"},"content":{"rendered":"<style type='text\/css'>\n            #gallery-1 {\n                margin: auto;\n            }\n            #gallery-1 .gallery-item {\n                float: left;\n                margin-top: 10px;\n                text-align: center;\n                width: 33%;           }\n            #gallery-1 img {\n                border: 2px solid #cfcfcf;\n            }\n            #gallery-1 .gallery-caption {\n                margin-left: 0;\n            }\n        <\/style>\n        <!-- see gallery_shortcode() in wp-includes\/media.php -->\n        <div id='gallery-1' class='gallery-images gallery galleryid-1652'><dl class='gallery-item'>\n            <dt class='gallery-icon'>\n                <a href='https:\/\/tesam.org.tr\/wp-content\/uploads\/2019\/04\/Kutluk-Ka\u011fan-s\u00fcmer-300x300.png'><img width=\"300\" height=\"300\" src=\"https:\/\/tesam.org.tr\/wp-content\/uploads\/2019\/04\/Kutluk-Ka\u011fan-s\u00fcmer-300x300.png\" class=\"attachment-medium size-medium\" alt=\"\" decoding=\"async\" loading=\"lazy\" srcset=\"https:\/\/tesam.org.tr\/wp-content\/uploads\/2019\/04\/Kutluk-Ka\u011fan-s\u00fcmer-300x300.png 300w, https:\/\/tesam.org.tr\/wp-content\/uploads\/2019\/04\/Kutluk-Ka\u011fan-s\u00fcmer-300x300-150x150.png 150w, https:\/\/tesam.org.tr\/wp-content\/uploads\/2019\/04\/Kutluk-Ka\u011fan-s\u00fcmer-300x300-55x55.png 55w\" sizes=\"(max-width: 300px) 100vw, 300px\" \/><\/a>\n            <\/dt>\n                <dd class='gallery-caption'>\n                Prof. Dr. Kutluk Ka\u011fan S\u00dcMER\u00a0(\u0130stanbul \u00dcniversitesi) \/ Ekonomi Ara\u015ft\u0131rmalar\u0131\n                <\/dd><\/dl><dl class='gallery-item'>\n            <dt class='gallery-icon'>\n                <a href='https:\/\/tesam.org.tr\/wp-content\/uploads\/2019\/04\/Mehmet-Y\u00fcce.jpg'><img width=\"283\" height=\"283\" src=\"https:\/\/tesam.org.tr\/wp-content\/uploads\/2019\/04\/Mehmet-Y\u00fcce.jpg\" class=\"attachment-medium size-medium\" alt=\"\" decoding=\"async\" loading=\"lazy\" srcset=\"https:\/\/tesam.org.tr\/wp-content\/uploads\/2019\/04\/Mehmet-Y\u00fcce.jpg 283w, https:\/\/tesam.org.tr\/wp-content\/uploads\/2019\/04\/Mehmet-Y\u00fcce-150x150.jpg 150w, https:\/\/tesam.org.tr\/wp-content\/uploads\/2019\/04\/Mehmet-Y\u00fcce-55x55.jpg 55w\" sizes=\"(max-width: 283px) 100vw, 283px\" \/><\/a>\n            <\/dt>\n                <dd class='gallery-caption'>\n                Prof. Dr. Mehmet Y\u00fcce (Uluda\u011f \u00dcniversitesi) \/ Ekonomi Ara\u015ft\u0131rmalar\u0131\n                <\/dd><\/dl><dl class='gallery-item'>\n            <dt class='gallery-icon'>\n                <a href='https:\/\/tesam.org.tr\/wp-content\/uploads\/2019\/04\/Mehmet-Ery\u0131lmaz1-300x300.png'><img width=\"300\" height=\"300\" src=\"https:\/\/tesam.org.tr\/wp-content\/uploads\/2019\/04\/Mehmet-Ery\u0131lmaz1-300x300.png\" class=\"attachment-medium size-medium\" alt=\"\" decoding=\"async\" loading=\"lazy\" srcset=\"https:\/\/tesam.org.tr\/wp-content\/uploads\/2019\/04\/Mehmet-Ery\u0131lmaz1-300x300.png 300w, https:\/\/tesam.org.tr\/wp-content\/uploads\/2019\/04\/Mehmet-Ery\u0131lmaz1-300x300-150x150.png 150w, https:\/\/tesam.org.tr\/wp-content\/uploads\/2019\/04\/Mehmet-Ery\u0131lmaz1-300x300-55x55.png 55w\" sizes=\"(max-width: 300px) 100vw, 300px\" \/><\/a>\n            <\/dt>\n                <dd class='gallery-caption'>\n                Prof. Dr. Mehmet ERYILMAZ\u00a0(Uluda\u011f \u00dcniversitesi) \/ Ekonomi Ara\u015ft\u0131rmalar\u0131\n                <\/dd><\/dl><br style=\"clear: both\" \/><dl class='gallery-item'>\n            <dt class='gallery-icon'>\n                <a href='https:\/\/tesam.org.tr\/wp-content\/uploads\/2019\/04\/Sema-Ay-300x300.png'><img width=\"300\" height=\"300\" src=\"https:\/\/tesam.org.tr\/wp-content\/uploads\/2019\/04\/Sema-Ay-300x300.png\" class=\"attachment-medium size-medium\" alt=\"\" decoding=\"async\" loading=\"lazy\" srcset=\"https:\/\/tesam.org.tr\/wp-content\/uploads\/2019\/04\/Sema-Ay-300x300.png 300w, https:\/\/tesam.org.tr\/wp-content\/uploads\/2019\/04\/Sema-Ay-300x300-150x150.png 150w, https:\/\/tesam.org.tr\/wp-content\/uploads\/2019\/04\/Sema-Ay-300x300-55x55.png 55w\" sizes=\"(max-width: 300px) 100vw, 300px\" \/><\/a>\n            <\/dt>\n                <dd class='gallery-caption'>\n                Prof. Dr. Sema AY\u00a0(Uluda\u011f \u00dcniversitesi) \/ Ekonomi Ara\u015ft\u0131rmalar\u0131\n                <\/dd><\/dl><dl class='gallery-item'>\n            <dt class='gallery-icon'>\n                <a href='https:\/\/tesam.org.tr\/wp-content\/uploads\/2019\/04\/Hilal-Y\u0131ld\u0131r\u0131r-Keser.jpg'><img width=\"283\" height=\"283\" src=\"https:\/\/tesam.org.tr\/wp-content\/uploads\/2019\/04\/Hilal-Y\u0131ld\u0131r\u0131r-Keser.jpg\" class=\"attachment-medium size-medium\" alt=\"\" decoding=\"async\" loading=\"lazy\" srcset=\"https:\/\/tesam.org.tr\/wp-content\/uploads\/2019\/04\/Hilal-Y\u0131ld\u0131r\u0131r-Keser.jpg 283w, https:\/\/tesam.org.tr\/wp-content\/uploads\/2019\/04\/Hilal-Y\u0131ld\u0131r\u0131r-Keser-150x150.jpg 150w, https:\/\/tesam.org.tr\/wp-content\/uploads\/2019\/04\/Hilal-Y\u0131ld\u0131r\u0131r-Keser-55x55.jpg 55w\" sizes=\"(max-width: 283px) 100vw, 283px\" \/><\/a>\n            <\/dt>\n                <dd class='gallery-caption'>\n                Prof. Dr. Hilal YILDIRIR KESER (Bursa Teknik \u00dcniversitesi) \/ Ekonomi Ara\u015ft\u0131rmalar\u0131 \n                <\/dd><\/dl><dl class='gallery-item'>\n            <dt class='gallery-icon'>\n                <a href='https:\/\/tesam.org.tr\/wp-content\/uploads\/2019\/04\/Turgay-M\u00fcnyas.jpg'><img width=\"142\" height=\"142\" src=\"https:\/\/tesam.org.tr\/wp-content\/uploads\/2019\/04\/Turgay-M\u00fcnyas.jpg\" class=\"attachment-medium size-medium\" alt=\"\" decoding=\"async\" loading=\"lazy\" srcset=\"https:\/\/tesam.org.tr\/wp-content\/uploads\/2019\/04\/Turgay-M\u00fcnyas.jpg 142w, https:\/\/tesam.org.tr\/wp-content\/uploads\/2019\/04\/Turgay-M\u00fcnyas-55x55.jpg 55w\" sizes=\"(max-width: 142px) 100vw, 142px\" \/><\/a>\n            <\/dt>\n                <dd class='gallery-caption'>\n                Do\u00e7. Dr. Turgay M\u00dcNYAS (\u0130stanbul Okan \u00dcniversitesi) \/ Ekonomi Ara\u015ft\u0131rmalar\u0131\n                <\/dd><\/dl><br style=\"clear: both\" \/>\n            <br style='clear: both;' \/>\n        <\/div>\n\n<p>&nbsp;<\/p>\n\n        <style type='text\/css'>\n            #gallery-2 {\n                margin: auto;\n            }\n            #gallery-2 .gallery-item {\n                float: left;\n                margin-top: 10px;\n                text-align: center;\n                width: 33%;           }\n            #gallery-2 img {\n                border: 2px solid #cfcfcf;\n            }\n            #gallery-2 .gallery-caption {\n                margin-left: 0;\n            }\n        <\/style>\n        <!-- see gallery_shortcode() in wp-includes\/media.php -->\n        <div id='gallery-2' class='gallery-images gallery galleryid-1652'><dl class='gallery-item'>\n            <dt class='gallery-icon'>\n                <a href='https:\/\/tesam.org.tr\/wp-content\/uploads\/2019\/04\/bekir-parlak.jpg'><img width=\"283\" height=\"283\" src=\"https:\/\/tesam.org.tr\/wp-content\/uploads\/2019\/04\/bekir-parlak.jpg\" class=\"attachment-medium size-medium\" alt=\"\" decoding=\"async\" loading=\"lazy\" srcset=\"https:\/\/tesam.org.tr\/wp-content\/uploads\/2019\/04\/bekir-parlak.jpg 283w, https:\/\/tesam.org.tr\/wp-content\/uploads\/2019\/04\/bekir-parlak-150x150.jpg 150w, https:\/\/tesam.org.tr\/wp-content\/uploads\/2019\/04\/bekir-parlak-55x55.jpg 55w\" sizes=\"(max-width: 283px) 100vw, 283px\" \/><\/a>\n            <\/dt>\n                <dd class='gallery-caption'>\n                \u00a0Prof. Dr. Bekir PARLAK (Uluda\u011f \u00dcniversitesi) \/ Kamu Y\u00f6netimi Ara\u015ft\u0131rmalar\u0131\n                <\/dd><\/dl><dl class='gallery-item'>\n            <dt class='gallery-icon'>\n                <a href='https:\/\/tesam.org.tr\/wp-content\/uploads\/2019\/04\/\u00f6nder-kutlu.jpg'><img width=\"283\" height=\"283\" src=\"https:\/\/tesam.org.tr\/wp-content\/uploads\/2019\/04\/\u00f6nder-kutlu.jpg\" class=\"attachment-medium size-medium\" alt=\"\" decoding=\"async\" loading=\"lazy\" srcset=\"https:\/\/tesam.org.tr\/wp-content\/uploads\/2019\/04\/\u00f6nder-kutlu.jpg 283w, https:\/\/tesam.org.tr\/wp-content\/uploads\/2019\/04\/\u00f6nder-kutlu-150x150.jpg 150w, https:\/\/tesam.org.tr\/wp-content\/uploads\/2019\/04\/\u00f6nder-kutlu-55x55.jpg 55w\" sizes=\"(max-width: 283px) 100vw, 283px\" \/><\/a>\n            <\/dt>\n                <dd class='gallery-caption'>\n                Prof. Dr. \u00d6nder KUTLU (Necmettin Erbakan \u00dcniversitesi) \/ Kamu Y\u00f6netimi Ara\u015ft\u0131rmalar\u0131\n                <\/dd><\/dl><dl class='gallery-item'>\n            <dt class='gallery-icon'>\n                <a href='https:\/\/tesam.org.tr\/wp-content\/uploads\/2019\/04\/ahmret-\u00f6zkiraz.jpg'><img width=\"283\" height=\"283\" src=\"https:\/\/tesam.org.tr\/wp-content\/uploads\/2019\/04\/ahmret-\u00f6zkiraz.jpg\" class=\"attachment-medium size-medium\" alt=\"\" decoding=\"async\" loading=\"lazy\" srcset=\"https:\/\/tesam.org.tr\/wp-content\/uploads\/2019\/04\/ahmret-\u00f6zkiraz.jpg 283w, https:\/\/tesam.org.tr\/wp-content\/uploads\/2019\/04\/ahmret-\u00f6zkiraz-150x150.jpg 150w, https:\/\/tesam.org.tr\/wp-content\/uploads\/2019\/04\/ahmret-\u00f6zkiraz-55x55.jpg 55w\" sizes=\"(max-width: 283px) 100vw, 283px\" \/><\/a>\n            <\/dt>\n                <dd class='gallery-caption'>\n                Prof. Dr. Ahmet \u00d6ZK\u0130RAZ (Tokat Gaziosmanpa\u015fa \u00dcniversitesi) \/ Kamu Y\u00f6netimi Ara\u015ft\u0131rmalar\u0131\n                <\/dd><\/dl><br style=\"clear: both\" \/><dl class='gallery-item'>\n            <dt class='gallery-icon'>\n                <a href='https:\/\/tesam.org.tr\/wp-content\/uploads\/2019\/04\/Hamza-ate\u015f.jpg'><img width=\"283\" height=\"283\" src=\"https:\/\/tesam.org.tr\/wp-content\/uploads\/2019\/04\/Hamza-ate\u015f.jpg\" class=\"attachment-medium size-medium\" alt=\"\" decoding=\"async\" loading=\"lazy\" srcset=\"https:\/\/tesam.org.tr\/wp-content\/uploads\/2019\/04\/Hamza-ate\u015f.jpg 283w, https:\/\/tesam.org.tr\/wp-content\/uploads\/2019\/04\/Hamza-ate\u015f-150x150.jpg 150w, https:\/\/tesam.org.tr\/wp-content\/uploads\/2019\/04\/Hamza-ate\u015f-55x55.jpg 55w\" sizes=\"(max-width: 283px) 100vw, 283px\" \/><\/a>\n            <\/dt>\n                <dd class='gallery-caption'>\n                \u00a0Prof. Dr. Hamza ATE\u015e (\u0130stanbul Medeniyet \u00dcniversitesi) \/ Kamu Y\u00f6netimi Ara\u015ft\u0131rmalar\u0131\n                <\/dd><\/dl><dl class='gallery-item'>\n            <dt class='gallery-icon'>\n                <a href='https:\/\/tesam.org.tr\/wp-content\/uploads\/2019\/04\/Burak-hamza-eryigit.jpg'><img width=\"283\" height=\"283\" src=\"https:\/\/tesam.org.tr\/wp-content\/uploads\/2019\/04\/Burak-hamza-eryigit.jpg\" class=\"attachment-medium size-medium\" alt=\"\" decoding=\"async\" loading=\"lazy\" srcset=\"https:\/\/tesam.org.tr\/wp-content\/uploads\/2019\/04\/Burak-hamza-eryigit.jpg 283w, https:\/\/tesam.org.tr\/wp-content\/uploads\/2019\/04\/Burak-hamza-eryigit-150x150.jpg 150w, https:\/\/tesam.org.tr\/wp-content\/uploads\/2019\/04\/Burak-hamza-eryigit-55x55.jpg 55w\" sizes=\"(max-width: 283px) 100vw, 283px\" \/><\/a>\n            <\/dt>\n                <dd class='gallery-caption'>\n                Do\u00e7. Dr. Burak Hamza ERY\u0130G\u0130T (Marmara \u00dcniversitesi) \/ Kamu Y\u00f6netimi Ara\u015ft\u0131rmalar\u0131\n                <\/dd><\/dl><dl class='gallery-item'>\n            <dt class='gallery-icon'>\n                <a href='https:\/\/tesam.org.tr\/wp-content\/uploads\/2019\/04\/Ruveyda-K\u0131z\u0131lbo\u011fa-\u00d6zarslan.jpg'><img width=\"142\" height=\"142\" src=\"https:\/\/tesam.org.tr\/wp-content\/uploads\/2019\/04\/Ruveyda-K\u0131z\u0131lbo\u011fa-\u00d6zarslan.jpg\" class=\"attachment-medium size-medium\" alt=\"\" decoding=\"async\" loading=\"lazy\" srcset=\"https:\/\/tesam.org.tr\/wp-content\/uploads\/2019\/04\/Ruveyda-K\u0131z\u0131lbo\u011fa-\u00d6zarslan.jpg 142w, https:\/\/tesam.org.tr\/wp-content\/uploads\/2019\/04\/Ruveyda-K\u0131z\u0131lbo\u011fa-\u00d6zarslan-55x55.jpg 55w\" sizes=\"(max-width: 142px) 100vw, 142px\" \/><\/a>\n            <\/dt>\n                <dd class='gallery-caption'>\n                Do\u00e7. Dr. Ruveyda KIZILBO\u011eA \u00d6ZARSLAN (Marmara \u00dcniversitesi) \/ Kamu Y\u00f6netimi Ara\u015ft\u0131rmalar\u0131\n                <\/dd><\/dl><br style=\"clear: both\" \/>\n            <br style='clear: both;' \/>\n        <\/div>\n\n\n        <style type='text\/css'>\n            #gallery-3 {\n                margin: auto;\n            }\n            #gallery-3 .gallery-item {\n                float: left;\n                margin-top: 10px;\n                text-align: center;\n                width: 33%;           }\n            #gallery-3 img {\n                border: 2px solid #cfcfcf;\n            }\n            #gallery-3 .gallery-caption {\n                margin-left: 0;\n            }\n        <\/style>\n        <!-- see gallery_shortcode() in wp-includes\/media.php -->\n        <div id='gallery-3' class='gallery-images gallery galleryid-1652'><dl class='gallery-item'>\n            <dt class='gallery-icon'>\n                <a href='https:\/\/tesam.org.tr\/wp-content\/uploads\/2019\/04\/Untitled-1-1.jpg'><img width=\"283\" height=\"283\" src=\"https:\/\/tesam.org.tr\/wp-content\/uploads\/2019\/04\/Untitled-1-1.jpg\" class=\"attachment-medium size-medium\" alt=\"\" decoding=\"async\" loading=\"lazy\" srcset=\"https:\/\/tesam.org.tr\/wp-content\/uploads\/2019\/04\/Untitled-1-1.jpg 283w, https:\/\/tesam.org.tr\/wp-content\/uploads\/2019\/04\/Untitled-1-1-150x150.jpg 150w, https:\/\/tesam.org.tr\/wp-content\/uploads\/2019\/04\/Untitled-1-1-55x55.jpg 55w\" sizes=\"(max-width: 283px) 100vw, 283px\" \/><\/a>\n            <\/dt>\n                <dd class='gallery-caption'>\n                Prof. Dr. Do\u011fan \u015eENY\u00dcZ (Uluda\u011f \u00dcniversitesi)  \/ Hukuk Ara\u015ft\u0131rmalar\u0131\n                <\/dd><\/dl><dl class='gallery-item'>\n            <dt class='gallery-icon'>\n                <a href='https:\/\/tesam.org.tr\/wp-content\/uploads\/2019\/04\/Untitled-1.jpg'><img width=\"283\" height=\"283\" src=\"https:\/\/tesam.org.tr\/wp-content\/uploads\/2019\/04\/Untitled-1.jpg\" class=\"attachment-medium size-medium\" alt=\"\" decoding=\"async\" loading=\"lazy\" srcset=\"https:\/\/tesam.org.tr\/wp-content\/uploads\/2019\/04\/Untitled-1.jpg 283w, https:\/\/tesam.org.tr\/wp-content\/uploads\/2019\/04\/Untitled-1-150x150.jpg 150w, https:\/\/tesam.org.tr\/wp-content\/uploads\/2019\/04\/Untitled-1-55x55.jpg 55w\" sizes=\"(max-width: 283px) 100vw, 283px\" \/><\/a>\n            <\/dt>\n                <dd class='gallery-caption'>\n                Do\u00e7. Dr. Levent Ersin ORALLI (Ankara Hac\u0131 Bayram Veli \u00dcniversitesi)  \/ Hukuk Ara\u015ft\u0131rmalar\u0131\n                <\/dd><\/dl>\n            <br style='clear: both;' \/>\n        <\/div>\n\n<p>&nbsp;<\/p>\n\n        <style type='text\/css'>\n            #gallery-4 {\n                margin: auto;\n            }\n            #gallery-4 .gallery-item {\n                float: left;\n                margin-top: 10px;\n                text-align: center;\n                width: 33%;           }\n            #gallery-4 img {\n                border: 2px solid #cfcfcf;\n            }\n            #gallery-4 .gallery-caption {\n                margin-left: 0;\n            }\n        <\/style>\n        <!-- see gallery_shortcode() in wp-includes\/media.php -->\n        <div id='gallery-4' class='gallery-images gallery galleryid-1652'><dl class='gallery-item'>\n            <dt class='gallery-icon'>\n                <a href='https:\/\/tesam.org.tr\/wp-content\/uploads\/2019\/04\/Haydar-\u00c7akmak.jpg'><img width=\"142\" height=\"142\" src=\"https:\/\/tesam.org.tr\/wp-content\/uploads\/2019\/04\/Haydar-\u00c7akmak.jpg\" class=\"attachment-medium size-medium\" alt=\"\" decoding=\"async\" loading=\"lazy\" srcset=\"https:\/\/tesam.org.tr\/wp-content\/uploads\/2019\/04\/Haydar-\u00c7akmak.jpg 142w, https:\/\/tesam.org.tr\/wp-content\/uploads\/2019\/04\/Haydar-\u00c7akmak-55x55.jpg 55w\" sizes=\"(max-width: 142px) 100vw, 142px\" \/><\/a>\n            <\/dt>\n                <dd class='gallery-caption'>\n                Prof. Dr. Haydar \u00c7AMAK (Ankara Hac\u0131 Bayram Veli \u00dcniversitesi) \/ D\u0131\u015f Politika Ara\u015ft\u0131rmalar\u0131\n                <\/dd><\/dl><dl class='gallery-item'>\n            <dt class='gallery-icon'>\n                <a href='https:\/\/tesam.org.tr\/wp-content\/uploads\/2019\/04\/seyfettin-erol.jpg'><img width=\"283\" height=\"283\" src=\"https:\/\/tesam.org.tr\/wp-content\/uploads\/2019\/04\/seyfettin-erol.jpg\" class=\"attachment-medium size-medium\" alt=\"\" decoding=\"async\" loading=\"lazy\" srcset=\"https:\/\/tesam.org.tr\/wp-content\/uploads\/2019\/04\/seyfettin-erol.jpg 283w, https:\/\/tesam.org.tr\/wp-content\/uploads\/2019\/04\/seyfettin-erol-150x150.jpg 150w, https:\/\/tesam.org.tr\/wp-content\/uploads\/2019\/04\/seyfettin-erol-55x55.jpg 55w\" sizes=\"(max-width: 283px) 100vw, 283px\" \/><\/a>\n            <\/dt>\n                <dd class='gallery-caption'>\n                Prof. Dr. M. Seyfettin EROL (Ankara Hac\u0131 Bayram Veli \u00dcniversitesi) \/ D\u0131\u015f Politika Ara\u015ft\u0131rmalar\u0131\n                <\/dd><\/dl><dl class='gallery-item'>\n            <dt class='gallery-icon'>\n                <a href='https:\/\/tesam.org.tr\/wp-content\/uploads\/2019\/04\/ferhat-pirin\u00e7ci.jpg'><img width=\"283\" height=\"283\" src=\"https:\/\/tesam.org.tr\/wp-content\/uploads\/2019\/04\/ferhat-pirin\u00e7ci.jpg\" class=\"attachment-medium size-medium\" alt=\"\" decoding=\"async\" loading=\"lazy\" srcset=\"https:\/\/tesam.org.tr\/wp-content\/uploads\/2019\/04\/ferhat-pirin\u00e7ci.jpg 283w, https:\/\/tesam.org.tr\/wp-content\/uploads\/2019\/04\/ferhat-pirin\u00e7ci-150x150.jpg 150w, https:\/\/tesam.org.tr\/wp-content\/uploads\/2019\/04\/ferhat-pirin\u00e7ci-55x55.jpg 55w\" sizes=\"(max-width: 283px) 100vw, 283px\" \/><\/a>\n            <\/dt>\n                <dd class='gallery-caption'>\n                Prof. Dr. Ferhat P\u0130R\u0130N\u00c7C\u0130 (Uluda\u011f \u00dcniversitesi) \/  D\u0131\u015f Politika Ara\u015ft\u0131rmalar\u0131\n                <\/dd><\/dl><br style=\"clear: both\" \/><dl class='gallery-item'>\n            <dt class='gallery-icon'>\n                <a href='https:\/\/tesam.org.tr\/wp-content\/uploads\/2019\/04\/ali-burak-dar\u0131c\u0131l\u0131.png'><img width=\"173\" height=\"173\" src=\"https:\/\/tesam.org.tr\/wp-content\/uploads\/2019\/04\/ali-burak-dar\u0131c\u0131l\u0131.png\" class=\"attachment-medium size-medium\" alt=\"\" decoding=\"async\" loading=\"lazy\" srcset=\"https:\/\/tesam.org.tr\/wp-content\/uploads\/2019\/04\/ali-burak-dar\u0131c\u0131l\u0131.png 173w, https:\/\/tesam.org.tr\/wp-content\/uploads\/2019\/04\/ali-burak-dar\u0131c\u0131l\u0131-150x150.png 150w, https:\/\/tesam.org.tr\/wp-content\/uploads\/2019\/04\/ali-burak-dar\u0131c\u0131l\u0131-55x55.png 55w\" sizes=\"(max-width: 173px) 100vw, 173px\" \/><\/a>\n            <\/dt>\n                <dd class='gallery-caption'>\n                Do\u00e7. Dr. Ali Burak DARICILI (Bursa Teknik \u00dcniversitesi) \/ D\u0131\u015f Politika Ara\u015ft\u0131rmalar\u0131\n                <\/dd><\/dl>\n            <br style='clear: both;' \/>\n        <\/div>\n\n\n        <style type='text\/css'>\n            #gallery-5 {\n                margin: auto;\n            }\n            #gallery-5 .gallery-item {\n                float: left;\n                margin-top: 10px;\n                text-align: center;\n                width: 33%;           }\n            #gallery-5 img {\n                border: 2px solid #cfcfcf;\n            }\n            #gallery-5 .gallery-caption {\n                margin-left: 0;\n            }\n        <\/style>\n        <!-- see gallery_shortcode() in wp-includes\/media.php -->\n        <div id='gallery-5' class='gallery-images gallery galleryid-1652'><dl class='gallery-item'>\n            <dt class='gallery-icon'>\n                <a href='https:\/\/tesam.org.tr\/wp-content\/uploads\/2019\/04\/Alparslan-Ceylan.jpg'><img width=\"142\" height=\"142\" src=\"https:\/\/tesam.org.tr\/wp-content\/uploads\/2019\/04\/Alparslan-Ceylan.jpg\" class=\"attachment-medium size-medium\" alt=\"\" decoding=\"async\" loading=\"lazy\" srcset=\"https:\/\/tesam.org.tr\/wp-content\/uploads\/2019\/04\/Alparslan-Ceylan.jpg 142w, https:\/\/tesam.org.tr\/wp-content\/uploads\/2019\/04\/Alparslan-Ceylan-55x55.jpg 55w\" sizes=\"(max-width: 142px) 100vw, 142px\" \/><\/a>\n            <\/dt>\n                <dd class='gallery-caption'>\n                Prof. Dr. Alparslan CEYLAN (Atat\u00fcrk \u00dcniversitesi) \/ Tarih Ara\u015ft\u0131rmalar\u0131\n                <\/dd><\/dl><dl class='gallery-item'>\n            <dt class='gallery-icon'>\n                <a href='https:\/\/tesam.org.tr\/wp-content\/uploads\/2019\/04\/Kemalettin-kuzucu.jpg'><img width=\"283\" height=\"283\" src=\"https:\/\/tesam.org.tr\/wp-content\/uploads\/2019\/04\/Kemalettin-kuzucu.jpg\" class=\"attachment-medium size-medium\" alt=\"\" decoding=\"async\" loading=\"lazy\" srcset=\"https:\/\/tesam.org.tr\/wp-content\/uploads\/2019\/04\/Kemalettin-kuzucu.jpg 283w, https:\/\/tesam.org.tr\/wp-content\/uploads\/2019\/04\/Kemalettin-kuzucu-150x150.jpg 150w, https:\/\/tesam.org.tr\/wp-content\/uploads\/2019\/04\/Kemalettin-kuzucu-55x55.jpg 55w\" sizes=\"(max-width: 283px) 100vw, 283px\" \/><\/a>\n            <\/dt>\n                <dd class='gallery-caption'>\n                Prof. Dr. Kemalettin KUZUCU (Marmara \u00dcniversitesi) \/ Tarih Ara\u015ft\u0131rmalar\u0131\n                <\/dd><\/dl><dl class='gallery-item'>\n            <dt class='gallery-icon'>\n                <a href='https:\/\/tesam.org.tr\/wp-content\/uploads\/2019\/04\/Yavuz-G\u00fcna\u015fd\u0131.jpg'><img width=\"142\" height=\"142\" src=\"https:\/\/tesam.org.tr\/wp-content\/uploads\/2019\/04\/Yavuz-G\u00fcna\u015fd\u0131.jpg\" class=\"attachment-medium size-medium\" alt=\"\" decoding=\"async\" loading=\"lazy\" srcset=\"https:\/\/tesam.org.tr\/wp-content\/uploads\/2019\/04\/Yavuz-G\u00fcna\u015fd\u0131.jpg 142w, https:\/\/tesam.org.tr\/wp-content\/uploads\/2019\/04\/Yavuz-G\u00fcna\u015fd\u0131-55x55.jpg 55w\" sizes=\"(max-width: 142px) 100vw, 142px\" \/><\/a>\n            <\/dt>\n                <dd class='gallery-caption'>\n                Do\u00e7. Dr. Yavuz G\u00dcNA\u015eDI (Atat\u00fcrk \u00dcniversitesi) \/ Tarih Ara\u015ft\u0131rmalar\u0131\n                <\/dd><\/dl><br style=\"clear: both\" \/>\n            <br style='clear: both;' \/>\n        <\/div>\n\n\n        <style type='text\/css'>\n            #gallery-6 {\n                margin: auto;\n            }\n            #gallery-6 .gallery-item {\n                float: left;\n                margin-top: 10px;\n                text-align: center;\n                width: 33%;           }\n            #gallery-6 img {\n                border: 2px solid #cfcfcf;\n            }\n            #gallery-6 .gallery-caption {\n                margin-left: 0;\n            }\n        <\/style>\n        <!-- see gallery_shortcode() in wp-includes\/media.php -->\n        <div id='gallery-6' class='gallery-images gallery galleryid-1652'><dl class='gallery-item'>\n            <dt class='gallery-icon'>\n                <a href='https:\/\/tesam.org.tr\/wp-content\/uploads\/2019\/04\/Murat-\u015eent\u00fcrk.jpg'><img width=\"142\" height=\"142\" src=\"https:\/\/tesam.org.tr\/wp-content\/uploads\/2019\/04\/Murat-\u015eent\u00fcrk.jpg\" class=\"attachment-medium size-medium\" alt=\"\" decoding=\"async\" loading=\"lazy\" srcset=\"https:\/\/tesam.org.tr\/wp-content\/uploads\/2019\/04\/Murat-\u015eent\u00fcrk.jpg 142w, https:\/\/tesam.org.tr\/wp-content\/uploads\/2019\/04\/Murat-\u015eent\u00fcrk-55x55.jpg 55w\" sizes=\"(max-width: 142px) 100vw, 142px\" \/><\/a>\n            <\/dt>\n                <dd class='gallery-caption'>\n                Do\u00e7. Dr. Murat \u015eENT\u00dcRK (\u0130stanbul \u00dcniversitesi) \/ Sosyoloji Ara\u015ft\u0131rmalar\u0131\n                <\/dd><\/dl>\n            <br style='clear: both;' \/>\n        <\/div>","protected":false},"excerpt":{"rendered":"<p>&nbsp; &nbsp;<\/p>","protected":false},"author":1,"featured_media":0,"parent":0,"menu_order":0,"comment_status":"closed","ping_status":"closed","template":"","meta":{"ngg_post_thumbnail":0},"_links":{"self":[{"href":"https:\/\/tesam.org.tr\/en\/wp-json\/wp\/v2\/pages\/1652"}],"collection":[{"href":"https:\/\/tesam.org.tr\/en\/wp-json\/wp\/v2\/pages"}],"about":[{"href":"https:\/\/tesam.org.tr\/en\/wp-json\/wp\/v2\/types\/page"}],"author":[{"embeddable":true,"href":"https:\/\/tesam.org.tr\/en\/wp-json\/wp\/v2\/users\/1"}],"replies":[{"embeddable":true,"href":"https:\/\/tesam.org.tr\/en\/wp-json\/wp\/v2\/comments?post=1652"}],"version-history":[{"count":28,"href":"https:\/\/tesam.org.tr\/en\/wp-json\/wp\/v2\/pages\/1652\/revisions"}],"predecessor-version":[{"id":2653,"href":"https:\/\/tesam.org.tr\/en\/wp-json\/wp\/v2\/pages\/1652\/revisions\/2653"}],"wp:attachment":[{"href":"https:\/\/tesam.org.tr\/en\/wp-json\/wp\/v2\/media?parent=1652"}],"curies":[{"name":"wp","href":"https:\/\/api.w.org\/{rel}","templated":true}]}}