{"id":1733,"date":"2018-06-13T14:02:44","date_gmt":"2018-06-13T11:02:44","guid":{"rendered":"https:\/\/tesam.org.tr\/?page_id=1733"},"modified":"2019-01-12T02:38:42","modified_gmt":"2019-01-12T00:38:42","slug":"kongre-2018","status":"publish","type":"page","link":"https:\/\/tesam.org.tr\/en\/kongre-2018\/","title":{"rendered":"Kongre Genel Bilgileri"},"content":{"rendered":"<p style=\"text-align: center;\"><span style=\"color: #000000;\"><strong><img decoding=\"async\" loading=\"lazy\" class=\"aligncenter size-full wp-image-1785\" src=\"https:\/\/tesam.org.tr\/wp-content\/uploads\/2018\/09\/AF\u0130\u015e.jpg\" alt=\"\" width=\"785\" height=\"600\" srcset=\"https:\/\/tesam.org.tr\/wp-content\/uploads\/2018\/09\/AF\u0130\u015e.jpg 785w, https:\/\/tesam.org.tr\/wp-content\/uploads\/2018\/09\/AF\u0130\u015e-300x229.jpg 300w, https:\/\/tesam.org.tr\/wp-content\/uploads\/2018\/09\/AF\u0130\u015e-768x587.jpg 768w\" sizes=\"(max-width: 785px) 100vw, 785px\" \/><\/strong><\/span><\/p>\n<p style=\"text-align: center;\"><strong>&nbsp;III. ULUSLARARASI TESAM SOSYAL B\u0130L\u0130MLER KONGRES\u0130<\/strong><\/p>\n<p style=\"text-align: center;\"><strong>YERELDEN K\u00dcRESELE: T\u00dcRK\u0130YE \u2013 T\u00dcRK D\u00dcNYASI \u0130L\u0130\u015eK\u0130LER\u0130N\u0130N <\/strong><\/p>\n<p style=\"text-align: center;\"><strong>D\u00dcN\u00dc, BUG\u00dcN\u00dc VE YARINI<\/strong><\/p>\n<p><strong>TESAM<\/strong>\u2013Ekonomik Siyasal ve Stratejik Ara\u015ft\u0131rmalar Merkezi ve&nbsp;<strong>Marmara \u00dcniversitesi Siyasal Bilgiler Fak\u00fcltesi<\/strong>&nbsp;ortakl\u0131\u011f\u0131yla 11 &#8211; 13 EK\u0130M 2018 tarihlerinde \u0130stanbul Ba\u011flarba\u015f\u0131 Kongre Merkezi\u2019nde, T\u00fcrkiye ve T\u00fcrk D\u00fcnyas\u0131 \u00fczerine \u00f6nemli konular\u0131n tart\u0131\u015f\u0131laca\u011f\u0131&nbsp;<strong><em>\u201cYERELDEN K\u00dcRESELE: T\u00dcRK\u0130YE \u2013 T\u00dcRK D\u00dcNYASI \u0130L\u0130\u015eK\u0130LER\u0130N\u0130N D\u00dcN\u00dc, BUG\u00dcN\u00dc VE YARINI\u201d<\/em><\/strong>&nbsp;ana ba\u015fl\u0131\u011f\u0131 alt\u0131nda&nbsp;<strong>III. ULUSLARARASI TESAM Sosyal Bilimler Kongresi<\/strong>&nbsp;d\u00fczenlenecektir.<\/p>\n<p><strong><em><u>KONU BA\u015eLIKLARI<\/u><\/em><\/strong><\/p>\n<h4>T\u00fcrkiye \u2013 T\u00fcrk D\u00fcnyas\u0131\u2019nda;<\/h4>\n<h4>Siyasal Sistemler ve \u0130li\u015fkiler<\/h4>\n<ul>\n<li>H\u00fck\u00fcmet Sistemleri ve T\u00fcrk Toplumu<\/li>\n<li>T\u00fcrk D\u00fcnyas\u0131nda Yerel Y\u00f6netim Sistemleri<\/li>\n<li>Merkez-Yerel Kurgusu ve Yeni Aray\u0131\u015flar<\/li>\n<li>T\u00fcrk D\u00fcnyas\u0131nda Demokrasi ve Y\u00f6neti\u015fim<\/li>\n<\/ul>\n<h4>Tarihi, K\u00fclt\u00fcrel \u0130li\u015fkiler ve E\u011fitim<\/h4>\n<ul>\n<li>T\u00fcrk D\u00fcnyas\u0131\u2019n\u0131n Ortak De\u011ferleri ve Eserleri<\/li>\n<li>T\u00fcrk D\u00fcnyas\u0131\u2019n\u0131n Sanat\u0131 ve M\u00fczi\u011fi<\/li>\n<li>T\u00fcrk D\u00fcnyas\u0131\u2019nda Ortak Dil ve Tarih Yaz\u0131m\u0131<\/li>\n<li>Kurulu\u015f Y\u0131l\u0131nda T\u00dcRKSOY<\/li>\n<li>T\u00fcrk D\u00fcnyas\u0131\u2019nda \u0130slam ve M\u00fcsl\u00fcmanlar<\/li>\n<li>T\u00fcrk D\u00fcnyas\u0131\u2019nda \u0130slam: Maturidilik mi Selefilik mi?<\/li>\n<li>T\u00fcrk D\u00fcnyas\u0131 ve Ahmet Yesevi<\/li>\n<li>T\u00fcrk D\u00fcnyas\u0131\u2019nda E\u011fitim ve E\u011fitim Modelleri<\/li>\n<\/ul>\n<h4>Ekonomik \u0130li\u015fkiler<\/h4>\n<ul>\n<li>\u0130pek Yolu ve Ekonomik Meseleler<\/li>\n<li>K\u00fcresel Kriz ve T\u00fcrk D\u00fcnyas\u0131\u2019n\u0131 Olu\u015fturan Devletlere Etkileri ve \u00c7\u00f6z\u00fcm Yollar\u0131<\/li>\n<li>T\u00fcrk D\u00fcnyas\u0131 B\u00f6lge Ekonomisinde T\u00fcrkiye\u2019nin Yeri<\/li>\n<li>T\u00fcrk D\u00fcnyas\u0131\u2019nda Kalk\u0131nma A\u00e7\u0131s\u0131ndan Stratejik F\u0131rsatlar ve Zorluklar<\/li>\n<\/ul>\n<h4>Uluslararas\u0131 \u0130li\u015fkiler<\/h4>\n<ul>\n<li>T\u00fcrk D\u00fcnyas\u0131\u2019n\u0131n Gelece\u011finde \u00dclkelerin Rol\u00fc<\/li>\n<li>Kurulu\u015funun 100. Y\u0131l\u0131nda Azerbaycan ve T\u00fcrkiye \u0130li\u015fkileri<\/li>\n<li>T\u00fcrk D\u00fcnyas\u0131 ve Ortak G\u00fcvenlik Stratejileri<\/li>\n<li>T\u00fcrkiye \u2013 T\u00fcrk D\u00fcnyas\u0131 Aras\u0131nda Askeri ve Teknoloji Payla\u015f\u0131m\u0131<\/li>\n<li>T\u00fcrk D\u00fcnyas\u0131nda Askeri G\u00fcvenlik Sistemlerinde \u0130\u015fbirli\u011fi<\/li>\n<li>G\u00f6\u00e7, S\u0131n\u0131r G\u00fcvenli\u011fi Sorunu ve Tedbirler<\/li>\n<li>T\u00fcrk D\u00fcnyas\u0131 \u0130\u00e7inde G\u00f6\u00e7 Sistemi<\/li>\n<li>T\u00fcrk D\u00fcnyas\u0131 Yeni Kom\u015fuluk Politikalar\u0131<\/li>\n<li>T\u00fcrk D\u00fcnyas\u0131nda Siyasal Birliktelik A\u00e7\u0131s\u0131ndan F\u0131rsatlar ve Zorluklar<\/li>\n<li>Kafkasya\u2019da B\u00f6lgesel Sorunlar ve T\u00fcrkiye\u2019ye Etkileri<\/li>\n<li>Rusya&#8217;daki T\u00fcrk Topluluklar\u0131 ile \u0130li\u015fkiler<\/li>\n<li>\u00c7in Halk Cumhuriyeti S\u0131n\u0131rlar\u0131ndaki T\u00fcrk Topluluklar\u0131 ile \u0130li\u015fkiler<\/li>\n<\/ul>\n<p>Kongreye s\u00f6zl\u00fc sunum ile kat\u0131labilirsiniz.<\/p>\n<p>Kongremizde sunulan yay\u0131n imkanlar\u0131 a\u015fa\u011f\u0131daki gibidir:<\/p>\n<ul>\n<li>\u00d6zetler Kitab\u0131<\/li>\n<li>Bildiriler Kitab\u0131<\/li>\n<li>Ulusal Edit\u00f6rl\u00fc B\u00f6l\u00fcm Yazarl\u0131 Kitap<\/li>\n<li>Uluslararas\u0131 Edit\u00f6rl\u00fc B\u00f6l\u00fcm Yazarl\u0131 Kitap<\/li>\n<li>Hakemli Dergilerde Yay\u0131n<\/li>\n<\/ul>\n<p>Yay\u0131n imkanlar\u0131 hakk\u0131nda detayl\u0131 bilgiyi ekler b\u00f6l\u00fcm\u00fcndeki &#8220;<em>TESAM 2018&nbsp;Kongre \u00c7a\u011fr\u0131 Metni&#8221;<\/em> dosyas\u0131nda bulabilirsiniz.<\/p>\n<p><strong>Yabanc\u0131 Kat\u0131l\u0131mc\u0131:<\/strong>&nbsp;Kongreye Azerbaycan, Makedonya, Kazakistan, \u00d6zbekistan, Rusya ve T\u00fcrkiye\u2019den davetli konu\u015fmac\u0131lar i\u015ftirak edecektir. Kongremiz yeni akademik te\u015fvik y\u00f6netmeli\u011fine uygundur.<\/p>\n<table width=\"649\">\n<tbody>\n<tr>\n<td width=\"237\">ERDO\u011eAN SARA\u00c7<\/td>\n<td width=\"310\">MAKEDONYA T\u00dcRK M\u0130LL\u0130 B\u0130RL\u0130K HAREKET\u0130<\/td>\n<td width=\"102\">MAKEDONYA<\/td>\n<\/tr>\n<tr>\n<td width=\"237\">DO\u00c7. DR. \u0130LSUR NAF\u0130KOV&nbsp;<\/td>\n<td width=\"310\">KAZAN FEDERAL \u00dcN\u0130VERS\u0130TES\u0130<\/td>\n<td width=\"102\">RUSYA<\/td>\n<\/tr>\n<tr>\n<td width=\"237\">PROF. DR. KASIMCAN SAD\u0130KOV<\/td>\n<td width=\"310\">TA\u015eKENT DEVLET \u015eARK\u015e\u0130NASLIK ENST\u0130T\u00dcS\u00dc<\/td>\n<td width=\"102\">\u00d6ZBEK\u0130STAN<\/td>\n<\/tr>\n<tr>\n<td width=\"237\">PROF. DR. MURAT SAB\u0130R<\/td>\n<td width=\"310\">BATI KAZAK\u0130STAN DEVLET \u00dcN\u0130VERS\u0130TES\u0130<\/td>\n<td width=\"102\">KAZAK\u0130STAN<\/td>\n<\/tr>\n<tr>\n<td width=\"237\">PROF. DR. SALAHADD\u0130N HAL\u0130LOV<\/td>\n<td width=\"310\">BAK\u00dc DEVLET \u00dcN\u0130VERS\u0130TES\u0130<\/td>\n<td width=\"102\">AZERBAYCAN<\/td>\n<\/tr>\n<tr>\n<td width=\"237\">PROF. DR. RAM\u0130L KHAYRUTD\u0130NOV<\/td>\n<td width=\"310\">KAZAN FEDERAL \u00dcN\u0130VERS\u0130TES\u0130 \u015eARK\u0130YAT ENST\u0130T\u00dcS\u00dc M\u00dcD\u00dcR\u00dc<\/td>\n<td width=\"102\">RUSYA<\/td>\n<\/tr>\n<\/tbody>\n<\/table>\n<p>*\u0130sme g\u00f6re alfabetik s\u0131rada \/ In alphabetical order by name<\/p>\n<p><strong><em><u>\u00d6NEML\u0130 TAR\u0130HLER<\/u><\/em><\/strong><\/p>\n<table style=\"height: 343px;\" width=\"649\">\n<tbody>\n<tr>\n<td width=\"317\">\n<h4>&nbsp;\u00d6zet G\u00f6nderim Son Tarihi<\/h4>\n<\/td>\n<td width=\"132\">\n<h4>10 Eyl\u00fcl 2018<\/h4>\n<\/td>\n<\/tr>\n<tr>\n<td>\n<h4>Son Bildirim Tarihi<\/h4>\n<\/td>\n<td>\n<h4>17 Eyl\u00fcl 2018<\/h4>\n<\/td>\n<\/tr>\n<tr>\n<td>\n<h4>\u00d6zetler Kitab\u0131n\u0131n ve Program\u0131n\u0131n Yay\u0131mlanmas\u0131<\/h4>\n<\/td>\n<td>\n<h4>24 Eyl\u00fcl 2018<\/h4>\n<\/td>\n<\/tr>\n<tr>\n<td>\n<h4>Kongre Tarihi<\/h4>\n<\/td>\n<td>\n<h4>11-12 Ekim 2018<\/h4>\n<\/td>\n<\/tr>\n<tr>\n<td>\n<h4>Tam Metinlerin G\u00f6nderilmesi<\/h4>\n<\/td>\n<td>\n<h4>09 Kas\u0131m 2018<\/h4>\n<\/td>\n<\/tr>\n<\/tbody>\n<\/table>\n<p>Kongre Dosyalar\u0131na Ula\u015fmak \u0130\u00e7in Linklere T\u0131klay\u0131n\u0131zKongreye kat\u0131lmak isteyen akademisyen ve ara\u015ft\u0131rmac\u0131lar bildirilerini <span style=\"color: #000000;\"><strong><em>tesamcongress@gmail.com<\/em><\/strong><\/span> mail adresine g\u00f6nderebilirler.<\/p>\n<p><span style=\"color: #ff0000;\"><a style=\"color: #ff0000;\" href=\"https:\/\/tesam.org.tr\/wp-content\/uploads\/2018\/10\/III-TESAM-KONGRES\u0130-B\u0130LD\u0130R\u0130-\u00d6ZLER\u0130-K\u0130TABI.pdf\"><strong>Kongre Bildiri \u00d6zleri Kitab\u0131 i\u00e7in T\u0131klay\u0131n\u0131z<\/strong><\/a><\/span><\/p>\n<p><span style=\"color: #ff0000;\"><a style=\"color: #ff0000;\" href=\"https:\/\/tesam.org.tr\/wp-content\/uploads\/2018\/10\/Program-Ak\u0131\u015f-Kitap\u00e7\u0131\u011f\u0131.pdf\"><strong>Kongre Program Kitap\u00e7\u0131\u011f\u0131 i\u00e7in T\u0131klay\u0131n\u0131z<\/strong><\/a><\/span><\/p>\n<p><span style=\"color: #ff0000;\"><a style=\"color: #ff0000;\" href=\"https:\/\/tesam.org.tr\/wp-content\/uploads\/2018\/09\/2018-TESAM-KONGRE-BI\u0307LDI\u0307RI\u0307-LI\u0307STESI\u0307.pdf\"><strong>Kabul Edilen Bildirilerin Listesi i\u00e7in T\u0131klay\u0131n\u0131z<\/strong><\/a><\/span><\/p>\n<p><span style=\"color: #ff0000;\"><strong><a style=\"color: #ff0000;\" href=\"https:\/\/tesam.org.tr\/wp-content\/uploads\/2018\/08\/TESAM-2018-Kongre-\u00c7a\u011fr\u0131-Metni.pdf\">TESAM 2018 Kongre \u00c7a\u011fr\u0131 Metni i\u00e7in T\u0131klay\u0131n\u0131z<\/a><\/strong><\/span><\/p>\n<p><span style=\"color: #ff0000;\"><strong><a style=\"color: #ff0000;\" href=\"https:\/\/tesam.org.tr\/wp-content\/uploads\/2018\/08\/TESAM-2018-Congress-Call-for-Paper.pdf\">Cilck for TESAM 2018 Congress Call for Paper<\/a><\/strong><\/span><\/p>\n<p><span style=\"color: #ff0000;\"><strong><a style=\"color: #ff0000;\" href=\"https:\/\/tesam.org.tr\/wp-content\/uploads\/2018\/09\/O\u0308RNEK-BAS\u0327VURU-FORMU.docx\">\u00d6rnek Ba\u015fvuru Formu i\u00e7in T\u0131klay\u0131n\u0131z<\/a><\/strong><\/span><\/p>\n<p><span style=\"color: #ff0000;\"><strong>Bildiri Tam Metni Yaz\u0131m Kurallar\u0131 i\u00e7in T\u0131klay\u0131n\u0131z<\/strong><\/span><\/p>\n<p><strong><em><u>KONGRE YER\u0130<\/u><\/em><\/strong><\/p>\n<p>Ba\u011flarba\u015f\u0131 Kongre Merkezi<\/p>\n<p>Adres: Selamiali Mah. Gazi Cad. No: 22 Ba\u011flarba\u015f\u0131 \u2013 \u00dcsk\u00fcdar \/ \u0130stanbul<\/p>\n<p>Tel: +90 216 531 30 00 \/ 2221<\/p>\n<p>Ula\u015f\u0131m Bilgileri: \u00dcsk\u00fcdar Meydan\u0131ndan \u00dcmraniye istikametine (Ba\u011flarba\u015f\u0131 caddesi \u00fczerinden) giden t\u00fcm otob\u00fcsler, Kad\u0131k\u00f6y istikametine giden dolmu\u015f taksiler tercih edilebilir.<\/p>","protected":false},"excerpt":{"rendered":"<p>&nbsp;III. ULUSLARARASI TESAM SOSYAL B\u0130L\u0130MLER KONGRES\u0130 YERELDEN K\u00dcRESELE: T\u00dcRK\u0130YE \u2013 T\u00dcRK D\u00dcNYASI \u0130L\u0130\u015eK\u0130LER\u0130N\u0130N D\u00dcN\u00dc, BUG\u00dcN\u00dc VE YARINI TESAM\u2013Ekonomik Siyasal ve Stratejik Ara\u015ft\u0131rmalar Merkezi ve&nbsp;Marmara \u00dcniversitesi Siyasal Bilgiler Fak\u00fcltesi&nbsp;ortakl\u0131\u011f\u0131yla 11 &#8211; 13 EK\u0130M 2018 tarihlerinde \u0130stanbul Ba\u011flarba\u015f\u0131 Kongre Merkezi\u2019nde, T\u00fcrkiye ve T\u00fcrk D\u00fcnyas\u0131 \u00fczerine \u00f6nemli konular\u0131n tart\u0131\u015f\u0131laca\u011f\u0131&nbsp;\u201cYERELDEN K\u00dcRESELE: T\u00dcRK\u0130YE \u2013 T\u00dcRK D\u00dcNYASI \u0130L\u0130\u015eK\u0130LER\u0130N\u0130N D\u00dcN\u00dc, BUG\u00dcN\u00dc VE &#8230;<\/p>","protected":false},"author":1,"featured_media":0,"parent":0,"menu_order":0,"comment_status":"closed","ping_status":"closed","template":"","meta":{"ngg_post_thumbnail":0},"_links":{"self":[{"href":"https:\/\/tesam.org.tr\/en\/wp-json\/wp\/v2\/pages\/1733"}],"collection":[{"href":"https:\/\/tesam.org.tr\/en\/wp-json\/wp\/v2\/pages"}],"about":[{"href":"https:\/\/tesam.org.tr\/en\/wp-json\/wp\/v2\/types\/page"}],"author":[{"embeddable":true,"href":"https:\/\/tesam.org.tr\/en\/wp-json\/wp\/v2\/users\/1"}],"replies":[{"embeddable":true,"href":"https:\/\/tesam.org.tr\/en\/wp-json\/wp\/v2\/comments?post=1733"}],"version-history":[{"count":32,"href":"https:\/\/tesam.org.tr\/en\/wp-json\/wp\/v2\/pages\/1733\/revisions"}],"predecessor-version":[{"id":2308,"href":"https:\/\/tesam.org.tr\/en\/wp-json\/wp\/v2\/pages\/1733\/revisions\/2308"}],"wp:attachment":[{"href":"https:\/\/tesam.org.tr\/en\/wp-json\/wp\/v2\/media?parent=1733"}],"curies":[{"name":"wp","href":"https:\/\/api.w.org\/{rel}","templated":true}]}}