{"id":2296,"date":"2019-01-11T17:07:40","date_gmt":"2019-01-11T15:07:40","guid":{"rendered":"https:\/\/tesam.org.tr\/?page_id=2296"},"modified":"2019-02-15T10:31:27","modified_gmt":"2019-02-15T08:31:27","slug":"tesam-2018-kongre-bildiri-kitabi-yayinlanmistir","status":"publish","type":"page","link":"https:\/\/tesam.org.tr\/en\/tesam-2018-kongre-bildiri-kitabi-yayinlanmistir\/","title":{"rendered":"Kongre Tam Metin Bildiri Kitab\u0131"},"content":{"rendered":"<p><img decoding=\"async\" loading=\"lazy\" class=\"wp-image-2302 alignleft\" src=\"https:\/\/tesam.org.tr\/wp-content\/uploads\/2019\/01\/III-TESAM-KONGRES\u0130-B\u0130LD\u0130R\u0130-\u00d6ZLER\u0130-K\u0130TABI-1-211x300.jpg\" alt=\"\" width=\"296\" height=\"420\" srcset=\"https:\/\/tesam.org.tr\/wp-content\/uploads\/2019\/01\/III-TESAM-KONGRES\u0130-B\u0130LD\u0130R\u0130-\u00d6ZLER\u0130-K\u0130TABI-1-211x300.jpg 211w, https:\/\/tesam.org.tr\/wp-content\/uploads\/2019\/01\/III-TESAM-KONGRES\u0130-B\u0130LD\u0130R\u0130-\u00d6ZLER\u0130-K\u0130TABI-1-768x1090.jpg 768w\" sizes=\"(max-width: 296px) 100vw, 296px\" \/>TESAM\u2013Ekonomik Siyasal ve Stratejik Ara\u015ft\u0131rmalar Merkezi taraf\u0131ndan, Marmara \u00dcniversitesi Siyasal Bilgiler Fak\u00fcltesi\u2019nin ortakl\u0131\u011f\u0131yla 11 &#8211; 13 EK\u0130M 2018 tarihlerinde \u0130stanbul Ba\u011flarba\u015f\u0131 Kongre Merkezi\u2019nde, T\u00fcrkiye ve T\u00fcrk D\u00fcnyas\u0131 \u00fczerine \u00f6nemli konular\u0131n tart\u0131\u015f\u0131ld\u0131\u011f\u0131 \u201cYERELDEN K\u00dcRESELE: T\u00dcRK\u0130YE \u2013 T\u00dcRK D\u00dcNYASI \u0130L\u0130\u015eK\u0130LER\u0130N\u0130N D\u00dcN\u00dc, BUG\u00dcN\u00dc VE YARINI\u201d ana ba\u015fl\u0131\u011f\u0131 alt\u0131nda III. ULUSLARARASI TESAM Sosyal Bilimler Kongresini d\u00fczenlemi\u015f olman\u0131n mutlulu\u011funu ya\u015famaktay\u0131z.<\/p>\n<p><strong>Ba\u011flarba\u015f\u0131 Kongre Merkezi\u2019nde bu y\u0131l \u00fc\u00e7\u00fcnc\u00fcs\u00fcn\u00fc d\u00fczenlemi\u015f oldu\u011fumuz kongremize y\u00fczden fazla yerli ve yabanc\u0131 bilim insan\u0131 ba\u015fvuruda bulunmu\u015ftur. Bilim kurulunda yer alan ba\u015fta T\u00fcrkiye olmak \u00fczere farkl\u0131 \u00fclkeden hocalar\u0131m\u0131z\u0131n yapt\u0131\u011f\u0131 de\u011ferlendirmeler sonucunda, be\u015f farkl\u0131 \u00fclkeden seksenbe\u015f yerli ve yabanc\u0131 bilim insan\u0131n\u0131n ba\u015fvurular\u0131 kabul edilmi\u015ftir.<\/strong><\/p>\n<p><strong><span style=\"color: #ff0000;\"><a style=\"color: #ff0000;\" href=\"https:\/\/tesam.org.tr\/wp-content\/uploads\/2019\/01\/TESAM-2018-KONGRE-Bildiri-Kitab\u0131.pdf\">2018 Kongre Tam Metinler Bildiri Kitab\u0131 \u0130\u00e7in T\u0131klay\u0131n\u0131z<\/a><\/span><\/strong><\/p>\n<p><strong><span style=\"color: #ff0000;\">TAM MET\u0130N B\u0130LD\u0130R\u0130 K\u0130TABI &#8211; \u0130\u00c7\u0130NDEK\u0130LER<\/span><\/strong><\/p>\n<p><a href=\"https:\/\/tesam.org.tr\/wp-content\/uploads\/2019\/01\/KONGRE-2018-JENERI\u0307K.pdf\"><strong>JENER\u0130K<\/strong><\/a><\/p>\n<p><em><strong>Bildirilere ula\u015fmak i\u00e7in a\u015fa\u011f\u0131daki ba\u015fl\u0131klara t\u0131klay\u0131n\u0131z.<div class=\"clear\"><\/div><div class=\"divider\"><\/div><\/strong><\/em><span style=\"color: #000000;\"><strong><a style=\"color: #000000;\" href=\"https:\/\/tesam.org.tr\/wp-content\/uploads\/2019\/01\/ABULFEZ-SU\u0308LEYMANOV.pdf\">K\u00fclt\u00fcrler Aras\u0131 Rekabet ve Milletle\u015fme S\u00fcreci Ba\u011flam\u0131nda T\u00fcrk Cumhuriyetlerinin Temel Meseleleri<\/a><\/strong><\/span><\/p>\n<p class=\"p2\"><i>The Fundamental Issues of Turkic Republics in the context of Cross-Cultural Competition and Process of Nationalization<\/i><\/p>\n<p class=\"p1\"><b><\/b><b>Abulfez<\/b> <b>S\u00dcLEYMANOV<div class=\"clear\"><\/div><div class=\"divider\"><\/div><\/b><b><\/b><strong><a href=\"https:\/\/tesam.org.tr\/wp-content\/uploads\/2019\/01\/ARZU-AL-O\u0308MER-C\u0327AKIR.pdf\">2023 Yolunda T\u00fcrkiye \u2013 T\u00fcrki Cumhuriyetler \u0130li\u015fkilerinde Siyasal Birliktelik ve Kalk\u0131nma A\u00e7\u0131s\u0131ndan Stratejik Temel F\u0131rsatlar ve Zorluklar<\/a><\/strong><i> <\/i><\/p>\n<p class=\"p2\"><i>Strategic Basic Opportunities and Challenges in Terms of Political Unity and Development in Turkey \u2013 Turk Republics Relations on the Way to 2023<\/i><\/p>\n<p class=\"p1\"><b>Arzu AL &#8211;&nbsp;<\/b><b>\u00d6mer \u00c7AKIR<div class=\"clear\"><\/div><div class=\"divider\"><\/div><\/b><strong><a href=\"https:\/\/tesam.org.tr\/wp-content\/uploads\/2019\/01\/AZI\u0307ZE-SERAP-TUNC\u0327ER.pdf\">T\u00fcrk D\u00fcnyas\u0131 Edebiyat\u0131nda \u00c7evre Ve Kent K\u00fclt\u00fcr\u00fc \u00d6geleri<\/a><\/strong><\/p>\n<p class=\"p1\"><i>Nature and Urban Culture Items in Turkish World Literature<\/i><\/p>\n<p class=\"p1\"><b>Azize Serap TUN\u00c7ER<div class=\"clear\"><\/div><div class=\"divider\"><\/div><\/b><strong><a href=\"https:\/\/tesam.org.tr\/wp-content\/uploads\/2019\/02\/BARIS\u0327-DOSTER.pdf\">T\u00fcrk D\u00fcnyas\u0131 Avrasya\u2019da G\u00fc\u00e7 Merkezi Olu\u015fturabilir Mi?<\/a><\/strong><\/p>\n<p class=\"p2\"><i>Can the Turkish World Create a Power Center in Eurasia?<\/i><\/p>\n<p class=\"p1\"><b>Bar\u0131\u015f DOSTER<\/b><strong><a href=\"https:\/\/tesam.org.tr\/wp-content\/uploads\/2019\/01\/BURAK-HAMZA-ERYI\u0307G\u0306I\u0307T-I\u0307BRAHI\u0307M-RUSTAMLI\u0307.pdf\"><div class=\"clear\"><\/div><div class=\"divider\"><\/div> Sivil Toplum Kurulu\u015flar\u0131\u2019n\u0131n Azerbaycan\u2019da Geli\u015fimi<\/a><\/strong><\/p>\n<p class=\"p2\"><i>Development of Civil Society Organizations in Azerbaijan<\/i><\/p>\n<p class=\"p1\"><b>Burak Hamza ERY\u0130\u011e\u0130T &#8211;&nbsp;<\/b><b>\u0130brahim RUSTAML\u0130<div class=\"clear\"><\/div><div class=\"divider\"><\/div><\/b><strong><a href=\"https:\/\/tesam.org.tr\/wp-content\/uploads\/2019\/01\/BEKI\u0307R-PARLAK.pdf\">Azerbaycan\u2019da Kamu Y\u00f6netimi ve Yerel Y\u00f6netimler: Yap\u0131sal, \u0130\u015flevsel ve Kar\u015f\u0131la\u015ft\u0131rmal\u0131 Analiz<\/a><\/strong><\/p>\n<p class=\"p2\"><i>Public Administration and Local Governments in Azerbaijan: Structural, Functional and Comparative Analysis<\/i><\/p>\n<p class=\"p1\"><b>Bekir PARLAK<div class=\"clear\"><\/div><div class=\"divider\"><\/div><\/b><strong><a href=\"https:\/\/tesam.org.tr\/wp-content\/uploads\/2019\/01\/CEZMI\u0307-ERARSLAN.pdf\">Atat\u00fcrk\u2019\u00fcn T\u00fcrk D\u00fcnyas\u0131n\u0131n Meselelerine Bak\u0131\u015f\u0131<\/a><\/strong><\/p>\n<p class=\"p2\"><i>Atat\u00fcrk\u2019s Perspective on Turkish World Issues<\/i><\/p>\n<p class=\"p1\"><b>Cezmi ERASLAN<div class=\"clear\"><\/div><div class=\"divider\"><\/div><\/b><strong><a href=\"https:\/\/tesam.org.tr\/wp-content\/uploads\/2019\/01\/ELI\u0307F-KARAKURT-TOSUN.pdf\">T\u00fcrk Ba\u015fkentlerindeki Y\u00f6netsel Sistemin ve K\u00fclt\u00fcrel Yap\u0131n\u0131n Analizi<\/a><\/strong><\/p>\n<p class=\"p2\"><i>The Management System and the Cultural Structure in the Turkish Capitals<\/i><\/p>\n<p class=\"p1\"><b>Elif KARAKURT TOSUN<div class=\"clear\"><\/div><div class=\"divider\"><\/div><\/b><strong><a href=\"https:\/\/tesam.org.tr\/wp-content\/uploads\/2019\/01\/GU\u0308LBEYAZ-KARAKUS\u0327.pdf\">T\u00fcrk Siyas\u00ee D\u00fc\u015f\u00fcncesinde Me\u015fruiyet Kayna\u011f\u0131 Olarak M\u00e2tur\u00eed\u00eelik<\/a><\/strong><\/p>\n<p class=\"p2\"><i>Maturidite as a Constitutionalism Source in Turkish Political Thought<\/i><\/p>\n<p class=\"p1\"><b>G\u00fclbeyaz KARAKU\u015e<div class=\"clear\"><\/div><div class=\"divider\"><\/div><\/b><strong><a href=\"https:\/\/tesam.org.tr\/wp-content\/uploads\/2019\/01\/HAYDAR-C\u0327AKMAK.pdf\">Akdeniz \u0130\u00e7in Birlik ve T\u00fcrkiye\u2019nin Rol\u00fc<\/a><\/strong><\/p>\n<p class=\"p2\"><i>Turkey\u2019s Role in the Union for Med\u0131terranean<\/i><\/p>\n<p class=\"p1\"><b>Haydar \u00c7AKMAK<div class=\"clear\"><\/div><div class=\"divider\"><\/div><\/b><strong><a href=\"https:\/\/tesam.org.tr\/wp-content\/uploads\/2019\/01\/I\u0307BRAHI\u0307M-GU\u0308MU\u0308S\u0327.pdf\">T\u00fcrksoy ve T\u00fcrk D\u00fcnyas\u0131 Halk Edebiyat\u0131<\/a><\/strong><\/p>\n<p class=\"p2\"><i>T\u00dcRKSOY and Turkish World Folklore<\/i><\/p>\n<p class=\"p1\"><b>\u0130brahim G\u00dcM\u00dc\u015e<div class=\"clear\"><\/div><div class=\"divider\"><\/div><\/b><strong><a href=\"https:\/\/tesam.org.tr\/wp-content\/uploads\/2019\/01\/I\u0307BRAHI\u0307M-TELLI\u0307OG\u0306LU.pdf\">Kafkasya\u2019da B\u00fcy\u00fck G\u00fc\u00e7lerin N\u00fcfuz M\u00fccadelesi ve T\u00fcrkiye<\/a><\/strong><\/p>\n<p class=\"p2\"><i>The Struggle of Great Powers in Caucasus and Turkey<\/i><\/p>\n<p class=\"p1\"><b>\u0130brahim TELL\u0130O\u011eLU<div class=\"clear\"><\/div><div class=\"divider\"><\/div><\/b><strong><a href=\"https:\/\/tesam.org.tr\/wp-content\/uploads\/2019\/01\/KAMER-KASIM.pdf\">T\u00fcrkiye-T\u00fcrk Cumhuriyetleri \u0130li\u015fkilerinde Yeni D\u00f6nemin Parametreleri<\/a><\/strong><\/p>\n<p class=\"p2\"><i>The Parameters of New Era in Turkey &#8211; Turkic Republics\u2019 Relations<\/i><\/p>\n<p class=\"p1\"><b>Kamer KASIM<div class=\"clear\"><\/div><div class=\"divider\"><\/div><\/b><strong><a href=\"https:\/\/tesam.org.tr\/wp-content\/uploads\/2019\/01\/KASIMCAN-SADI\u0307KOV.pdf\">Bilge Ka\u011fan\u2019a Ait Yarl\u0131\u011f\u0131n Unvan\u0131 ve Onun T\u00fcrk Vesikalar\u0131 Tarihindeki Yeri<\/a><\/strong><\/p>\n<p class=\"p6\"><i>The Foundation of the Name of Bilge Paper and the Place of His Turkish Vesicas<\/i><\/p>\n<p class=\"p5\"><b>Kas\u0131mcan SADIKOV<div class=\"clear\"><\/div><div class=\"divider\"><\/div><\/b><strong><a href=\"https:\/\/tesam.org.tr\/wp-content\/uploads\/2019\/01\/KUTLUK-KAG\u0306AN-SU\u0308MER.pdf\">Yabanc\u0131 Sermaye Giri\u015fi ve D\u0131\u015f Ticaret A\u00e7\u0131s\u0131ndan T\u00fcrk Cumhuriyetlerinin Sekt\u00f6rel De\u011ferlendirilmesi<\/a><\/strong><\/p>\n<p class=\"p6\"><i>Sectoral Evaluation of<span class=\"Apple-converted-space\">&nbsp; <\/span>Turkish Republics of Foreign Investment and Foreign Trade<\/i><\/p>\n<p class=\"p5\"><b>Kutluk Ka\u011fan S\u00dcMER<div class=\"clear\"><\/div><div class=\"divider\"><\/div><\/b><strong><a href=\"https:\/\/tesam.org.tr\/wp-content\/uploads\/2019\/01\/MEHMET-EVKURAN.pdf\">T\u00fcrk D\u00fcnyas\u0131n\u0131n Teolojik Kimli\u011fi \u00dczerine -K\u00fclt\u00fcr-Teoloji \u0130li\u015fkileri Ba\u011flam\u0131nda Bir Tart\u0131\u015fma-<\/a><\/strong><\/p>\n<p class=\"p6\"><i>On the Theological Identity of the Turkish World- A Discussion in the Context of Cultural-Theological Relations-<\/i><\/p>\n<p class=\"p5\"><b>Mehmet EVKURAN<div class=\"clear\"><\/div><div class=\"divider\"><\/div><\/b><strong><a href=\"https:\/\/tesam.org.tr\/wp-content\/uploads\/2019\/01\/MEHMET-SEYFETTI\u0307N-EROL.pdf\">Avrasya\u2019n\u0131n De\u011fi\u015fen Jeopoliti\u011finde T\u00fcrk D\u00fcnyas\u0131 ve T\u00fcrkiye: Nas\u0131l Bir Gelecek?<\/a><\/strong><\/p>\n<p class=\"p6\"><i>What Kind of a Future for the Turkish World and Turkey in the Ever-Changing Geopolitics of Eurasia<\/i><\/p>\n<p class=\"p5\"><b>Mehmet Seyfettin EROL<div class=\"clear\"><\/div><div class=\"divider\"><\/div><\/b><strong><a href=\"https:\/\/tesam.org.tr\/wp-content\/uploads\/2019\/01\/MERAL-BALCI-CEREN-ECE-GO\u0308CEN.pdf\">S\u0131n\u0131r \u00d6tesi Operasyonlar\u0131n Politik Ekonomisi: F\u0131rat Kalkan\u0131 Harek\u00e2t\u0131 \u00d6rne\u011fi<\/a><\/strong><\/p>\n<p class=\"p6\"><i>Political Economy of Cross-Border Operations: Example of Operation Euphrates Shield<\/i><\/p>\n<p class=\"p5\"><b>Meral BALCI &#8211;&nbsp;<\/b><b>Ceren Ece G\u00d6CEN<div class=\"clear\"><\/div><div class=\"divider\"><\/div><\/b><strong><a href=\"https:\/\/tesam.org.tr\/wp-content\/uploads\/2019\/01\/MURAT-SABI\u0307R.pdf\">Kutb\u2019un H\u00fcsrev \u00fc \u015eirin Mesnevisinin Dilindeki T\u00fcrk\u00e7e Kelimelerin Leksik-Semantik Gruplar\u0131<\/a><\/strong><\/p>\n<p class=\"p6\"><i>The Lexical-Semantic Groups of the Turkic Words of the Kutb\u2019s poem \u201cHusrau ua Shirin\u201d<\/i><\/p>\n<p class=\"p5\"><b>Murat SABIR<div class=\"clear\"><\/div><div class=\"divider\"><\/div><\/b><strong><a href=\"https:\/\/tesam.org.tr\/wp-content\/uploads\/2019\/01\/MUSTAFA-YILDIRIM.pdf\">K\u00fclt\u00fcrs\u00fcz M\u00fcsl\u00fcmanl\u0131k<\/a><\/strong><\/p>\n<p class=\"p2\"><i>Uncultivated Islamism<\/i><\/p>\n<p class=\"p8\"><b>Mustafa YILDIRIM<div class=\"clear\"><\/div><div class=\"divider\"><\/div><\/b><strong><a href=\"https:\/\/tesam.org.tr\/wp-content\/uploads\/2019\/01\/MUZAFFER-ERCAN-YILMAZ.pdf\">So\u011fuk Sava\u015f\u2019\u0131n Ard\u0131ndan T\u00fcrkiye \u2013 Eski Sovyet T\u00fcrk Cumhuriyetleri \u0130li\u015fkileri<\/a><\/strong><\/p>\n<p class=\"p2\"><i>Turkey and Former Soviet Turkish Republics Relations After the End of the Cold War <\/i><\/p>\n<p class=\"p1\"><b>Muzaffer Ercan YILMAZ<div class=\"clear\"><\/div><div class=\"divider\"><\/div><\/b><strong><a href=\"https:\/\/tesam.org.tr\/wp-content\/uploads\/2019\/01\/OLGA-RADOVA.pdf\">Gagauz T\u00fcrklerinin Tarihi \u0130le K\u00fclt\u00fcr Miraslar\u0131<span class=\"Apple-converted-space\">&nbsp; <\/span>Balkan Yar\u0131madas\u0131\u2019nda, Bucak\u2019ta Ve Di\u011fer Yerlerde<\/a><\/strong><\/p>\n<p class=\"p10\"><i>The History of Gagauz Turks and Cultural Heritage in the Balkan Peninsula, Bucak and other Places<\/i><\/p>\n<p class=\"p1\"><b> Olga RADOVA<div class=\"clear\"><\/div><div class=\"divider\"><\/div><\/b><strong><a href=\"https:\/\/tesam.org.tr\/wp-content\/uploads\/2019\/01\/SIDDIK-KORKMAZ.pdf\">T\u00fcrk D\u00fcnyas\u0131n\u0131 Birle\u015ftiren Unsurlar<\/a><\/strong><\/p>\n<p class=\"p2\"><i>Elements of Combining the Turkish World<\/i><\/p>\n<p class=\"p1\"><b>S\u0131dd\u0131k KORKMAZ<div class=\"clear\"><\/div><div class=\"divider\"><\/div><\/b><strong><a href=\"https:\/\/tesam.org.tr\/wp-content\/uploads\/2019\/01\/S\u0327AFAK-OG\u0306UZ.pdf\">Nuclear Adventure of Kazakhstan<\/a><\/strong><\/p>\n<p class=\"p2\"><i>Kazakistan\u2019\u0131n N\u00fckleer Maceras\u0131<\/i><\/p>\n<p class=\"p1\"><b>\u015eafak O\u011eUZ<div class=\"clear\"><\/div><div class=\"divider\"><\/div><\/b><strong><a href=\"https:\/\/tesam.org.tr\/wp-content\/uploads\/2019\/01\/YES\u0327I\u0307M-DEMI\u0307R.pdf\">T\u00fcrk Cumhuriyetlerinde \u0130\u015fbirli\u011fi ve Ayr\u0131\u015fmalar<\/a><\/strong><\/p>\n<p class=\"p2\"><i>The Cooperation and Disintegration Disputes \u0130n The Turkish Republics<\/i><\/p>\n<p class=\"p1\"><b>Ye\u015fim DEM\u0130R<\/b><\/p>","protected":false},"excerpt":{"rendered":"<p>TESAM\u2013Ekonomik Siyasal ve Stratejik Ara\u015ft\u0131rmalar Merkezi taraf\u0131ndan, Marmara \u00dcniversitesi Siyasal Bilgiler Fak\u00fcltesi\u2019nin ortakl\u0131\u011f\u0131yla 11 &#8211; 13 EK\u0130M 2018 tarihlerinde \u0130stanbul Ba\u011flarba\u015f\u0131 Kongre Merkezi\u2019nde, T\u00fcrkiye ve T\u00fcrk D\u00fcnyas\u0131 \u00fczerine \u00f6nemli konular\u0131n tart\u0131\u015f\u0131ld\u0131\u011f\u0131 \u201cYERELDEN K\u00dcRESELE: T\u00dcRK\u0130YE \u2013 T\u00dcRK D\u00dcNYASI \u0130L\u0130\u015eK\u0130LER\u0130N\u0130N D\u00dcN\u00dc, BUG\u00dcN\u00dc VE YARINI\u201d ana ba\u015fl\u0131\u011f\u0131 alt\u0131nda III. ULUSLARARASI TESAM Sosyal Bilimler Kongresini d\u00fczenlemi\u015f olman\u0131n mutlulu\u011funu ya\u015famaktay\u0131z. &#8230;<\/p>","protected":false},"author":1,"featured_media":0,"parent":0,"menu_order":0,"comment_status":"closed","ping_status":"closed","template":"","meta":{"ngg_post_thumbnail":0},"_links":{"self":[{"href":"https:\/\/tesam.org.tr\/en\/wp-json\/wp\/v2\/pages\/2296"}],"collection":[{"href":"https:\/\/tesam.org.tr\/en\/wp-json\/wp\/v2\/pages"}],"about":[{"href":"https:\/\/tesam.org.tr\/en\/wp-json\/wp\/v2\/types\/page"}],"author":[{"embeddable":true,"href":"https:\/\/tesam.org.tr\/en\/wp-json\/wp\/v2\/users\/1"}],"replies":[{"embeddable":true,"href":"https:\/\/tesam.org.tr\/en\/wp-json\/wp\/v2\/comments?post=2296"}],"version-history":[{"count":28,"href":"https:\/\/tesam.org.tr\/en\/wp-json\/wp\/v2\/pages\/2296\/revisions"}],"predecessor-version":[{"id":2303,"href":"https:\/\/tesam.org.tr\/en\/wp-json\/wp\/v2\/pages\/2296\/revisions\/2303"}],"wp:attachment":[{"href":"https:\/\/tesam.org.tr\/en\/wp-json\/wp\/v2\/media?parent=2296"}],"curies":[{"name":"wp","href":"https:\/\/api.w.org\/{rel}","templated":true}]}}