{"id":2693,"date":"2019-09-17T17:22:06","date_gmt":"2019-09-17T14:22:06","guid":{"rendered":"https:\/\/tesam.org.tr\/?page_id=2693"},"modified":"2019-09-17T17:22:40","modified_gmt":"2019-09-17T14:22:40","slug":"onemli-tarihler","status":"publish","type":"page","link":"https:\/\/tesam.org.tr\/en\/onemli-tarihler\/","title":{"rendered":"\u00d6nemli Tarihler"},"content":{"rendered":"<h3>&nbsp;<\/h3>\n<table width=\"1006\">\n<tbody>\n<tr>\n<td width=\"486\"><strong><em>\u00d6zet G\u00f6nderim Son Tarihi<\/em><\/strong><\/td>\n<td width=\"64\"><strong><em>&nbsp;<\/em><\/strong><\/td>\n<td width=\"456\">27 Ekim 2019<\/td>\n<\/tr>\n<tr>\n<td width=\"486\"><strong><em>Kabul edilen bildirilerin ilan\u0131<\/em><\/strong><\/td>\n<td width=\"64\"><strong><em>&nbsp;<\/em><\/strong><\/td>\n<td width=\"456\">30 Ekim 2019<\/td>\n<\/tr>\n<tr>\n<td width=\"486\"><strong><em>\u00d6zetler Kitab\u0131n\u0131n ve Program\u0131n\u0131n Yay\u0131mlanmas\u0131<\/em><\/strong><\/td>\n<td width=\"64\"><strong><em>&nbsp;<\/em><\/strong><\/td>\n<td width=\"456\">31 Ekim 2019<\/td>\n<\/tr>\n<tr>\n<td width=\"486\"><strong><em>Tam Metinlerin G\u00f6nderilmesi<\/em><\/strong><\/td>\n<td width=\"64\">&nbsp;<\/td>\n<td width=\"456\">27 Ekim 2019<\/td>\n<\/tr>\n<tr>\n<td width=\"486\"><strong><em>Kongre Tarihi<\/em><\/strong><\/td>\n<td width=\"64\"><strong><em>&nbsp;<\/em><\/strong><\/td>\n<td width=\"456\">6-7 Kas\u0131m 2019<\/td>\n<\/tr>\n<\/tbody>\n<\/table>","protected":false},"excerpt":{"rendered":"<p>&nbsp; \u00d6zet G\u00f6nderim Son Tarihi &nbsp; 27 Ekim 2019 Kabul edilen bildirilerin ilan\u0131 &nbsp; 30 Ekim 2019 \u00d6zetler Kitab\u0131n\u0131n ve Program\u0131n\u0131n Yay\u0131mlanmas\u0131 &nbsp; 31 Ekim 2019 Tam Metinlerin G\u00f6nderilmesi &nbsp; 27 Ekim 2019 Kongre Tarihi &nbsp; 6-7 Kas\u0131m 2019<\/p>","protected":false},"author":1,"featured_media":0,"parent":0,"menu_order":0,"comment_status":"closed","ping_status":"closed","template":"","meta":{"ngg_post_thumbnail":0},"_links":{"self":[{"href":"https:\/\/tesam.org.tr\/en\/wp-json\/wp\/v2\/pages\/2693"}],"collection":[{"href":"https:\/\/tesam.org.tr\/en\/wp-json\/wp\/v2\/pages"}],"about":[{"href":"https:\/\/tesam.org.tr\/en\/wp-json\/wp\/v2\/types\/page"}],"author":[{"embeddable":true,"href":"https:\/\/tesam.org.tr\/en\/wp-json\/wp\/v2\/users\/1"}],"replies":[{"embeddable":true,"href":"https:\/\/tesam.org.tr\/en\/wp-json\/wp\/v2\/comments?post=2693"}],"version-history":[{"count":1,"href":"https:\/\/tesam.org.tr\/en\/wp-json\/wp\/v2\/pages\/2693\/revisions"}],"predecessor-version":[{"id":2696,"href":"https:\/\/tesam.org.tr\/en\/wp-json\/wp\/v2\/pages\/2693\/revisions\/2696"}],"wp:attachment":[{"href":"https:\/\/tesam.org.tr\/en\/wp-json\/wp\/v2\/media?parent=2693"}],"curies":[{"name":"wp","href":"https:\/\/api.w.org\/{rel}","templated":true}]}}