{"id":2697,"date":"2019-09-17T17:23:19","date_gmt":"2019-09-17T14:23:19","guid":{"rendered":"https:\/\/tesam.org.tr\/?page_id=2697"},"modified":"2019-09-27T12:08:34","modified_gmt":"2019-09-27T09:08:34","slug":"kurullar","status":"publish","type":"page","link":"https:\/\/tesam.org.tr\/en\/kurullar\/","title":{"rendered":"Kurullar"},"content":{"rendered":"<table width=\"1006\">\n<tbody>\n<tr>\n<td width=\"486\"><strong><em><u>ONUR KURULU<\/u><\/em><\/strong><\/td>\n<td width=\"64\">&nbsp;<\/td>\n<td width=\"456\">&nbsp;<\/td>\n<\/tr>\n<tr>\n<td width=\"486\">&nbsp;<\/td>\n<td width=\"64\">&nbsp;<\/td>\n<td width=\"456\">&nbsp;<\/td>\n<\/tr>\n<tr>\n<td width=\"486\"><strong>M. \u0130lyas BOZKURT<\/strong><\/td>\n<td width=\"64\"><strong>&nbsp;<\/strong><\/td>\n<td width=\"456\"><em>TESAM<\/em><\/td>\n<\/tr>\n<tr>\n<td width=\"486\"><strong>Prof. Dr. Hasan K\u00d6N\u0130<\/strong><\/td>\n<td width=\"64\"><strong>&nbsp;<\/strong><\/td>\n<td width=\"456\"><em>\u0130stanbul K\u00fclt\u00fcr \u00dcniversitesi<\/em><\/td>\n<\/tr>\n<tr>\n<td width=\"486\"><strong>Prof. Dr. Ferudun YILMAZ<\/strong><\/td>\n<td width=\"64\"><strong>&nbsp;<\/strong><\/td>\n<td width=\"456\"><em>Uluda\u011f \u00dcniversitesi<\/em><\/td>\n<\/tr>\n<tr>\n<td width=\"486\"><strong>Prof. Dr. Ahmet Zeki \u00dcNAL<\/strong><\/td>\n<td width=\"64\"><strong>&nbsp;<\/strong><\/td>\n<td width=\"456\"><em>Bursa Teknik \u00dcniversitesi<\/em><\/td>\n<\/tr>\n<tr>\n<td width=\"486\"><strong>Prof. Dr. \u0130lyas TOPSAKAL<\/strong><\/td>\n<td width=\"64\"><strong>&nbsp;<\/strong><\/td>\n<td width=\"456\"><em>\u0130stanbul \u00dcniversitesi<\/em><\/td>\n<\/tr>\n<tr>\n<td width=\"486\">&nbsp;<\/td>\n<td width=\"64\">&nbsp;<\/td>\n<td width=\"456\">&nbsp;<\/td>\n<\/tr>\n<tr>\n<td width=\"486\"><strong><em><u>D\u00dcZENLEME KURULU<\/u><\/em><\/strong><\/td>\n<td width=\"64\"><strong>&nbsp;<\/strong><\/td>\n<td width=\"456\"><em>&nbsp;<\/em><\/td>\n<\/tr>\n<tr>\n<td width=\"486\">&nbsp;<\/td>\n<td width=\"64\">&nbsp;<\/td>\n<td width=\"456\">&nbsp;<\/td>\n<\/tr>\n<tr>\n<td width=\"486\"><strong>Do\u00e7. Dr. Sema AY<\/strong><\/td>\n<td width=\"64\">TR<\/td>\n<td width=\"456\"><em>Uluda\u011f \u00dcniversitesi<\/em><\/td>\n<\/tr>\n<tr>\n<td width=\"486\"><strong>Do\u00e7. Dr. Hilal YILDIRIR KESER<\/strong><\/td>\n<td width=\"64\">TR<\/td>\n<td width=\"456\"><em>Bursa Teknik \u00dcniversitesi<\/em><\/td>\n<\/tr>\n<tr>\n<td width=\"486\"><strong>Y\u0131ld\u0131r\u0131m DEN\u0130Z<\/strong><\/td>\n<td width=\"64\">TR<\/td>\n<td width=\"456\"><em>TESAM<\/em><\/td>\n<\/tr>\n<tr>\n<td width=\"486\"><strong>Muhammet AYDO\u011eAN<\/strong><\/td>\n<td width=\"64\">TR&nbsp;<\/td>\n<td width=\"456\"><em>TESAM<\/em><\/td>\n<\/tr>\n<tr>\n<td width=\"486\"><strong>&nbsp;<\/strong><\/td>\n<td width=\"64\"><strong>&nbsp;<\/strong><\/td>\n<td width=\"456\"><em>&nbsp;<\/em><\/td>\n<\/tr>\n<tr>\n<td width=\"486\"><strong><em><u>B\u0130L\u0130M KURULU<\/u><\/em><\/strong><\/td>\n<td width=\"64\">&nbsp;<\/td>\n<td width=\"456\">&nbsp;<\/td>\n<\/tr>\n<tr>\n<td width=\"486\"><strong>Ahmet Ulvi T\u00dcRKBA\u011e<\/strong><\/td>\n<td width=\"64\">TR<\/td>\n<td width=\"456\"><em>Galatasaray \u00dcniversitesi<\/em><\/td>\n<\/tr>\n<tr>\n<td width=\"486\"><strong>Ahmet \u00d6ZK\u0130RAZ<\/strong><\/td>\n<td width=\"64\">TR<\/td>\n<td width=\"456\"><em>Gaziosmanpa\u015fa \u00dcniversitesi<\/em><\/td>\n<\/tr>\n<tr>\n<td width=\"486\"><strong>Ahmet YAZICI<\/strong><\/td>\n<td width=\"64\">TR<\/td>\n<td width=\"456\"><em>Bursa Teknik \u00dcniversitesi<\/em><\/td>\n<\/tr>\n<tr>\n<td width=\"486\"><strong>Alparslan CEYLAN<\/strong><\/td>\n<td width=\"64\">TR<\/td>\n<td width=\"456\"><em>Atat\u00fcrk \u00dcniversitesi<\/em><\/td>\n<\/tr>\n<tr>\n<td width=\"486\"><strong>Arzu AL<\/strong><\/td>\n<td width=\"64\">TR<\/td>\n<td width=\"456\"><em>Marmara \u00dcniversitesi<\/em><\/td>\n<\/tr>\n<tr>\n<td width=\"486\"><strong>Atasay \u00d6ZDEM\u0130R<\/strong><\/td>\n<td width=\"64\">TR<\/td>\n<td width=\"456\"><em>Milli Savunma \u00dcniversitesi<\/em><\/td>\n<\/tr>\n<tr>\n<td width=\"486\"><strong>C\u00fcneyt \u00d6Z\u015eAH\u0130N<\/strong><\/td>\n<td width=\"64\">TR<\/td>\n<td width=\"456\"><em>Necmettin Erbakan \u00dcniversitesi<\/em><\/td>\n<\/tr>\n<tr>\n<td width=\"486\"><strong>Bar\u0131\u015f \u00d6ZDAL<\/strong><\/td>\n<td width=\"64\">TR<\/td>\n<td width=\"456\"><em>Uluda\u011f \u00dcniversitesi<\/em><\/td>\n<\/tr>\n<tr>\n<td width=\"486\"><strong>Bilge BUZ ARAS<\/strong><\/td>\n<td width=\"64\">TR<\/td>\n<td width=\"456\"><em>Uluda\u011f \u00dcniversitesi<\/em><\/td>\n<\/tr>\n<tr>\n<td width=\"486\"><strong>Burak Hamza ERY\u0130\u011e\u0130T<\/strong><\/td>\n<td width=\"64\">TR<\/td>\n<td width=\"456\"><em>Marmara \u00dcniversitesi<\/em><\/td>\n<\/tr>\n<tr>\n<td width=\"486\"><strong>Derya HEK\u0130M YILMAZ <\/strong><\/td>\n<td width=\"64\">TR<\/td>\n<td width=\"456\"><em>Uluda\u011f \u00dcniversitesi<\/em><\/td>\n<\/tr>\n<tr>\n<td width=\"486\"><strong>Ferhat P\u0130R\u0130N\u00c7\u00c7\u0130<\/strong><\/td>\n<td width=\"64\">TR<\/td>\n<td width=\"456\"><em>Uluda\u011f \u00dcniversitesi<\/em><\/td>\n<\/tr>\n<tr>\n<td width=\"486\"><strong>Geydarova Gulchin ANSEROVNA<\/strong><\/td>\n<td width=\"64\">KZ<\/td>\n<td width=\"456\"><em>K\u0131z\u0131lorda Korkut Ata Devlet \u00dcniversitesi<\/em><\/td>\n<\/tr>\n<tr>\n<td width=\"486\"><strong>Hamza ATE\u015e<\/strong><\/td>\n<td width=\"64\">TR<\/td>\n<td width=\"456\"><em>\u0130stanbul Medeniyet \u00dcniversitesi<\/em><\/td>\n<\/tr>\n<tr>\n<td width=\"486\"><strong>Hasan K\u00d6N\u0130<\/strong><\/td>\n<td width=\"64\">TR<\/td>\n<td width=\"456\"><em>\u0130stanbul K\u00fclt\u00fcr \u00dcniversitesi<\/em><\/td>\n<\/tr>\n<tr>\n<td width=\"486\"><strong>Hasan ONAT<\/strong><\/td>\n<td width=\"64\">TR<\/td>\n<td width=\"456\"><em>Ankara \u00dcniversitesi<\/em><\/td>\n<\/tr>\n<tr>\n<td width=\"486\"><strong>Haydar \u00c7AKMAK<\/strong><\/td>\n<td width=\"64\">TR<\/td>\n<td width=\"456\"><em>Hac\u0131 Bayram Veli \u00dcniversitesi<\/em><\/td>\n<\/tr>\n<tr>\n<td width=\"486\"><strong>Hilal YILDIRIR KESER<\/strong><\/td>\n<td width=\"64\">TR<\/td>\n<td width=\"456\"><em>Bursa Teknik \u00dcniversitesi<\/em><\/td>\n<\/tr>\n<tr>\n<td width=\"486\"><strong>H\u00fclya KASAPO\u011eLU \u00c7ENGEL<\/strong><\/td>\n<td width=\"64\">TR<\/td>\n<td width=\"456\"><em>Hac\u0131 Bayram Veli \u00dcniversitesi<\/em><\/td>\n<\/tr>\n<tr>\n<td width=\"486\"><strong>\u0130lhami DURMU\u015e<\/strong><\/td>\n<td width=\"64\">TR<\/td>\n<td width=\"456\"><em>Gazi \u00dcniversitesi<\/em><\/td>\n<\/tr>\n<tr>\n<td width=\"486\"><strong>\u0130lsur NAF\u0130KOV<\/strong><\/td>\n<td width=\"64\">RU<\/td>\n<td width=\"456\"><em>Kazan Federal \u00dcniversitesi <\/em><\/td>\n<\/tr>\n<tr>\n<td width=\"486\"><strong>\u0130lyas TOPSAKAL<\/strong><\/td>\n<td width=\"64\">TR<\/td>\n<td width=\"456\"><em>\u0130stanbul \u00dcniversitesi<\/em><\/td>\n<\/tr>\n<tr>\n<td width=\"486\"><strong>\u0130pek Beyza ALTIPARMAK<\/strong><\/td>\n<td width=\"64\">TR<\/td>\n<td width=\"456\"><em>Bursa Teknik \u00dcniversitesi<\/em><\/td>\n<\/tr>\n<tr>\n<td width=\"486\"><strong>Kemal DE\u011eER<\/strong><\/td>\n<td width=\"64\">TR<\/td>\n<td width=\"456\"><em>Karadeniz Teknik \u00dcniversitesi<\/em><\/td>\n<\/tr>\n<tr>\n<td width=\"486\"><strong>Kerim HACIZADE <\/strong><\/td>\n<td width=\"64\">IR<\/td>\n<td width=\"456\"><em>Erdebil \u00dcniversitesi<\/em><\/td>\n<\/tr>\n<tr>\n<td width=\"486\"><strong>Kutluk Ka\u011fan S\u00dcMER<\/strong><\/td>\n<td width=\"64\">TR<\/td>\n<td width=\"456\"><em>\u0130stanbul \u00dcniversitesi<\/em><\/td>\n<\/tr>\n<tr>\n<td width=\"486\"><strong>Levent Ersin ORALLI<\/strong><\/td>\n<td width=\"64\">TR<\/td>\n<td width=\"456\"><em>Hac\u0131 Bayram Veli \u00dcniversitesi<\/em><\/td>\n<\/tr>\n<tr>\n<td width=\"486\"><strong>Lyudmila \u015eERSTOVA<\/strong><\/td>\n<td width=\"64\">RU<\/td>\n<td width=\"456\"><em>Tomsk Devlet \u00dcniversitesi<\/em><\/td>\n<\/tr>\n<tr>\n<td width=\"486\"><strong>Mehmet Ali AYDEM\u0130R<\/strong><\/td>\n<td width=\"64\">TR<\/td>\n<td width=\"456\"><em>Sel\u00e7uk \u00dcniversitesi<\/em><\/td>\n<\/tr>\n<tr>\n<td width=\"486\"><strong>Mehmet \u00c7ELENK<\/strong><\/td>\n<td width=\"64\">TR<\/td>\n<td width=\"456\"><em>Uluda\u011f \u00dcniversitesi<\/em><\/td>\n<\/tr>\n<tr>\n<td width=\"486\"><strong>Mehmet ERYILMAZ<\/strong><\/td>\n<td width=\"64\">TR<\/td>\n<td width=\"456\"><em>Uluda\u011f \u00dcniversitesi<\/em><\/td>\n<\/tr>\n<tr>\n<td width=\"486\"><strong>Mehmet Seyfettin EROL<\/strong><\/td>\n<td width=\"64\">TR<\/td>\n<td width=\"456\"><em>Hac\u0131 Bayram Veli \u00dcniversitesi<\/em><\/td>\n<\/tr>\n<tr>\n<td width=\"486\"><strong>Mehmet Y\u00dcCE<\/strong><\/td>\n<td width=\"64\">TR<\/td>\n<td width=\"456\"><em>Uluda\u011f \u00dcniversitesi<\/em><\/td>\n<\/tr>\n<tr>\n<td width=\"486\"><strong>Metin \u00d6ZDEM\u0130R<\/strong><\/td>\n<td width=\"64\">TR<\/td>\n<td width=\"456\"><em>Uluda\u011f \u00dcniversitesi<\/em><\/td>\n<\/tr>\n<tr>\n<td width=\"486\"><strong>Murat \u015eENT\u00dcRK<\/strong><\/td>\n<td width=\"64\">TR<\/td>\n<td width=\"456\"><em>\u0130stanbul \u00dcniversitesi<\/em><\/td>\n<\/tr>\n<tr>\n<td width=\"486\"><strong>Mustafa YILDIRIM<\/strong><\/td>\n<td width=\"64\">TR<\/td>\n<td width=\"456\"><em>Dokuz Eyl\u00fcl \u00dcniversitesi<\/em><\/td>\n<\/tr>\n<tr>\n<td width=\"486\"><strong>M\u00fc\u015ffika Nazan ARSLANEL<\/strong><\/td>\n<td width=\"64\">TR<\/td>\n<td width=\"456\"><em>Gaziosmanpa\u015fa \u00dcniversitesi<\/em><\/td>\n<\/tr>\n<tr>\n<td width=\"486\"><strong>Muzaffer Ercan YILMAZ<\/strong><\/td>\n<td width=\"64\">TR<\/td>\n<td width=\"456\"><em>Uluda\u011f \u00dcniversitesi<\/em><\/td>\n<\/tr>\n<tr>\n<td width=\"486\"><strong>Nuri KORKMAZ<\/strong><\/td>\n<td width=\"64\">TR<\/td>\n<td width=\"456\"><em>Bursa Teknik \u00dcniversitesi<\/em><\/td>\n<\/tr>\n<tr>\n<td width=\"486\"><strong>Ozan BA\u015eKOL<\/strong><\/td>\n<td width=\"64\">TR<\/td>\n<td width=\"456\"><em>Uluda\u011f \u00dcniversitesi<\/em><\/td>\n<\/tr>\n<tr>\n<td width=\"486\"><strong>\u00d6nder KUTLU<\/strong><\/td>\n<td width=\"64\">TR<\/td>\n<td width=\"456\"><em>Necmettin Erbakan \u00dcniversitesi<\/em><\/td>\n<\/tr>\n<tr>\n<td width=\"486\"><strong>Rinat NAB\u0130EV<\/strong><\/td>\n<td width=\"64\">RU<\/td>\n<td width=\"456\"><em>Kazan Federal \u00dcniversitesi <\/em><\/td>\n<\/tr>\n<tr>\n<td width=\"486\"><strong>R\u00fcveyda KIZILBO\u011eA \u00d6ZASLAN<\/strong><\/td>\n<td width=\"64\">TR<\/td>\n<td width=\"456\"><em>Marmara \u00dcniversitesi<\/em><\/td>\n<\/tr>\n<tr>\n<td width=\"486\"><strong>Sefer A\u015eUROV <\/strong><\/td>\n<td width=\"64\">AZ<\/td>\n<td width=\"456\"><em>Azerbaycan Milli \u0130limler Akademisi<\/em><\/td>\n<\/tr>\n<tr>\n<td width=\"486\"><strong>Sema AY<\/strong><\/td>\n<td width=\"64\">TR<\/td>\n<td width=\"456\"><em>Uluda\u011f \u00dcniversitesi<\/em><\/td>\n<\/tr>\n<tr>\n<td width=\"486\"><strong>Sibel TAN<\/strong><\/td>\n<td width=\"64\">TR<\/td>\n<td width=\"456\"><em>\u00c7anakkale Onsekiz Mart \u00dcniversitesi<\/em><\/td>\n<\/tr>\n<tr>\n<td width=\"486\"><strong>Turgay M\u00dcNYAS<\/strong><\/td>\n<td width=\"64\">TR<\/td>\n<td width=\"456\"><em>Okan \u00dcniversitesi<\/em><\/td>\n<\/tr>\n<tr>\n<td width=\"486\"><strong>Veli BAH\u015eAL\u0130YEV<\/strong><\/td>\n<td width=\"64\">AZ<\/td>\n<td width=\"456\"><em>Azerbaycan Milli \u0130limler Akademisi<\/em><\/td>\n<\/tr>\n<tr>\n<td width=\"486\"><strong>Veysel BOZKURT<\/strong><\/td>\n<td width=\"64\">TR<\/td>\n<td width=\"456\"><em>\u0130stanbul \u00dcniversitesi<\/em><\/td>\n<\/tr>\n<tr>\n<td width=\"486\"><strong>Yavuz G\u00dcNA\u015eDI <\/strong><\/td>\n<td width=\"64\">TR<\/td>\n<td width=\"456\"><em>Atat\u00fcrk \u00dcniversitesi<\/em><\/td>\n<\/tr>\n<tr>\n<td width=\"486\"><strong>Yevgeniya KUZM\u0130NA<\/strong><\/td>\n<td width=\"64\">RU<\/td>\n<td width=\"456\"><em>Novosibirsk Bilimler Akademisi<\/em><\/td>\n<\/tr>\n<tr>\n<td width=\"486\"><strong>Zeki SEVERO\u011eLU<\/strong><\/td>\n<td width=\"64\">TR<\/td>\n<td width=\"456\"><em>Marmara \u00dcniversitesi<\/em><\/td>\n<\/tr>\n<tr>\n<td width=\"486\">&nbsp;<\/td>\n<td width=\"64\">&nbsp;<\/td>\n<td width=\"456\">&nbsp;<\/td>\n<\/tr>\n<tr>\n<td width=\"486\"><strong><em><u>SEKRETARYA<\/u><\/em><\/strong><\/td>\n<td width=\"64\">&nbsp;<\/td>\n<td width=\"456\">&nbsp;<\/td>\n<\/tr>\n<tr>\n<td width=\"486\"><strong>G\u00fcrkan \u00d6Z\u00dcCAN<\/strong><\/td>\n<td width=\"64\"><em>&nbsp;<\/em><\/td>\n<td width=\"456\"><em>TESAM<\/em><\/td>\n<\/tr>\n<\/tbody>\n<\/table>","protected":false},"excerpt":{"rendered":"<p>ONUR KURULU &nbsp; &nbsp; &nbsp; &nbsp; &nbsp; M. \u0130lyas BOZKURT &nbsp; TESAM Prof. Dr. Hasan K\u00d6N\u0130 &nbsp; \u0130stanbul K\u00fclt\u00fcr \u00dcniversitesi Prof. Dr. Ferudun YILMAZ &nbsp; Uluda\u011f \u00dcniversitesi Prof. Dr. Ahmet Zeki \u00dcNAL &nbsp; Bursa Teknik \u00dcniversitesi Prof. Dr. \u0130lyas TOPSAKAL &nbsp; \u0130stanbul \u00dcniversitesi &nbsp; &nbsp; &nbsp; D\u00dcZENLEME KURULU &nbsp; &nbsp; &nbsp; &nbsp; &nbsp; Do\u00e7. Dr. &#8230;<\/p>","protected":false},"author":1,"featured_media":0,"parent":0,"menu_order":0,"comment_status":"closed","ping_status":"closed","template":"","meta":{"ngg_post_thumbnail":0},"_links":{"self":[{"href":"https:\/\/tesam.org.tr\/en\/wp-json\/wp\/v2\/pages\/2697"}],"collection":[{"href":"https:\/\/tesam.org.tr\/en\/wp-json\/wp\/v2\/pages"}],"about":[{"href":"https:\/\/tesam.org.tr\/en\/wp-json\/wp\/v2\/types\/page"}],"author":[{"embeddable":true,"href":"https:\/\/tesam.org.tr\/en\/wp-json\/wp\/v2\/users\/1"}],"replies":[{"embeddable":true,"href":"https:\/\/tesam.org.tr\/en\/wp-json\/wp\/v2\/comments?post=2697"}],"version-history":[{"count":4,"href":"https:\/\/tesam.org.tr\/en\/wp-json\/wp\/v2\/pages\/2697\/revisions"}],"predecessor-version":[{"id":2748,"href":"https:\/\/tesam.org.tr\/en\/wp-json\/wp\/v2\/pages\/2697\/revisions\/2748"}],"wp:attachment":[{"href":"https:\/\/tesam.org.tr\/en\/wp-json\/wp\/v2\/media?parent=2697"}],"curies":[{"name":"wp","href":"https:\/\/api.w.org\/{rel}","templated":true}]}}