{"id":2711,"date":"2019-09-19T16:36:03","date_gmt":"2019-09-19T13:36:03","guid":{"rendered":"https:\/\/tesam.org.tr\/?page_id=2711"},"modified":"2019-09-24T16:22:03","modified_gmt":"2019-09-24T13:22:03","slug":"bildiri-gonderimi","status":"publish","type":"page","link":"https:\/\/tesam.org.tr\/en\/bildiri-gonderimi\/","title":{"rendered":"Bildiri G\u00f6nderimi"},"content":{"rendered":"<h3>\u00d6ZET B\u0130LD\u0130R\u0130 G\u00d6NDERME<\/h3>\n<p>Her kat\u0131l\u0131mc\u0131 ba\u015fvurusunda \u0130ngilizce veya T\u00fcrk\u00e7e bir bildiri \u00f6zeti (en fazla 300 kelime\/2000 karakter) sunmal\u0131d\u0131r.<\/p>\n<p>\u00d6zet bildiriler <strong>tesamcongress@gmail.com<\/strong> \u00fczerinden g\u00f6nderebilirsiniz.<\/p>\n<p>\u00d6zet bildiri son g\u00f6nderim tarihi 27 Ekim 2019\u2019d\u0131r.&nbsp; Faks, posta ya da e-mail ile iletilen ve bu tarihten sonra g\u00f6nderilen bildiriler program ve yay\u0131n i\u00e7in de\u011ferlendirilmeyecektir.<\/p>\n<p>\u00d6zet bildirileri kabul edilen kat\u0131l\u0131mc\u0131lar 30 Ekim 2019 tarihinde bilgilendirileceklerdir.<\/p>\n<h3>TAM MET\u0130N B\u0130LD\u0130R\u0130 G\u00d6NDERME<\/h3>\n<p>Bildiriler word dosyas\u0131 (.doc) olarak e-posta ile <strong>tesamcongress@gmail.com<\/strong> adresine g\u00f6nderilmelidir.<\/p>\n<p>Bilgisayar ortam\u0131nda g\u00f6nderilmeyen tam metin bildiriler de\u011ferlendirmeye al\u0131nmayacakt\u0131r.<\/p>\n<p>Tam metinlerin g\u00f6nderilmesi zorunlu de\u011fildir. 27 Ekim 2019 tarihine kadar tam metni g\u00f6nderilen makaleler kongre sonras\u0131 ISBN&#8217;li E-Book olarak&nbsp; yay\u0131mlanacakt\u0131r.<\/p>\n<h3>TAM MET\u0130N B\u0130LD\u0130R\u0130 G\u00d6NDERME KURALLARI<\/h3>\n<ol>\n<li>Bildiriler \u0130ngilizce ve T\u00fcrk\u00e7e olarak sunulabilir.<\/li>\n<li>Bildiriler A4 (210&#215;297 mm) ka\u011f\u0131d\u0131 \u00f6l\u00e7\u00fcs\u00fcnde, 1.5 aral\u0131k, iki yana yaslanm\u0131\u015f, 12 punto Times New Roman olarak yaz\u0131lmal\u0131d\u0131r.<\/li>\n<li>Kenar \u00f6l\u00e7\u00fcleri soldan 4 cm, sa\u011fdan 2 cm ve de yukar\u0131dan ve a\u015fa\u011f\u0131dan 3 cm olarak ayarlanmal\u0131d\u0131r.<\/li>\n<li>Bildiri ba\u015fl\u0131\u011f\u0131 tek aral\u0131k, ortalanm\u0131\u015f, 14 punto kal\u0131n, t\u00fcm\u00fc b\u00fcy\u00fck harf ve Times New Roman olarak yaz\u0131lmal\u0131d\u0131r.<\/li>\n<li>Bildiri tek aral\u0131k, iki yana yaslanm\u0131\u015f, 12 punto ve Times New Roman olarak haz\u0131rlanm\u0131\u015f 150 kelimeyi ge\u00e7meyen bir \u00f6zet i\u00e7ermelidir.<\/li>\n<li>Bildirinin en ba\u015f\u0131nda yazar(lar)\u0131n ad\u0131 ve soyad\u0131 ile ileti\u015fim bilgilerini i\u00e7eren bir kapak sayfas\u0131 olmal\u0131d\u0131r.<\/li>\n<li>T\u00fcrk\u00e7e sunulan bildirilerde, bildirinin en sonunda en az 750 kelime olacak \u015fekilde bir \u0130ngilizce \u00f6zet verilmelidir.<\/li>\n<li>Tam metin bildiriler; tablolar, \u015fekiller, \u00f6zet ve kaynak\u00e7a dahil 20 sayfay\u0131 ge\u00e7memelidir.<\/li>\n<li>Kaynak g\u00f6sterimi i\u00e7in dipnot kaynak\u00e7a sistemi olan \u201cChicago Manual of Style 16th Edition\u201d (Chicago Stil El Kitab\u0131 16. Bask\u0131) kullan\u0131lmal\u0131d\u0131r. (Bkz. https:\/\/owl.english.purdue.edu\/owl\/resource\/717\/01\/ ), (Bkz. https:\/\/www.youtube.com\/watch?v=w_MURP3_MrU)<\/li>\n<\/ol>\n<a href=\" https:\/\/tesam.org.tr\/wp-content\/uploads\/2019\/09\/2019-Gen\u00e7-Tesam-Kongresi-Ba\u015fvuru-Belgesi.docx\" target=\"_blank\" class=\"shortc-button medium blue\">Tesam Kongre Ba\u015fvuru Belgesi i\u00e7in T\u0131klay\u0131n\u0131z<\/a>","protected":false},"excerpt":{"rendered":"<p>\u00d6ZET B\u0130LD\u0130R\u0130 G\u00d6NDERME Her kat\u0131l\u0131mc\u0131 ba\u015fvurusunda \u0130ngilizce veya T\u00fcrk\u00e7e bir bildiri \u00f6zeti (en fazla 300 kelime\/2000 karakter) sunmal\u0131d\u0131r. \u00d6zet bildiriler tesamcongress@gmail.com \u00fczerinden g\u00f6nderebilirsiniz. \u00d6zet bildiri son g\u00f6nderim tarihi 27 Ekim 2019\u2019d\u0131r.&nbsp; Faks, posta ya da e-mail ile iletilen ve bu tarihten sonra g\u00f6nderilen bildiriler program ve yay\u0131n i\u00e7in de\u011ferlendirilmeyecektir. \u00d6zet bildirileri kabul edilen kat\u0131l\u0131mc\u0131lar 30 &#8230;<\/p>","protected":false},"author":1,"featured_media":0,"parent":0,"menu_order":0,"comment_status":"closed","ping_status":"closed","template":"","meta":{"ngg_post_thumbnail":0},"_links":{"self":[{"href":"https:\/\/tesam.org.tr\/en\/wp-json\/wp\/v2\/pages\/2711"}],"collection":[{"href":"https:\/\/tesam.org.tr\/en\/wp-json\/wp\/v2\/pages"}],"about":[{"href":"https:\/\/tesam.org.tr\/en\/wp-json\/wp\/v2\/types\/page"}],"author":[{"embeddable":true,"href":"https:\/\/tesam.org.tr\/en\/wp-json\/wp\/v2\/users\/1"}],"replies":[{"embeddable":true,"href":"https:\/\/tesam.org.tr\/en\/wp-json\/wp\/v2\/comments?post=2711"}],"version-history":[{"count":5,"href":"https:\/\/tesam.org.tr\/en\/wp-json\/wp\/v2\/pages\/2711\/revisions"}],"predecessor-version":[{"id":2736,"href":"https:\/\/tesam.org.tr\/en\/wp-json\/wp\/v2\/pages\/2711\/revisions\/2736"}],"wp:attachment":[{"href":"https:\/\/tesam.org.tr\/en\/wp-json\/wp\/v2\/media?parent=2711"}],"curies":[{"name":"wp","href":"https:\/\/api.w.org\/{rel}","templated":true}]}}