{"id":2901,"date":"2020-01-07T14:11:57","date_gmt":"2020-01-07T11:11:57","guid":{"rendered":"https:\/\/tesam.org.tr\/?page_id=2901"},"modified":"2020-03-18T14:57:49","modified_gmt":"2020-03-18T11:57:49","slug":"egitim-akademisi-2020","status":"publish","type":"page","link":"https:\/\/tesam.org.tr\/en\/egitim-akademisi-2020\/","title":{"rendered":"E\u011fitim Akademisi (2020) &#8211; &#8220;Z Ku\u015fa\u011f\u0131na \u00d6\u011fretmen Olmak&#8221; Hakk\u0131nda Bilgiler"},"content":{"rendered":"<h3>Ama\u00e7<\/h3>\n<p>\u00dclkemizdeki mevcut sorunlar\u0131n belki de en \u00f6nceliklisi olarak g\u00f6rd\u00fc\u011f\u00fcm\u00fcz E\u011fitim alan\u0131nda gen\u00e7 \u00f6\u011fretmen ve akademisyen adaylar\u0131n\u0131n daha iyi yeti\u015fmeleri amac\u0131yla bir akademi okulu program\u0131 d\u00fczenlemektir.<\/p>\n<h3>Program\u0131n Temas\u0131<\/h3>\n<p>Z Ku\u015fa\u011f\u0131na \u00d6\u011fretmen Olmak<\/p>\n<h3>Kimler Ba\u015fvurabilir?<\/h3>\n<p>\u00dcniversitelerde lisans&nbsp;veya lisans\u00fcst\u00fc e\u011fitimine devam eden \u00f6\u011frenciler ba\u015fvurabilir. Ayr\u0131ca lisans e\u011fitimini son bir y\u0131l i\u00e7erisinde tamamlam\u0131\u015f ve herhangi bir yerde \u00f6\u011frenci olmayan ki\u015filer de ba\u015fvurulabilir. TESAM kurs adaylar\u0131n\u0131n e\u011fitim konular\u0131na y\u00f6nelik derin bir ilgi ve y\u00fcksek bir motivasyonu olmas\u0131 gerekmektedir. Adaylar\u0131n kurs program\u0131 boyunca sunumlarla ilgili metinlerin ve kitaplar\u0131n okunmas\u0131 te\u015fvik edilmektedir.<\/p>\n<h3>Hangi Alanlardaki \u00d6\u011frenciler Ba\u015fvurabilir?<\/h3>\n<p>Kurs program\u0131na,&nbsp;e\u011fitim fak\u00fcltesi ve fen edebiyat fak\u00fcltesinde okuyan \u00f6\u011frenciler ba\u015fvurabilir.<\/p>\n<h3>Kurs Yeri Neresidir?<\/h3>\n<p>Kurs TESAM\u2019\u0131n <a href=\"https:\/\/tesam.org.tr\/en\/iletisim\/\">Bursa<\/a> Genel Merkez binas\u0131nda ger\u00e7ekle\u015ftirilecektir. Ba\u015fvuru yapan \u00f6\u011frenciler kurs s\u00fcresince kalacaklar\u0131 yeri temin etmekten sorumludur.&nbsp;TESAM kabul edilen \u00f6\u011frencilere herhangi bir bar\u0131nma olana\u011f\u0131 sa\u011flamamaktad\u0131r.<\/p>\n<h3>Kurs Tarihleri, Saatleri ve Son Ba\u015fvuru Tarihleri Nelerdir?<\/h3>\n<p>Egitim Akademisi 5-6-7 Mart 2020 tarihlerinde ger\u00e7ekle\u015ftirilecektir. Kurs, sabah 9:00-18:00 saatleri aras\u0131nda olmas\u0131 beklenmektedir.&nbsp;<\/p>\n<p>Ba\u015fvurular i\u00e7erisinden kabul edilen adaylar kesin kay\u0131t listesinde a\u00e7\u0131klanacakt\u0131r.<\/p>\n<table style=\"height: 218px;\" width=\"415\">\n<tbody>\n<tr>\n<td width=\"187\">Son Ba\u015fvuru Tarihi<\/td>\n<td width=\"162\">&nbsp;1 Mart 2020 Pazartesi<\/td>\n<\/tr>\n<tr>\n<td width=\"187\">Kurs Ba\u015flang\u0131\u00e7-Biti\u015f Tarihi<\/td>\n<td width=\"162\">5 Mart &#8211; 7 Mart 2020<\/td>\n<\/tr>\n<tr>\n<td width=\"187\">Kesin ve Yedek Kay\u0131tlar\u0131n A\u00e7\u0131klanmas\u0131<\/td>\n<td width=\"162\">2 Mart 2020 Sal\u0131<\/td>\n<\/tr>\n<tr>\n<td width=\"187\">\u00dccretlerin Yat\u0131r\u0131lmas\u0131 \u0130\u00e7in Son G\u00fcn<\/td>\n<td width=\"162\">3 Mart 2020 \u00c7ar\u015famba<\/td>\n<\/tr>\n<\/tbody>\n<\/table>\n<h3>Ba\u015fvuru Nas\u0131l Yap\u0131l\u0131r?<\/h3>\n<p>Ba\u015fvuru TESAM web sitesi arac\u0131l\u0131\u011f\u0131yla online form doldurularak yap\u0131l\u0131r. TESAM y\u00f6netici ve \u00e7al\u0131\u015fanlar\u0131na kurs ba\u015fvurusu i\u00e7in g\u00f6nderilen e-posta mesajlar\u0131 kesinlikle dikkate al\u0131nmayacakt\u0131r.<\/p>\n<p>Ba\u015fvuru i\u00e7in a\u015fa\u011f\u0131daki linki t\u0131klay\u0131n\u0131z.<\/p>\n<a href=\"\" class=\"shortc-button big blue\">BA\u015eVURU<\/a>\n<div class=\"box  warning alignleft\"><div class=\"box-inner-block\"><i class=\"tieicon-boxicon\"><\/i>\n\t\t\tBa\u015fvuru yaparken mail adresinizle giri\u015f yapman\u0131z gerekmektedir. Ba\u015fvuru formundaki istenen t\u00fcm sorular\u0131 cevaplamak zorunludur.\n\t\t\t<\/div><\/div>\n<h3>Kurs \u00dccretli midir?<\/h3>\n<p>TESAM Egitim Akademisi&#8217;nin \u00fccreti 120&#8217;TL&#8217;dir.&nbsp;<\/p>\n<p>Programa kat\u0131lacak \u00f6\u011frencilere \u00fc\u00e7 g\u00fcn boyunca \u00f6\u011fle yeme\u011fi ve ikramlarda bulunulacakt\u0131r.<\/p>\n<p>Kurs program\u0131n\u0131 ba\u015far\u0131yla tamamlayan \u00f6\u011frencilere sertifika verilir.<\/p>\n<h3>Kurs \u00dccretleri Hangi Bankaya Yat\u0131r\u0131l\u0131r?<\/h3>\n<table width=\"457\">\n<tbody>\n<tr>\n<td width=\"82\">Hesap Ad\u0131<\/td>\n<td width=\"375\">EKONOM\u0130K S\u0130YASAL VE STRATEJ\u0130K ARA\u015eTIRMALARA MERKEZ<\/td>\n<\/tr>\n<tr>\n<td>Banka<\/td>\n<td>ALBARAKA T\u00dcRK KATILIM BANKASI<\/td>\n<\/tr>\n<tr>\n<td>\u015eube<\/td>\n<td>N\u0130L\u00dcFER<\/td>\n<\/tr>\n<tr>\n<td>Hesap No<\/td>\n<td>8261636-1<\/td>\n<\/tr>\n<tr>\n<td>\u0130BAN<\/td>\n<td>TR73 0020 3000 0826 1636 0000 01<\/td>\n<\/tr>\n<\/tbody>\n<\/table>\n<div class=\"box  warning alignleft\"><div class=\"box-inner-block\"><i class=\"tieicon-boxicon\"><\/i>\n\t\t\tKurs \u00fccretini yat\u0131r\u0131rken a\u00e7\u0131klama b\u00f6l\u00fcm\u00fcne ba\u015fvuru yapan ki\u015finin TC Kimlik numaras\u0131, okul ve ad\u0131-soyad\u0131 yaz\u0131lmas\u0131 zorunludur.\n\t\t\t<\/div><\/div>\n<h3>Kurs Hakk\u0131nda Detayl\u0131 Bilgiler<\/h3>\n<p>Kurs i\u00e7in devam zorunlulu\u011fu bulunmaktad\u0131r.<\/p>\n<p>Her ders ile ilgili hocalar\u0131n tavsiye etti\u011fi makale ve \u00e7al\u0131\u015fma dosyalar\u0131 \u00f6\u011frencilere \u00f6nceden mail ile g\u00f6nderilecektir. Derslerin daha verimli ge\u00e7mesi ad\u0131na, \u00f6\u011frencilerin \u00f6n haz\u0131rl\u0131k yaparak gelmeleri \u00f6nemlidir.<\/p>\n<h3>Program Ortaklar\u0131<\/h3>\n<p>SEDAM Stratejik E\u011fitim Ara\u015ft\u0131rmalar\u0131 Merkezi<\/p>\n<p>Uluda\u011f \u00dcniversitesi E\u011fitim Fak\u00fcltesi<\/p>\n<h3>TESAM E\u011fitim Akademisi Program\u0131<\/h3>\n<table width=\"810\">\n<tbody>\n<tr>\n<td width=\"559\">PROF. DR. SAL\u0130H \u00c7EPN\u0130 (ULUDA\u011e \u00dcN\u0130VERS\u0130TES\u0130)<br \/>\n&#8220;Z KU\u015eA\u011eI&#8221;<\/td>\n<td width=\"157\">5 MART PER\u015eEMBE<\/td>\n<td width=\"94\">10:00 &#8211; 12:00<\/td>\n<\/tr>\n<tr>\n<td width=\"559\">DR. ABDULMUTTAL\u0130P AKKAYA (BTSO KAM\u0130L TOLON B\u0130LSEM)<br \/>\n&#8220;Z KU\u015eA\u011eI \u0130\u00c7\u0130N YEN\u0130 \u00d6\u011eRET\u0130M TEKN\u0130KLER\u0130&#8221;<\/td>\n<td>5 MART PER\u015eEMBE<\/td>\n<td>13:00 &#8211; 15:00<\/td>\n<\/tr>\n<tr>\n<td width=\"559\">YAKUP \u00d6ZT\u00dcRK (E\u011e\u0130T\u0130M DANI\u015eMANI)<br \/>\n&#8220;B\u0130R DERS\u0130N ANATOM\u0130S\u0130&#8221;<\/td>\n<td>5 MART PER\u015eEMBE<\/td>\n<td>15:30 &#8211; 17:30<\/td>\n<\/tr>\n<tr>\n<td width=\"559\">YA\u015eAR D\u0130LBER (P\u0130SKOLOJ\u0130K &#8211; DANI\u015eMAN)<br \/>\n&#8220;T\u00dcRK\u0130YE&#8217;DE \u00d6\u011eRETMEN OLMAK&#8221;<\/td>\n<td>6 MART CUMA<\/td>\n<td>10:00 &#8211; 12:00<\/td>\n<\/tr>\n<tr>\n<td width=\"559\">DO\u00c7. DR. SEV\u0130L AKAYG\u00dcN (BO\u011eAZ\u0130\u00c7\u0130 \u00dcN\u0130VERS\u0130TES\u0130 )<br \/>\n&#8220;HAYATIMIZDA VE E\u011e\u0130T\u0130MDE NANOTEKNOLOJ\u0130&#8221;<\/td>\n<td>6 MART CUMA<\/td>\n<td>14:00 &#8211; 16:00<\/td>\n<\/tr>\n<tr>\n<td width=\"559\">SAL\u0130H K\u00dcKREK (SANLAB S\u0130M\u0130LASYON A.\u015e.)<br \/>\n&#8220;\u00d6\u011eRETMENL\u0130KTE D\u0130J\u0130TAL BA\u015eKANLIK&#8221;<\/td>\n<td>6 MART CUMA<\/td>\n<td>16:30 &#8211; 18:00<\/td>\n<\/tr>\n<tr>\n<td width=\"559\">PROF. DR. VEYSEL BOZKURT (\u0130STANBUL \u00dcN\u0130VERS\u0130TES\u0130)<br \/>\n&#8220;T\u00dcRK\u0130YE&#8217;DE Z KU\u015eA\u011eI VE DE\u011eERLER E\u011e\u0130T\u0130M\u0130&#8221;<\/td>\n<td>7 MART CUMARTES\u0130<\/td>\n<td>10:00 &#8211; 12:00<\/td>\n<\/tr>\n<tr>\n<td width=\"559\">PROF. DR. HASAN BACANLI (FAT\u0130H SULTAN MEHMET \u00dcN\u0130VERS\u0130TES\u0130 )<br \/>\n&#8220;DE\u011eERLER E\u011e\u0130T\u0130M\u0130 YAKLA\u015eIMLARI&#8221;<\/td>\n<td>7 MART CUMARTES\u0130<\/td>\n<td>13:00 &#8211; 15:00<\/td>\n<\/tr>\n<tr>\n<td width=\"559\">M. \u0130LYAS BOZKURT (TESAM GENEL BA\u015eKANI)<br \/>\n&#8220;EKONOM\u0130 &#8211; E\u011e\u0130T\u0130M \u0130L\u0130\u015eK\u0130S\u0130: E\u011e\u0130T\u0130M\u0130N EKONOM\u0130K GEL\u0130\u015e\u0130ME ETK\u0130S\u0130&#8221;<\/td>\n<td>7 MART CUMARTES\u0130<\/td>\n<td>15:30 &#8211; 17:30<\/td>\n<\/tr>\n<\/tbody>\n<\/table>","protected":false},"excerpt":{"rendered":"<p>Ama\u00e7 \u00dclkemizdeki mevcut sorunlar\u0131n belki de en \u00f6nceliklisi olarak g\u00f6rd\u00fc\u011f\u00fcm\u00fcz E\u011fitim alan\u0131nda gen\u00e7 \u00f6\u011fretmen ve akademisyen adaylar\u0131n\u0131n daha iyi yeti\u015fmeleri amac\u0131yla bir akademi okulu program\u0131 d\u00fczenlemektir. Program\u0131n Temas\u0131 Z Ku\u015fa\u011f\u0131na \u00d6\u011fretmen Olmak Kimler Ba\u015fvurabilir? \u00dcniversitelerde lisans&nbsp;veya lisans\u00fcst\u00fc e\u011fitimine devam eden \u00f6\u011frenciler ba\u015fvurabilir. Ayr\u0131ca lisans e\u011fitimini son bir y\u0131l i\u00e7erisinde tamamlam\u0131\u015f ve herhangi bir yerde \u00f6\u011frenci &#8230;<\/p>","protected":false},"author":1,"featured_media":0,"parent":0,"menu_order":0,"comment_status":"closed","ping_status":"closed","template":"","meta":{"ngg_post_thumbnail":0},"_links":{"self":[{"href":"https:\/\/tesam.org.tr\/en\/wp-json\/wp\/v2\/pages\/2901"}],"collection":[{"href":"https:\/\/tesam.org.tr\/en\/wp-json\/wp\/v2\/pages"}],"about":[{"href":"https:\/\/tesam.org.tr\/en\/wp-json\/wp\/v2\/types\/page"}],"author":[{"embeddable":true,"href":"https:\/\/tesam.org.tr\/en\/wp-json\/wp\/v2\/users\/1"}],"replies":[{"embeddable":true,"href":"https:\/\/tesam.org.tr\/en\/wp-json\/wp\/v2\/comments?post=2901"}],"version-history":[{"count":21,"href":"https:\/\/tesam.org.tr\/en\/wp-json\/wp\/v2\/pages\/2901\/revisions"}],"predecessor-version":[{"id":2996,"href":"https:\/\/tesam.org.tr\/en\/wp-json\/wp\/v2\/pages\/2901\/revisions\/2996"}],"wp:attachment":[{"href":"https:\/\/tesam.org.tr\/en\/wp-json\/wp\/v2\/media?parent=2901"}],"curies":[{"name":"wp","href":"https:\/\/api.w.org\/{rel}","templated":true}]}}