{"id":3210,"date":"2021-01-24T23:44:35","date_gmt":"2021-01-24T20:44:35","guid":{"rendered":"https:\/\/tesam.org.tr\/?page_id=3210"},"modified":"2021-02-25T00:50:07","modified_gmt":"2021-02-24T21:50:07","slug":"egitim-akademisi-2021-psikolojik-saglamlik-hakkinda-bilgiler","status":"publish","type":"page","link":"https:\/\/tesam.org.tr\/en\/egitim-akademisi-2021-psikolojik-saglamlik-hakkinda-bilgiler\/","title":{"rendered":"E\u011fitim Akademisi (2021-Online) &#8211; &#8220;Psikolojik Sa\u011flaml\u0131k&#8221; Hakk\u0131nda Bilgiler"},"content":{"rendered":"<p>TESAM \u2013 Ekonomik, Siyasal ve Stratejik Ara\u015ft\u0131rmalar Merkezi, e\u011fitim alanlar\u0131nda lisans ve lisans\u00fcst\u00fc \u00f6\u011frencilerin akademik yeterliliklerini geli\u015ftirmek amac\u0131yla her y\u0131l d\u00fczenli olarak yapt\u0131\u011f\u0131 akademi programlar\u0131na bu sene bir yenisini ekleyerek devam etmeyi ama\u00e7lamaktad\u0131r. Y\u00fczy\u00fcze ve etkile\u015fimli ger\u00e7ekle\u015ftirilen akademimiz bu sene pandemi nedeniyle <strong>online<\/strong> olarak yap\u0131lmas\u0131na karar verilmi\u015ftir.<\/p>\n<h3>Ama\u00e7<\/h3>\n<p><strong>27-28 \u015eubat 2021<\/strong> tarihinde ger\u00e7ekle\u015ftirilecek olan TESAM E\u011fitim Akademisi, son y\u0131llarda literat\u00fcrde s\u0131k\u00e7a tart\u0131\u015f\u0131lan ve pandemi d\u00f6neminde \u00f6neminin daha fazla fark\u0131na var\u0131ld\u0131\u011f\u0131 <strong>&#8220;Psikolojik Sa\u011flaml\u0131k&#8221; <\/strong>temas\u0131nda ger\u00e7ekle\u015fecektir.<\/p>\n<h3>Program\u0131n Temas\u0131<\/h3>\n<p>Psikolojik Sa\u011flaml\u0131k<\/p>\n<h3>Kimler Ba\u015fvurabilir?<\/h3>\n<p>\u00dcniversitelerde lisans&nbsp;veya lisans\u00fcst\u00fc e\u011fitimine devam eden \u00f6\u011frenciler ba\u015fvurabilir. Ayr\u0131ca lisans e\u011fitimini son bir y\u0131l i\u00e7erisinde tamamlam\u0131\u015f ve herhangi bir yerde \u00f6\u011frenci olmayan ki\u015filer de ba\u015fvurulabilir. TESAM kurs adaylar\u0131n\u0131n e\u011fitim konular\u0131na y\u00f6nelik derin bir ilgi ve y\u00fcksek bir motivasyonu olmas\u0131 gerekmektedir. Adaylar\u0131n kurs program\u0131 boyunca sunumlarla ilgili metinlerin ve kitaplar\u0131n okunmas\u0131 te\u015fvik edilmektedir.<\/p>\n<h3>Hangi Alanlardaki \u00d6\u011frenciler Ba\u015fvurabilir?<\/h3>\n<p>Kurs program\u0131na,&nbsp;e\u011fitim fak\u00fcltesi ve fen edebiyat fak\u00fcltesinde okuyan \u00f6\u011frenciler ba\u015fvurabilir.<\/p>\n<h3>Kurs Yeri Neresidir?<\/h3>\n<p>Kurs bu sene pandemi nedeniyle <strong>ONL\u0130NE<\/strong> olarak yap\u0131lmas\u0131na karar verilmi\u015ftir.<\/p>\n<h3>Kurs Tarihleri, Saatleri ve Son Ba\u015fvuru Tarihleri Nelerdir?<\/h3>\n<p><span style=\"color: #008080;\"><strong>E\u011fitim Akademisi 27-28 \u015eubat 2021 tarihlerinde ger\u00e7ekle\u015ftirilecektir. Kurs, sabah 11:00-17:00 saatleri aras\u0131nda olmas\u0131 beklenmektedir.&nbsp;<\/strong><\/span><\/p>\n<p>Ba\u015fvurular i\u00e7erisinden kabul edilen adaylar kesin kay\u0131t listesinde a\u00e7\u0131klanacakt\u0131r.<\/p>\n<table style=\"height: 218px;\" width=\"415\">\n<tbody>\n<tr>\n<td width=\"187\">Son Ba\u015fvuru Tarihi<\/td>\n<td width=\"162\">&nbsp;24 \u015eubat 2021 \u00c7ar\u015famba<\/td>\n<\/tr>\n<tr>\n<td width=\"187\">Kurs Ba\u015flang\u0131\u00e7-Biti\u015f Tarihi<\/td>\n<td width=\"162\">27-28 \u015eubat 2021 Cumartesi-Pazar<\/td>\n<\/tr>\n<tr>\n<td width=\"187\">Kesin ve Yedek Kay\u0131tlar\u0131n A\u00e7\u0131klanmas\u0131<\/td>\n<td width=\"162\">25 \u015eubat 2021 Per\u015fembe<\/td>\n<\/tr>\n<tr>\n<td width=\"187\">\u00dccretlerin Yat\u0131r\u0131lmas\u0131 \u0130\u00e7in Son G\u00fcn<\/td>\n<td width=\"162\">26 \u015eubat 2021 Cuma<\/td>\n<\/tr>\n<\/tbody>\n<\/table>\n<h3>Ba\u015fvuru Nas\u0131l Yap\u0131l\u0131r?<\/h3>\n<p>Ba\u015fvuru TESAM web sitesi arac\u0131l\u0131\u011f\u0131yla online form doldurularak yap\u0131l\u0131r. TESAM y\u00f6netici ve \u00e7al\u0131\u015fanlar\u0131na kurs ba\u015fvurusu i\u00e7in g\u00f6nderilen e-posta mesajlar\u0131 kesinlikle dikkate al\u0131nmayacakt\u0131r.<\/p>\n<h3>Kurs \u00dccretli midir?<\/h3>\n<p>TESAM Egitim Akademisi&#8217;nin kat\u0131l\u0131m sertifika \u00fccreti 90&#8217;TL&#8217;dir. Kurs kat\u0131l\u0131m \u00fccreti sertifika bedeli olarak al\u0131nmaktad\u0131r.<\/p>\n<p>Kurs program\u0131n\u0131 ba\u015far\u0131yla tamamlayan \u00f6\u011frencilere kat\u0131l\u0131m sertifikas\u0131 verilir.<\/p>\n<p><span style=\"color: inherit; font-size: 1.56em; font-weight: 600;\">Kurs Hakk\u0131nda Detayl\u0131 Bilgiler<\/span><\/p>\n<p>Kurs i\u00e7in devam zorunlulu\u011fu bulunmaktad\u0131r.<\/p>\n<p>Her ders ile ilgili hocalar\u0131n tavsiye etti\u011fi makale ve \u00e7al\u0131\u015fma dosyalar\u0131 \u00f6\u011frencilere \u00f6nceden mail ile g\u00f6nderilecektir. Derslerin daha verimli ge\u00e7mesi ad\u0131na, \u00f6\u011frencilerin \u00f6n haz\u0131rl\u0131k yaparak gelmeleri \u00f6nemlidir.<\/p>\n<h3>Program Afi\u015fi<\/h3>\n<p><img decoding=\"async\" loading=\"lazy\" class=\"alignnone wp-image-3227 size-full\" src=\"https:\/\/tesam.org.tr\/wp-content\/uploads\/2021\/01\/Egitim-2021-Afis.jpeg\" alt=\"\" width=\"1080\" height=\"1080\" srcset=\"https:\/\/tesam.org.tr\/wp-content\/uploads\/2021\/01\/Egitim-2021-Afis.jpeg 1080w, https:\/\/tesam.org.tr\/wp-content\/uploads\/2021\/01\/Egitim-2021-Afis-300x300.jpeg 300w, https:\/\/tesam.org.tr\/wp-content\/uploads\/2021\/01\/Egitim-2021-Afis-150x150.jpeg 150w, https:\/\/tesam.org.tr\/wp-content\/uploads\/2021\/01\/Egitim-2021-Afis-768x768.jpeg 768w, https:\/\/tesam.org.tr\/wp-content\/uploads\/2021\/01\/Egitim-2021-Afis-55x55.jpeg 55w\" sizes=\"(max-width: 1080px) 100vw, 1080px\" \/><\/p>\n<p>&nbsp;<\/p>\n<h3>TESAM E\u011fitim Akademisi Program\u0131<\/h3>\n\n\n<p class=\"has-light-green-cyan-background-color has-background\"><strong>PROF. DR. VEYSEL BOZKURT (\u0130stanbul \u00dcniversitesi)<\/strong><br>Sosyal Sermayenin Pandemi S\u00fcrecinde Ortaya \u00c7\u0131kan Pisko-Sosyal Sorunlarla Ba\u015fa \u00c7\u0131kmada Etkisi<br><strong>PROF. DR. HASAN BACANLI (Fatih Sultan Mehmet \u00dcniversitesi)<\/strong><br>De\u011ferler E\u011fitiminin Psikolojik Sa\u011flaml\u0131ktaki Rol\u00fc<br><strong>PROF. DR. MEHMET ENG\u0130N DEN\u0130Z (Y\u0131ld\u0131z Teknik \u00dcniversitesi)<\/strong><br>Psikolojik Sa\u011flaml\u0131k ve \u00d6z \u015eefkat<br><strong>PROF. DR. \u015eER\u0130FE I\u015eIK (Gazi \u00dcniversitesi)<\/strong><br>Okullarda Kendini Toparlanma G\u00fcc\u00fcn\u00fc (Psikolojik Sa\u011flaml\u0131k) Geli\u015ftirmeye Y\u00f6nelik Uygulamalar<br><strong>PROF. DR. ABDULLAH I\u015eIKLAR (Bursa Teknik \u00dcniversitesi)<\/strong><br>Pozitif Psikoloji ve Ya\u015fam<br><strong>DO\u00c7. DR. DURMU\u015e \u00dcMMET (Marmara \u00dcniversitesi)<\/strong><br>Psikolojik Sa\u011flaml\u0131k ve \u0130yilik Hali<\/p>","protected":false},"excerpt":{"rendered":"<p>TESAM \u2013 Ekonomik, Siyasal ve Stratejik Ara\u015ft\u0131rmalar Merkezi, e\u011fitim alanlar\u0131nda lisans ve lisans\u00fcst\u00fc \u00f6\u011frencilerin akademik yeterliliklerini geli\u015ftirmek amac\u0131yla her y\u0131l d\u00fczenli olarak yapt\u0131\u011f\u0131 akademi programlar\u0131na bu sene bir yenisini ekleyerek devam etmeyi ama\u00e7lamaktad\u0131r. Y\u00fczy\u00fcze ve etkile\u015fimli ger\u00e7ekle\u015ftirilen akademimiz bu sene pandemi nedeniyle online olarak yap\u0131lmas\u0131na karar verilmi\u015ftir. Ama\u00e7 27-28 \u015eubat 2021 tarihinde ger\u00e7ekle\u015ftirilecek olan TESAM &#8230;<\/p>","protected":false},"author":1,"featured_media":3222,"parent":0,"menu_order":0,"comment_status":"closed","ping_status":"closed","template":"","meta":{"ngg_post_thumbnail":0},"_links":{"self":[{"href":"https:\/\/tesam.org.tr\/en\/wp-json\/wp\/v2\/pages\/3210"}],"collection":[{"href":"https:\/\/tesam.org.tr\/en\/wp-json\/wp\/v2\/pages"}],"about":[{"href":"https:\/\/tesam.org.tr\/en\/wp-json\/wp\/v2\/types\/page"}],"author":[{"embeddable":true,"href":"https:\/\/tesam.org.tr\/en\/wp-json\/wp\/v2\/users\/1"}],"replies":[{"embeddable":true,"href":"https:\/\/tesam.org.tr\/en\/wp-json\/wp\/v2\/comments?post=3210"}],"version-history":[{"count":15,"href":"https:\/\/tesam.org.tr\/en\/wp-json\/wp\/v2\/pages\/3210\/revisions"}],"predecessor-version":[{"id":3330,"href":"https:\/\/tesam.org.tr\/en\/wp-json\/wp\/v2\/pages\/3210\/revisions\/3330"}],"wp:featuredmedia":[{"embeddable":true,"href":"https:\/\/tesam.org.tr\/en\/wp-json\/wp\/v2\/media\/3222"}],"wp:attachment":[{"href":"https:\/\/tesam.org.tr\/en\/wp-json\/wp\/v2\/media?parent=3210"}],"curies":[{"name":"wp","href":"https:\/\/api.w.org\/{rel}","templated":true}]}}