{"id":4535,"date":"2022-12-31T19:39:49","date_gmt":"2022-12-31T16:39:49","guid":{"rendered":"https:\/\/tesam.org.tr\/?page_id=4535"},"modified":"2022-12-31T21:00:03","modified_gmt":"2022-12-31T18:00:03","slug":"araliksayisi","status":"publish","type":"page","link":"https:\/\/tesam.org.tr\/en\/araliksayisi\/","title":{"rendered":""},"content":{"rendered":"<p><img decoding=\"async\" loading=\"lazy\" class=\"alignnone wp-image-4527\" src=\"https:\/\/tesam.org.tr\/wp-content\/uploads\/2022\/12\/son-1.jpg\" alt=\"\" width=\"487\" height=\"689\"><\/p>\n<p>TESAM\u2019\u0131n, akademik d\u00fcnyada 2011 y\u0131l\u0131nda ba\u015flam\u0131\u015f olan yolculu\u011fu son h\u0131zla devam etmektedir. Bug\u00fcne kadar bir\u00e7ok \u00f6nemli \u00e7al\u0131\u015fman\u0131n alt\u0131na imza atan TESAM, \u00fclkemizde akademik ya\u015fam\u0131n \u00f6nemli kurulu\u015flar\u0131ndan bir tanesi haline gelmeyi ba\u015farm\u0131\u015ft\u0131r. TESAM yapm\u0131\u015f oldu\u011fu \u00e7al\u0131\u015fmalar neticesinde Think Tanks and Civil Societies Program (TTCSP) taraf\u0131ndan d\u00fcnyadaki 11.175 d\u00fc\u015f\u00fcnce kurulu\u015funun indekslendi\u011fi \u201c2020 Global Go To Think Tank Index Report\u201d \u00e7al\u0131\u015fmas\u0131nda Savunma ve Ulusal G\u00fcvenlik alan\u0131nda 91. s\u0131rada, D\u0131\u015f Politika ve Uluslararas\u0131 \u0130li\u015fkiler alan\u0131nda ise 114. s\u0131rada yer almay\u0131 ba\u015farm\u0131\u015ft\u0131r.<br \/>\n\u00d6zellikle son y\u0131llarda ulusal ve uluslararas\u0131 bir\u00e7ok akademik yay\u0131n\u0131 literat\u00fcre kazand\u0131ran TESAM\u2019\u0131n yeni yay\u0131n\u0131 olan TESAM STRATEJ\u0130 Dergisi\u2019ni sizlere sunman\u0131n mutlulu\u011funu ya\u015f\u0131yoruz.<br \/>\nTESAM STRATEJ\u0130, \u00fclke ve d\u00fcnya g\u00fcndeminde dikkat \u00e7eken pop\u00fcler konular \u00fczerine \u00fclkemizdeki en sayg\u0131n akademisyenlerin g\u00f6r\u00fc\u015flerini kamuoyu ile payla\u015ft\u0131\u011f\u0131 bir platform olmay\u0131 ama\u00e7lamaktad\u0131r. Akademik d\u00fcnya ile pop\u00fcler g\u00fcndem konular\u0131 aras\u0131nda bir ba\u011f kurmay\u0131 ve kamuoyunu ayd\u0131nlatmay\u0131 ama\u00e7layan TESAM STRATEJ\u0130, 2023 y\u0131l\u0131ndan itibaren ayl\u0131k olarak sizlerle bulu\u015fmay\u0131 hedeflemektedir.<br \/>\nTESAM STRATEJ\u0130 olarak bu ilk say\u0131m\u0131zda son d\u00f6nemde \u00fclkemizde ve d\u00fcnyada g\u00fcndemden hi\u00e7 d\u00fc\u015fmeyen \u201cEnerji\u201d konusunu ele ald\u0131k. Bu say\u0131m\u0131za yaz\u0131lar\u0131 ile katk\u0131 sa\u011flayan \u00e7ok k\u0131ymetli hocalar\u0131m\u0131za te\u015fekk\u00fcrlerimizi sunar, bundan sonraki say\u0131lar\u0131m\u0131zda sizlerle bulu\u015fmak dile\u011fiyle siz de\u011ferli okurlar\u0131m\u0131za sayg\u0131lar sunar\u0131z.<\/p>\n<p><strong>\u0130\u00e7indekiler<\/strong><br \/>\nSanayi Devriminden G\u00fcn\u00fcm\u00fcze Enerji Talebindeki De\u011fi\u015fim ve Gelecek Vizyonu<br \/>\n<em>Dr. \u0130lyas Bozkurt<\/em><br \/>\nRus Sava\u015f\u0131 ve D\u00fcnyan\u0131n Enerji Gelece\u011fi<br \/>\n<em>Prof. Dr. Hasan K\u00f6ni<\/em><br \/>\nEnerji ve Uluslararas\u0131 \u0130li\u015fkiler<br \/>\n<em>Prof. Dr. Haydar \u00c7akmak<\/em><br \/>\nEnerji G\u00fcvenli\u011fi ve Enerji Kullan\u0131m\u0131<br \/>\n<em>Prof. Dr. \u00d6nder Kutlu<\/em><br \/>\nDe\u011fi\u015fen D\u00fcnya D\u00fczeninde T\u00fcrkiyenin Enerji G\u00f6r\u00fcn\u00fcm\u00fc<br \/>\n<em>Prof. Dr. Bayram K\u0131l\u0131\u00e7<\/em><br \/>\nDo\u011fu Akdeniz-Hazar Denizi-Karadeniz Hatt\u0131nda Enerji Jeopoliti\u011fi: G\u00fcney Gaz Koridoru ve T\u00fcrk Ak\u0131m<br \/>\n<em>Do\u00e7. Dr. G\u00fcng\u00f6r \u015eahin<\/em><br \/>\nEnerji Krizi ve Neden Oldu\u011fu Jeopolitik Sal\u0131n\u0131mlar<br \/>\n<em>Do\u00e7. Dr. Fikret Birdi\u015fli<\/em><br \/>\nT\u00fcrkiye\u2019nin K\u00fcresel Enerji Stratejisi<br \/>\n<em>Dr. Levent Ersin Orall\u0131<\/em><br \/>\nEnerji Boyutuyla K\u00fcreselde G\u00fc\u00e7ler, Dengeler ve Jeopolitik Hareketlilik<br \/>\n<em>Dr. Ayd\u0131n \u00d6z\u00fc<\/em><br \/>\nB\u00fcy\u00fcyen \u00c7in ve Enerji A\u00e7maz\u0131<br \/>\n<em>Dr. Y\u0131ld\u0131r\u0131m Deniz<\/em><br \/>\nT\u00fcrkiye\u2019nin Fosil Yak\u0131tlardan Kurtulmas\u0131 M\u00fcmk\u00fcn M\u00fc?<br \/>\n<em>Muhammet Aydo\u011fan<\/em><\/p>\n<p><strong>TESAM STRATEJ\u0130 Dergisi Tam Hali<\/strong><\/p>\n<a href=\" https:\/\/tesam.org.tr\/wp-content\/uploads\/2022\/12\/son-1.jpg\" target=\"_blank\" class=\"shortc-button small blue\">Dok\u00fcman\u0131 indirmek i\u00e7in t\u0131klay\u0131n\u0131z<\/a>","protected":false},"excerpt":{"rendered":"<p>TESAM\u2019\u0131n, akademik d\u00fcnyada 2011 y\u0131l\u0131nda ba\u015flam\u0131\u015f olan yolculu\u011fu son h\u0131zla devam etmektedir. Bug\u00fcne kadar bir\u00e7ok \u00f6nemli \u00e7al\u0131\u015fman\u0131n alt\u0131na imza atan TESAM, \u00fclkemizde akademik ya\u015fam\u0131n \u00f6nemli kurulu\u015flar\u0131ndan bir tanesi haline gelmeyi ba\u015farm\u0131\u015ft\u0131r. TESAM yapm\u0131\u015f oldu\u011fu \u00e7al\u0131\u015fmalar neticesinde Think Tanks and Civil Societies Program (TTCSP) taraf\u0131ndan d\u00fcnyadaki 11.175 d\u00fc\u015f\u00fcnce kurulu\u015funun indekslendi\u011fi \u201c2020 Global Go To Think Tank &#8230;<\/p>","protected":false},"author":1,"featured_media":0,"parent":0,"menu_order":0,"comment_status":"closed","ping_status":"closed","template":"","meta":{"ngg_post_thumbnail":0},"_links":{"self":[{"href":"https:\/\/tesam.org.tr\/en\/wp-json\/wp\/v2\/pages\/4535"}],"collection":[{"href":"https:\/\/tesam.org.tr\/en\/wp-json\/wp\/v2\/pages"}],"about":[{"href":"https:\/\/tesam.org.tr\/en\/wp-json\/wp\/v2\/types\/page"}],"author":[{"embeddable":true,"href":"https:\/\/tesam.org.tr\/en\/wp-json\/wp\/v2\/users\/1"}],"replies":[{"embeddable":true,"href":"https:\/\/tesam.org.tr\/en\/wp-json\/wp\/v2\/comments?post=4535"}],"version-history":[{"count":8,"href":"https:\/\/tesam.org.tr\/en\/wp-json\/wp\/v2\/pages\/4535\/revisions"}],"predecessor-version":[{"id":4544,"href":"https:\/\/tesam.org.tr\/en\/wp-json\/wp\/v2\/pages\/4535\/revisions\/4544"}],"wp:attachment":[{"href":"https:\/\/tesam.org.tr\/en\/wp-json\/wp\/v2\/media?parent=4535"}],"curies":[{"name":"wp","href":"https:\/\/api.w.org\/{rel}","templated":true}]}}