{"id":5235,"date":"2023-12-05T19:10:02","date_gmt":"2023-12-05T16:10:02","guid":{"rendered":"https:\/\/tesam.org.tr\/?page_id=5235"},"modified":"2023-12-19T14:47:04","modified_gmt":"2023-12-19T11:47:04","slug":"iv-siyaset-ve-liderlik-okulu","status":"publish","type":"page","link":"https:\/\/tesam.org.tr\/en\/iv-siyaset-ve-liderlik-okulu\/","title":{"rendered":"IV. Siyaset ve Liderlik Okulu"},"content":{"rendered":"<p>&nbsp;<\/p>\n<p><img decoding=\"async\" loading=\"lazy\" class=\"aligncenter wp-image-5256 size-full\" src=\"https:\/\/tesam.org.tr\/wp-content\/uploads\/2023\/12\/IV.-SI\u0307YASET-VE-LI\u0307DERLI\u0307K-OKULU.jpg\" alt=\"\" width=\"1414\" height=\"2000\" srcset=\"https:\/\/tesam.org.tr\/wp-content\/uploads\/2023\/12\/IV.-SI\u0307YASET-VE-LI\u0307DERLI\u0307K-OKULU.jpg 1414w, https:\/\/tesam.org.tr\/wp-content\/uploads\/2023\/12\/IV.-SI\u0307YASET-VE-LI\u0307DERLI\u0307K-OKULU-212x300.jpg 212w, https:\/\/tesam.org.tr\/wp-content\/uploads\/2023\/12\/IV.-SI\u0307YASET-VE-LI\u0307DERLI\u0307K-OKULU-768x1086.jpg 768w, https:\/\/tesam.org.tr\/wp-content\/uploads\/2023\/12\/IV.-SI\u0307YASET-VE-LI\u0307DERLI\u0307K-OKULU-1086x1536.jpg 1086w\" sizes=\"(max-width: 1414px) 100vw, 1414px\" \/><\/p>\n<p><strong>TESAM(Ekonomik, Siyasal ve Stratejik Ara\u015ft\u0131rmalar Merkezi) ve Marmara \u00dcniversitesi Kariyer Merkezi (MARKAM) <\/strong>i\u015fbirli\u011fiyle 4&#8217;\u00fcnc\u00fc kez ger\u00e7ekle\u015ftirilecek <strong>Siyaset ve Liderlik Okulu<\/strong>&#8216;nun temel amac\u0131; T\u00fcrkiye\u2019nin siyasi tarihi, di\u011fer \u00fclkelerle ili\u015fkileri, ulusal ve uluslararas\u0131 siyasi durum, ikili ili\u015fkiler, liderlik vas\u0131flar\u0131 ve diplomasi mesle\u011finin incelikleri hakk\u0131nda kat\u0131l\u0131mc\u0131lar\u0131 bilgilendirmektir. Bunun yan\u0131nda, program kapsam\u0131nda uluslararas\u0131 ili\u015fkiler, siyasi ili\u015fkiler konular\u0131nda, bilin\u00e7li, bilgi odakl\u0131 ve diplomatik yollar\u0131n kullan\u0131m\u0131n\u0131n \u00f6nemini kavram\u0131\u015f, bu alanlarda lider olmay\u0131 ve T\u00fcrkiye\u2019nin siyasal, ekonomik, toplumsal ve k\u00fclt\u00fcrel geli\u015fimine katma de\u011fer yaratmay\u0131 hedefleyen bireylerin yeti\u015fmesine destek verilmesi ama\u00e7lanmaktad\u0131r.<\/p>\n<p>Program dili T\u00fcrk\u00e7e olan&nbsp;<strong>Siyaset ve Liderlik Okulu<\/strong>&#8216;nun e\u011fitmenleri, alanlar\u0131nda bilgili ve tecr\u00fcbeli olan de\u011ferli akademisyenler ve uzman ki\u015filerden olu\u015fmaktad\u0131r. Dersler bilgilendirme amac\u0131n\u0131n yan\u0131 s\u0131ra, kat\u0131l\u0131mc\u0131lar\u0131n sorular\u0131na yer verme imk\u00e2n\u0131n\u0131 da sa\u011flayacakt\u0131r. Program\u0131 ba\u015far\u0131yla tamamlayan kat\u0131l\u0131mc\u0131lara kat\u0131l\u0131m belgesi verilecektir.&nbsp;<\/p>\n<p><strong>Program kat\u0131l\u0131mc\u0131lar\u0131n\u0131n kat\u0131l\u0131m belgesi almaya hak kazanmalar\u0131 i\u00e7in programa %80 oran\u0131nda kat\u0131l\u0131m g\u00f6stermeleri gerekmektedir.&nbsp;<\/strong><strong>Her seminer (ders) ba\u015flamas\u0131ndan 10 dakika \u00f6ncesinde kat\u0131l\u0131mc\u0131lardan yoklama i\u00e7in imza al\u0131nacakt\u0131r. \u0130mzal\u0131 yoklama listesi ders program\u0131na g\u00f6re ders saatinden 30 dakika sonra kald\u0131r\u0131lacakt\u0131r.<\/strong><\/p>\n<p><strong>Program kat\u0131l\u0131mc\u0131lar\u0131n\u0131n kat\u0131l\u0131m belgesi alabilmeleri i\u00e7in fiili olarak d\u00fczenlenen seminerlerin toplam say\u0131s\u0131n\u0131n %80&#8217;ine devam etmi\u015f olmas\u0131 gerekmektedir. \u00d6rnek: Fiili yap\u0131lan ders say\u0131s\u0131 16*80\/100=13 derse devam edilmesi gerekmektedir. Toplamda 3 ders devams\u0131zl\u0131k hakk\u0131 olacakt\u0131r. 4 ders devams\u0131zl\u0131k yapan \u00f6\u011frenciye kat\u0131l\u0131m belgesi d\u00fczenlenmeyecektir. Devams\u0131z olan \u00f6\u011frenciler derslere kat\u0131lmaya devam edebilirler.<\/strong><\/p>\n<div>\n<hr>\n<\/div>\n<p><strong>Program\u0131n Hedef Kitlesi ve Kontenjan<br \/>\n<\/strong>Program; her akademik y\u0131l d\u00fczenli olarak ger\u00e7ekle\u015ftirilmesi \u00f6ng\u00f6r\u00fclmekte ve hem Marmara \u00dcniversitesi \u00f6nlisans, lisans, lisans\u00fcst\u00fc ve mezun \u00f6\u011frencilerine, hem de \u00dcniversite d\u0131\u015f\u0131ndan kat\u0131lmak isteyen herkese a\u00e7\u0131k olacakt\u0131r.&nbsp;<strong>Kontenjan 150 ki\u015fi ile s\u0131n\u0131rl\u0131d\u0131r.<\/strong><\/p>\n<div>\n<hr>\n<\/div>\n<p><strong>Program&nbsp;Tarihi<br \/>\n<\/strong>20 Aral\u0131k 2023 \u00c7ar\u015famba- 12 Ocak 2024 2024 Cuma ( 18:00-21:00 aras\u0131 ve her ders 45 dakika yap\u0131lacakt\u0131r. Ders aras\u0131 15 dakika olacakt\u0131r.)<\/p>\n<p><strong>Program&nbsp;Yeri<\/strong><\/p>\n<p>Marmara \u00dcniversitesi G\u00f6ztepe Yerle\u015fkesi Fen-Edebiyat Fak\u00fcltesi Konferans Salonu<a href=\"https:\/\/maps.app.goo.gl\/TyfF6Y5JtZRTLaYc9\">&nbsp;(yol tarifi i\u00e7in t\u0131klay\u0131n\u0131z)<\/a>&nbsp;yap\u0131lmas\u0131 planlanmaktad\u0131r.&nbsp;<\/p>\n<p><strong>Program&nbsp;S\u00fcresi<\/strong><\/p>\n<p>Belirlenen tarih aral\u0131\u011f\u0131nda 5 hafta s\u00fcrecek olan program kapsam\u0131nda haftada 2 ya da 3 ders g\u00f6r\u00fclecektir.&nbsp;<\/p>\n<hr>\n<p><strong>Ders Konular\u0131 ve E\u011fitmenler<\/strong>&nbsp;<\/p>\n<p>E\u011fitim program\u0131 s\u00fcrecinde de\u011fi\u015fiklikler olabilir, bu durumda g\u00fcncel program sitemizden ve sizlere sms yoluyla duyurulacakt\u0131r.<\/p>\n<p>Ders g\u00fcnleri 5 hafta boyunca her \u00c7ar\u015famba g\u00fcn\u00fc yap\u0131lacakt\u0131r. Program 18.00-21.00 saatleri aras\u0131nda planlanmaktad\u0131r.<\/p>\n<p><strong>Program \u00dccreti<\/strong><\/p>\n<p>\u00c7al\u0131\u015fanlar i\u00e7in: 900 TL (KDV dahil)<\/p>\n<p>\u00d6\u011frenciler i\u00e7in: 500 TL (KDV dahil)<\/p>\n<div><strong>Banka Hesap Bilgileri:&nbsp;<\/strong><\/div>\n<div>\n<p>MARMARA \u00dcN\u0130VERS\u0130TES\u0130 VAKFI<\/p>\n<p>Vak\u0131f Kat\u0131l\u0131m -Erenk\u00f6y \u015eubesi<\/p>\n<p>Hesap No: 299494-2&nbsp;<\/p>\n<p>IBAN: TR83 0021 0000 0002 9949 4000 02<\/p>\n<\/div>\n<p><strong>Kesin Kay\u0131t \u0130\u015flemleri<\/strong><\/p>\n<p>20 Aral\u0131k 2023 saat 15:00 tarihine kadar kay\u0131t yapt\u0131rmak isteyenlerin \u00f6ncelikle kat\u0131l\u0131m \u00fccretlerini yat\u0131rd\u0131ktan sonra online kay\u0131t formunu eksiksiz doldurmalar\u0131 gerekmektedir.<\/p>\n<p>Kat\u0131l\u0131m \u00fccretini eft veya havale yapanlar online ba\u015fvuru formunu eksiksiz doldurmad\u0131\u011f\u0131 takdirde kesin kay\u0131tlar\u0131 yap\u0131lmam\u0131\u015f olacakt\u0131r. Belgeleri teslim etmeyenler Kay\u0131t Biriminde \u00fccret iadesi i\u00e7in iade formu doldurmalar\u0131 gerekmektedir.<\/p>\n<p><strong>Online kay\u0131t formu a\u015fa\u011f\u0131dad\u0131r. Online kay\u0131t formunu doldurduktan sonra kesin kayd\u0131n\u0131z tamamlanm\u0131\u015f olacakt\u0131r. E\u011fitim ba\u015flamadan ileti\u015fime ge\u00e7ilecektir. \u0130leti\u015fim olarak e-posta ve Whatsapp kullan\u0131lacakt\u0131r.<\/strong><\/p>\n<p><span style=\"color: #ff0000;\"><a style=\"color: #ff0000;\" href=\"https:\/\/forms.gle\/XaVT3VDMhUA4EjmC6\"><strong>ONL\u0130NE KAYIT FORMU \u0130\u00c7\u0130N TIKLAYINIZ<\/strong><\/a><\/span><\/p>\n<p><strong>Online Ba\u015fvuru Forumunda Gerekli Belgeler<\/strong><\/p>\n<ol>\n<li>Mezunlar i\u00e7in e-devletten al\u0131nm\u0131\u015f mezuniyet belgesi<\/li>\n<li>Mezun olmayan \u00f6\u011frenci i\u00e7in e-devletten yeni tarihli al\u0131nm\u0131\u015f \u00f6\u011frenci belgesi<\/li>\n<li>\u00d6deme dekontu&nbsp;<\/li>\n<\/ol>","protected":false},"excerpt":{"rendered":"<p>&nbsp; TESAM(Ekonomik, Siyasal ve Stratejik Ara\u015ft\u0131rmalar Merkezi) ve Marmara \u00dcniversitesi Kariyer Merkezi (MARKAM) i\u015fbirli\u011fiyle 4&#8217;\u00fcnc\u00fc kez ger\u00e7ekle\u015ftirilecek Siyaset ve Liderlik Okulu&#8216;nun temel amac\u0131; T\u00fcrkiye\u2019nin siyasi tarihi, di\u011fer \u00fclkelerle ili\u015fkileri, ulusal ve uluslararas\u0131 siyasi durum, ikili ili\u015fkiler, liderlik vas\u0131flar\u0131 ve diplomasi mesle\u011finin incelikleri hakk\u0131nda kat\u0131l\u0131mc\u0131lar\u0131 bilgilendirmektir. Bunun yan\u0131nda, program kapsam\u0131nda uluslararas\u0131 ili\u015fkiler, siyasi ili\u015fkiler konular\u0131nda, bilin\u00e7li, &#8230;<\/p>","protected":false},"author":1,"featured_media":5243,"parent":0,"menu_order":0,"comment_status":"closed","ping_status":"closed","template":"","meta":{"ngg_post_thumbnail":0},"_links":{"self":[{"href":"https:\/\/tesam.org.tr\/en\/wp-json\/wp\/v2\/pages\/5235"}],"collection":[{"href":"https:\/\/tesam.org.tr\/en\/wp-json\/wp\/v2\/pages"}],"about":[{"href":"https:\/\/tesam.org.tr\/en\/wp-json\/wp\/v2\/types\/page"}],"author":[{"embeddable":true,"href":"https:\/\/tesam.org.tr\/en\/wp-json\/wp\/v2\/users\/1"}],"replies":[{"embeddable":true,"href":"https:\/\/tesam.org.tr\/en\/wp-json\/wp\/v2\/comments?post=5235"}],"version-history":[{"count":7,"href":"https:\/\/tesam.org.tr\/en\/wp-json\/wp\/v2\/pages\/5235\/revisions"}],"predecessor-version":[{"id":5309,"href":"https:\/\/tesam.org.tr\/en\/wp-json\/wp\/v2\/pages\/5235\/revisions\/5309"}],"wp:featuredmedia":[{"embeddable":true,"href":"https:\/\/tesam.org.tr\/en\/wp-json\/wp\/v2\/media\/5243"}],"wp:attachment":[{"href":"https:\/\/tesam.org.tr\/en\/wp-json\/wp\/v2\/media?parent=5235"}],"curies":[{"name":"wp","href":"https:\/\/api.w.org\/{rel}","templated":true}]}}