{"id":567,"date":"2014-05-29T13:10:45","date_gmt":"2014-05-29T10:10:45","guid":{"rendered":"https:\/\/tesam.org.tr\/?page_id=567"},"modified":"2025-07-16T13:12:49","modified_gmt":"2025-07-16T10:12:49","slug":"hakkimizda","status":"publish","type":"page","link":"https:\/\/tesam.org.tr\/en\/hakkimizda\/","title":{"rendered":"Hakk\u0131m\u0131zda"},"content":{"rendered":"<p>TESAM, temelleri 2000\u2019li y\u0131llar\u0131n ba\u015f\u0131nda at\u0131lm\u0131\u015f, 2014 y\u0131l\u0131nda da <a href=\"http:\/\/ilyasbozkurt.com\"><strong>Dr. \u0130lyas BOZKURT<\/strong><\/a> taraf\u0131ndan kurulmu\u015f bir Stratejik Ara\u015ft\u0131rma Merkezi\u2019dir.<\/p>\n<p>Tarihimiz incelendi\u011fi zaman g\u00f6r\u00fcl\u00fcr ki, ge\u00e7mi\u015fteki ba\u015far\u0131lar\u0131n arkas\u0131nda iyi yeti\u015fmi\u015f bilge ki\u015filer bulunmaktad\u0131r. Ancak ba\u015f d\u00f6nd\u00fcr\u00fcc\u00fc bir h\u0131zla ilerleyen g\u00fcn\u00fcm\u00fcz d\u00fcnyas\u0131ndaki olaylar, \u00e7ok boyutlu olarak geli\u015fmekte ve ge\u00e7mi\u015fe nazaran daha kompleks ve \u00e7ok boyutlu bir hale gelmektedir.<\/p>\n<p>Bu da neticede bir veya birka\u00e7 ki\u015finin bu sorunlar\u0131 tan\u0131mlay\u0131p bunlarla ba\u015fa \u00e7\u0131kabilme yollar\u0131n\u0131 \u00fcretmesini zorla\u015ft\u0131rmaktad\u0131r. Dolay\u0131s\u0131yla ya\u015fanan geli\u015fmelerin yak\u0131ndan takip edilmesi, gelecekle ilgili ger\u00e7ek\u00e7i ve isabetli \u00f6ng\u00f6r\u00fclerin yap\u0131labilmesi ve bunlara kar\u015f\u0131 do\u011fru hamleler \u00fcretilebilmesi i\u00e7in, birbirinden farkl\u0131 bir k\u0131s\u0131m disiplin ve g\u00f6r\u00fc\u015flere sahip olan fikir adamlar\u0131n\u0131n ve gen\u00e7 ve dinamik ara\u015ft\u0131rmac\u0131lar\u0131n bir araya getirilmesi gerekmektedir.<\/p>\n<p>TESAM; i\u00e7 &#8211; d\u0131\u015f politika ve g\u00fcvenlik, ekonomi, hukuk ve toplumsal bilimler alanlar\u0131nda faaliyet g\u00f6steren, ba\u011f\u0131ms\u0131z bir think-tank kurulu\u015fudur.<\/p>\n<p>TESAM, yaln\u0131zca bir think-tank kurulu\u015fu de\u011fil, ayn\u0131 zamanda \u00fclkemizin beyin g\u00fcc\u00fcne katk\u0131 sa\u011flamak \u00fczere d\u00fc\u015f\u00fcnen, sorgulayan, fikir \u00fcreten, yenilik\u00e7i, gen\u00e7 akademisyenler yeti\u015ftirmek \u00fczere kurulan bir d\u00fc\u015f\u00fcnce kurulu\u015fudur.<\/p>\n<p>TESAM, kuruldu\u011fu g\u00fcnden itibaren \u015fu temel ama\u00e7larla hareket etmektedir:<\/p>\n<ul>\n<li>\u00dclkemizin mevcut sorunlar\u0131na \u00e7\u00f6z\u00fcm \u00f6nerileri ve alternatifler getirmektedir. Zira T\u00fcrkiye\u2019nin, i\u00e7eride aya\u011f\u0131na pranga olmu\u015f kronik sorunlar\u0131n\u0131 \u00e7\u00f6zmeden, d\u0131\u015far\u0131da etkin bir rol oynamas\u0131 m\u00fcmk\u00fcn de\u011fildir.<\/li>\n<li>\u00dclkemizde yeni at\u0131l\u0131mlar yap\u0131labilmesi i\u00e7in, haz\u0131rlad\u0131\u011f\u0131 raporlar ve \u00e7izdi\u011fi yol haritalar\u0131 arac\u0131l\u0131\u011f\u0131yla \u00e7e\u015fitli fikir ve \u00f6neriler sunmaktad\u0131r. Bu sayede \u00fclkemizi y\u00f6neten insanlar\u0131n ufkunu a\u00e7mak ve onlara bunun i\u00e7in gerekli teorik ve fikirsel zemini haz\u0131rlamaktad\u0131r.<\/li>\n<li>Ayn\u0131 zamanda bunlar\u0131 yaparken, yeti\u015ftirdi\u011fi beyin g\u00fcc\u00fc vas\u0131tas\u0131yla, gelece\u011fin T\u00fcrkiyesi\u2019nin temellerini atmaktad\u0131r. Evet, TESAM\u2019\u0131 belki de di\u011fer t\u00fcm think &#8211; tank kurulu\u015flar\u0131ndan ay\u0131ran en \u00f6nemli y\u00f6n\u00fc, yukar\u0131da say\u0131lan faaliyetlerin yan\u0131 s\u0131ra, gen\u00e7 ve alan\u0131nda uzman akademisyenler yeti\u015ftirmesidir. Bu proje vas\u0131tas\u0131yla, \u00fclkemizin beyin g\u00fcc\u00fcne katk\u0131 sa\u011flamak ve d\u0131\u015far\u0131ya olan beyin g\u00f6\u00e7\u00fcn\u00fcn aksine, \u00fclkemizi bir \u00e7ekim merkezi haline getirmektir.<\/li>\n<\/ul>\n<div class=\"clear\"><\/div><div class=\"divider\"><\/div>\n<h3 style=\"font-weight: 400;\"><strong>TESAM Nedir?<\/strong><\/h3>\n<p style=\"font-weight: 400;\"><strong>TESAM<\/strong> Ekonomik Siyasal ve Stratejik Ara\u015ft\u0131rmalar Merkezi, T\u00fcrkiye&#8217;nin stratejik hedeflerine ula\u015fmas\u0131n\u0131 sa\u011flamak amac\u0131yla 2000&#8217;li y\u0131llar\u0131n ba\u015f\u0131nda temelleri at\u0131lm\u0131\u015f ve 2011 y\u0131l\u0131nda resmen kurulmu\u015f bir d\u00fc\u015f\u00fcnce kurulu\u015fudur. TESAM, \u00fclkemizin gelecekteki konumunu g\u00fc\u00e7lendirmek ve d\u00fcnya genelinde hak etti\u011fi itibara ula\u015fmas\u0131n\u0131 sa\u011flamak i\u00e7in gereken proje ve fikirleri \u00fcretme misyonunu \u00fcstlenmi\u015ftir. Kuruldu\u011fu g\u00fcnden bu yana, <strong>ba\u011f\u0131ms\u0131zl\u0131k ilkesine<\/strong> s\u0131k\u0131 s\u0131k\u0131ya ba\u011fl\u0131 kalan TESAM, <strong>hi\u00e7bir siyasi parti veya ideolojinin etkisi alt\u0131nda kalmadan<\/strong>, tamamen objektif ve bilimsel bir yakla\u015f\u0131mla \u00e7al\u0131\u015fmalar\u0131n\u0131 s\u00fcrd\u00fcrmektedir. Bu ba\u011flamda, TESAM ger\u00e7ek bir &#8220;<strong>Sivil Toplum Kurulu\u015fu<\/strong>&#8221; olarak T\u00fcrkiye&#8217;nin kalk\u0131nmas\u0131na katk\u0131da bulunmak i\u00e7in s\u00fcrekli olarak yenilik\u00e7i ve \u00e7\u00f6z\u00fcm odakl\u0131 projeler geli\u015ftirmektedir.<\/p>\n<p style=\"font-weight: 400;\">TESAM, geni\u015f bir yelpazeye yay\u0131lan \u00e7al\u0131\u015fma alanlar\u0131 ile dikkat \u00e7ekmektedir. Ekonomi, hukuk, i\u00e7 politika, d\u0131\u015f politika, tarih, e\u011fitim ve sosyoloji gibi alanlarda derinlemesine ara\u015ft\u0131rmalar y\u00fcr\u00fcten TESAM, bu \u00e7al\u0131\u015fmalar\u0131n\u0131 iki ana ba\u015fl\u0131k alt\u0131nda toplamaktad\u0131r. Bunlardan ilki, d\u00fc\u015f\u00fcnce Kurulu\u015fu (Think-Tank) olarak T\u00fcrkiye\u2019nin sorunlar\u0131na akademik anlamda \u00e7\u00f6z\u00fcm \u00f6nerileri getirmektir. \u0130kincisi ise gelece\u011fin akademisyenlerini yeti\u015ftirmektir.<\/p>\n<p style=\"font-weight: 400;\">TESAM bug\u00fcne kadar, T\u00fcrkiye&#8217;nin \u00f6nemli meselelerine dair bir\u00e7ok stratejik \u00e7al\u0131\u015fmaya imza atm\u0131\u015f ve bu \u00e7al\u0131\u015fmalar\u0131 ilgili kamu kurumlar\u0131 ile payla\u015farak \u00fclke politikalar\u0131n\u0131n \u015fekillendirilmesine katk\u0131 sa\u011flam\u0131\u015ft\u0131r. \u00d6rne\u011fin, 2011 y\u0131l\u0131nda haz\u0131rlanan <strong>Tam Metin Anayasa<\/strong> \u00e7al\u0131\u015fmas\u0131, <strong>TBMM Anayasa Komisyonu<\/strong>&#8216;na sunulmu\u015f ve T\u00fcrkiye&#8217;nin anayasal d\u00fczeni \u00fczerinde \u00f6nemli etkiler yaratm\u0131\u015ft\u0131r. Ayr\u0131ca, <strong>E\u011fitim Raporu, Y\u00fcksek \u00d6\u011fretim Raporu, Mesleki E\u011fitim Raporu, Yerel Y\u00f6netimler Raporu, Enerji Raporu, Se\u00e7im Sistemi Raporu, Siyasi Partiler Raporu, \u00c7in Raporu ve Selefilik Raporu<\/strong> gibi bir\u00e7ok \u00f6nemli \u00e7al\u0131\u015fma TESAM taraf\u0131ndan haz\u0131rlanm\u0131\u015ft\u0131r.<\/p>\n<p style=\"font-weight: 400;\">TESAM&#8217;\u0131n faaliyetleri sadece rapor haz\u0131rlamakla s\u0131n\u0131rl\u0131 kalmamaktad\u0131r. Kurulu\u015f, ayn\u0131 zamanda g\u00fcncel ve gelecekte T\u00fcrkiye&#8217;nin g\u00fcndeminde yer alacak konular \u00fczerine paneller, kongreler ve konferanslar d\u00fczenleyerek, bu alanlarda bilimsel tart\u0131\u015fmalar\u0131n zeminini olu\u015fturmaktad\u0131r. TESAM taraf\u0131ndan d\u00fczenlenen baz\u0131 \u00f6nemli kongreler aras\u0131nda &#8220;<strong>Orta Do\u011fu&#8217;da \u015eiddet ve Ter\u00f6r<\/strong>&#8221; konulu panel, &#8220;<strong>TESAM Uluslararas\u0131 Sosyal Bilimler Kongresi<\/strong>&#8221; ve &#8220;<strong>T\u00fcrkiye Nereye Gidiyor? Quo Vadis T\u00fcrkiye?<\/strong>&#8221; ba\u015fl\u0131kl\u0131 uluslararas\u0131 kongreler bulunmaktad\u0131r. Bu t\u00fcr etkinlikler, T\u00fcrkiye&#8217;nin ulusal ve uluslararas\u0131 meselelerine dair \u00e7\u00f6z\u00fcm \u00f6nerilerinin geli\u015ftirilmesi a\u00e7\u0131s\u0131ndan b\u00fcy\u00fck \u00f6nem ta\u015f\u0131maktad\u0131r.<\/p>\n<p style=\"font-weight: 400;\">TESAM, bilimsel \u00e7al\u0131\u015fmalar\u0131 ve akademik katk\u0131lar\u0131 ile de dikkat \u00e7ekmektedir. Y\u0131lda iki kez yay\u0131mlanan <strong>TESAM AKADEM\u0130 HAKEML\u0130 DER<\/strong><strong>G\u0130S\u0130<\/strong> isimli bilimsel akademik dergi, yerli ve yabanc\u0131 bir\u00e7ok indekste taranmakta ve bilim d\u00fcnyas\u0131na \u00f6nemli katk\u0131lar sunmaktad\u0131r. Derginin, T\u00dcB\u0130TAK&#8217;a ba\u011fl\u0131 ULAKB\u0130M \u0130ndeks&#8217;te yer almas\u0131, TESAM&#8217;\u0131n bilimsel itibar\u0131n\u0131 art\u0131rmakta ve derginin uluslararas\u0131 d\u00fczeyde tan\u0131n\u0131rl\u0131\u011f\u0131n\u0131 peki\u015ftirmektedir. TESAM, ayn\u0131 zamanda <strong>Think Tanks and Civil Societies Program (TTCSP)<\/strong> taraf\u0131ndan her y\u0131l d\u00fczenli olarak yay\u0131mlanan &#8220;<strong>Global Go To Think Tank Index Report<\/strong>&#8220;ta d\u00fcnya \u00e7ap\u0131nda ilk 100&#8217;e girerek, uluslararas\u0131 alanda da b\u00fcy\u00fck bir ba\u015far\u0131ya imza atm\u0131\u015ft\u0131r. En son yay\u0131nlanan 2020 y\u0131l\u0131 raporuna g\u00f6re, d\u00fcnya \u00e7ap\u0131ndaki 8248 d\u00fc\u015f\u00fcnce kurulu\u015fu aras\u0131nda <strong>B\u00f6lgesel Think-Tanks listesinde en etkili <\/strong><strong>69. d\u00fc\u015f\u00fcnce kurulu\u015fu<\/strong>, <strong>Savunma ve Milli G\u00fcvenlik Alan\u0131nda ise en etkili <\/strong><strong>91. d\u00fc\u015f\u00fcnce kurulu\u015fu<\/strong> olarak g\u00f6sterilmi\u015ftir.<\/p>\n<p style=\"font-weight: 400;\">TESAM, yay\u0131n faaliyetlerine 2016 y\u0131l\u0131nda ba\u015flam\u0131\u015f ve g\u00fcn\u00fcm\u00fcze kadar alan\u0131nda uzman akademisyenler ile <strong>\u00e7ok say\u0131da edit\u00f6rl\u00fc ve tek yazarl\u0131 kitap<\/strong> yay\u0131nlayarak hem yerel hem de uluslararas\u0131 literat\u00fcre katk\u0131 sa\u011flam\u0131\u015ft\u0131r. <strong>TESAM Yay\u0131nlar\u0131<\/strong>, 2023 y\u0131l\u0131ndan itibaren uluslararas\u0131 yay\u0131nevi stat\u00fcs\u00fcnde yay\u0131nc\u0131l\u0131k faaliyetlerine devam etmektedir.<\/p>\n<p style=\"font-weight: 400;\">TESAM&#8217;\u0131n ikinci \u00e7al\u0131\u015fma alan\u0131 ise <strong>gelece\u011fin akademisyenlerini yeti\u015ftirmektir<\/strong>. Bu ba\u011flamda, TESAM her y\u0131l d\u00fczenledi\u011fi <strong>Akademi Okullar\u0131, Yaz ve K\u0131\u015f Okullar\u0131, ara\u015ft\u0131rma inceleme gezileri<\/strong><strong>, saha ara\u015ft\u0131rmalar\u0131, staj programlar\u0131 ve \u00f6\u011frenci \u00e7al\u0131\u015ftaylar\u0131<\/strong> vb. etkinliklerle gen\u00e7 akademisyen adaylar\u0131n\u0131n bilimsel kariyerlerine katk\u0131 sa\u011flamaktad\u0131r. TESAM, y\u00fcksek lisans ve doktora \u00f6\u011frencilerinin akademik ya\u015fama haz\u0131rlanmalar\u0131na destek vererek, onlar\u0131n bilimsel \u00e7al\u0131\u015fmalar\u0131n\u0131 s\u00fcrd\u00fcrebilmeleri i\u00e7in gerekli olan donan\u0131mlar\u0131 kazand\u0131rmay\u0131 ama\u00e7lamaktad\u0131r. TESAM, ayn\u0131 zamanda bu gen\u00e7 akademisyenlerin e\u011fitim giderlerine katk\u0131da bulunarak, onlar\u0131n T\u00fcrkiye&#8217;de kal\u0131p akademik kariyerlerine devam etmelerine olanak tan\u0131maktad\u0131r.<\/p>\n<p style=\"font-weight: 400;\">TESAM, t\u00fcm bu faaliyetlerini <strong>Lider Sancak Akademi<\/strong> b\u00fcnyesinde ger\u00e7ekle\u015ftirmektedir. Lider Sancak Akademi, sosyal bilimler alan\u0131nda \u00f6nc\u00fc ara\u015ft\u0131rmalar ger\u00e7ekle\u015ftirmeyi hedefleyen bir kurulu\u015f olarak, <strong>TESAM<\/strong><strong>, \u0130LSAM<\/strong><strong> ve TEKNOMER <\/strong>enstit\u00fclerini b\u00fcnyesinde bar\u0131nd\u0131rmaktad\u0131r. Lider Sancak Akademi, T\u00fcrkiye&#8217;nin kronik sorunlar\u0131na \u00e7\u00f6z\u00fcm odakl\u0131 yakla\u015f\u0131mlar geli\u015ftirerek, \u00fclkenin i\u00e7 dinamiklerini g\u00fc\u00e7lendirmeyi ve uluslararas\u0131 alanda etkin bir rol oynamas\u0131n\u0131 sa\u011flamay\u0131 ama\u00e7lamaktad\u0131r. Akademi, bu hedeflere ula\u015fmak i\u00e7in detayl\u0131 raporlar ve yol haritalar\u0131 sunarak, T\u00fcrkiye&#8217;nin gelecekteki politikalar\u0131n\u0131n \u015fekillendirilmesine katk\u0131da bulunmaktad\u0131r.<\/p>\n<p style=\"font-weight: 400;\">Lider Sancak Akademi, ayn\u0131 zamanda sosyal bilimler, ilahiyat, teknoloji ve m\u00fchendislik alanlar\u0131nda uzmanla\u015fm\u0131\u015f profesyoneller yeti\u015ftirmeyi ama\u00e7layan bir e\u011fitim kurumudur. Bu ama\u00e7 do\u011frultusunda, y\u00fcksek lisans ve doktora programlar\u0131 arac\u0131l\u0131\u011f\u0131yla \u00f6\u011frencilere kapsaml\u0131 ara\u015ft\u0131rma deneyimi sunmakta ve onlar\u0131 ele\u015ftirel d\u00fc\u015f\u00fcnme, analitik yetenekler ve yenilik\u00e7i \u00e7\u00f6z\u00fcmler \u00fcretme becerileri ile donatmaktad\u0131r. Akademi, T\u00fcrkiye&#8217;nin gelecekteki liderlerini ve uzmanlar\u0131n\u0131 yeti\u015ftirmek i\u00e7in b\u00fcy\u00fck bir \u00f6zenle \u00e7al\u0131\u015fmalar\u0131n\u0131 s\u00fcrd\u00fcrmektedir.<\/p>\n<p style=\"font-weight: 400;\"><strong>TESAM, T\u00fcrkiye&#8217;nin akademik ve stratejik g\u00fcc\u00fcn\u00fc art\u0131rmay\u0131 hedefleyen geni\u015f kapsaml\u0131 bir vizyonun par\u00e7as\u0131d\u0131r<\/strong>. Bu yap\u0131, TESAM&#8217;\u0131n ulusal ve uluslararas\u0131 d\u00fczeyde sayg\u0131n bir d\u00fc\u015f\u00fcnce kurulu\u015fu olarak b\u00fcy\u00fcmesine katk\u0131 sa\u011flarken, ayn\u0131 zamanda Lider Sancak Akademi&#8217;nin hedefleri do\u011frultusunda, T\u00fcrkiye&#8217;nin gelecekteki liderlerini yeti\u015ftirme misyonunu da peki\u015ftirmektedir.<\/p>\n<div class=\"clear\"><\/div><div class=\"divider\"><\/div>\n<h3 style=\"font-weight: 400;\"><strong>Genel Ba\u015fkan\u2019dan,<\/strong><\/h3>\n<p style=\"font-weight: 400;\">Amac\u0131 \u00fclkemizin mevcut sorunlar\u0131na \u00e7\u00f6z\u00fcm \u00f6nerileri ve alternatifler getirmek, \u00fclkemizde yeni at\u0131l\u0131mlar yap\u0131labilmesi i\u00e7in haz\u0131rlad\u0131\u011f\u0131 raporlar ve \u00e7izdi\u011fi yol haritalar\u0131 arac\u0131l\u0131\u011f\u0131yla \u00e7e\u015fitli fikir ve \u00f6neriler sunmak, bu sayede \u00fclkemizi y\u00f6neten insanlar\u0131n ufkunu a\u00e7mak ve onlara bunun i\u00e7in gerekli teorik ve fikirsel zemini haz\u0131rlamak, ayn\u0131 zamanda bunlar\u0131 yaparken yeti\u015ftirdi\u011fi beyin g\u00fcc\u00fc vas\u0131tas\u0131yla gelece\u011fin T\u00fcrkiye\u2019sinin temellerini atmak olan TESAM; kuruldu\u011fu g\u00fcnden bu yana \u00f6zveriyle ve titizlikle y\u00fcr\u00fctt\u00fc\u011f\u00fc \u00e7al\u0131\u015fmalar\u0131na 2019 y\u0131l\u0131nda da devam etmi\u015ftir.&nbsp;<\/p>\n<p style=\"font-weight: 400;\">Ekonomik, Siyasal ve Stratejik Ara\u015ft\u0131rmalar Merkezi olarak \u00e7ok verimli bir y\u0131l\u0131 geride b\u0131rakan TESAM i\u00e7in 2019 y\u0131l\u0131 at\u0131l\u0131m y\u0131l\u0131 olmu\u015ftur. Bu d\u00f6nem i\u00e7inde planlanan ve hedeflenen \u00e7al\u0131\u015fmalar\u0131 ger\u00e7ekle\u015ftiren kurulu\u015f, bunun gururunu ve mutlulu\u011funu ya\u015famaktad\u0131r.<\/p>\n<p style=\"font-weight: 400;\">2019\u2019da daha \u00f6nceki y\u0131llarda yap\u0131lagelen ana eksendeki \u00e7al\u0131\u015fmalar\u0131n yan\u0131 s\u0131ra yeni \u00e7al\u0131\u015fmalar\u0131 da ekleyerek b\u00fct\u00fcn faaliyetlerini ba\u015far\u0131yla y\u00fcr\u00fctm\u00fc\u015ft\u00fcr. TESAM, ama\u00e7lad\u0131\u011f\u0131 ve hedefledi\u011fi yolda T\u00fcrkiye\u2019nin bug\u00fcn\u00fcne ve gelece\u011fine \u0131\u015f\u0131k tutacak ve de\u011ferli katk\u0131lar sunacak akademik, sosyal, toplumsal ve ekonomik \u00e7al\u0131\u015fmalar yapmay\u0131 s\u00fcrd\u00fcrecektir. Her y\u0131l yeni faaliyetleri \u00e7al\u0131\u015fmalar\u0131na dahil ederek, yeni ve gen\u00e7 beyinleri \u00fclkemizin parlak gelece\u011fi i\u00e7in yeti\u015ftirerek g\u00f6rev ve sorumlulu\u011funu yerine getirecektir. Hi\u00e7 ku\u015fkusuz \u00fclkemizin beyin g\u00fcc\u00fcne katk\u0131 sa\u011flamak ve d\u0131\u015far\u0131ya olan beyin g\u00f6\u00e7\u00fcn\u00fcn aksine, \u00fclkemizi bir \u00e7ekim merkezi haline getirmek, onurlu, bir o kadar da sorumluluk gerektiren bir g\u00f6revdir. Bu g\u00f6rev bilinciyle hareket edenleri tarih daima hay\u0131rla yad edecektir. T\u00fcrkiye, g\u00fc\u00e7lenerek gelece\u011fe haz\u0131rlan\u0131rken bilim ve teknoloji, bu yolda en g\u00fc\u00e7l\u00fc kozumuz olacakt\u0131r.<\/p>\n<p style=\"font-weight: 400; text-align: right;\"><strong>Dr. \u0130lyas Bozkurt<\/strong><\/p>\n<div class=\"clear\"><\/div><div class=\"divider\"><\/div>\n<h3 style=\"font-weight: 400;\"><strong>Y\u00fcksek \u0130sti\u015fare Heyeti Ba\u015fkan\u0131\u2019ndan<\/strong><strong>,<\/strong><\/h3>\n<p style=\"font-weight: 400;\">Bundan d\u00f6rt be\u015f y\u0131l \u00f6nce kat\u0131ld\u0131\u011f\u0131m TESAM toplu\u011funun titiz ve tarafs\u0131z bilimsel \u00e7al\u0131\u015fmalar\u0131 ve \u00e7al\u0131\u015fmalar\u0131n\u0131 T\u00fcrkiye gen\u00e7li\u011fine ula\u015ft\u0131rmas\u0131ndaki ba\u015far\u0131s\u0131 beni kendilerine ba\u011flad\u0131. TESAM, Ba\u015fkan\u0131 ba\u015fta olmak \u00fczere, akl\u0131n ve bilimin \u00f6nc\u00fcl\u00fc\u011f\u00fcnde T\u00fcrkl\u00fc\u011f\u00fcn sosyal ve k\u00fclt\u00fcrel yap\u0131s\u0131ndan taviz vermeyerek, \u00fclkemiz gen\u00e7lerinin iyi yeti\u015fmelerine katk\u0131 sa\u011flamak i\u00e7in \u00e7abalar\u0131n\u0131 \u0130stanbul\u2019a kadar geni\u015fletti. TESAM\u2019da beni etkileyen ba\u015fka bir husus, g\u00f6revlilerin herhangi bir mali katk\u0131 beklemeksizin fedak\u00e2rca kendilerini vakfederek \u00e7al\u0131\u015fmalar\u0131 oldu.<\/p>\n<p style=\"font-weight: 400;\">Gerek ekonomide, gerekse hukuk ve uluslararas\u0131 ili\u015fkilerde en son \u00e7al\u0131\u015fmalar\u0131 gen\u00e7lerimizin \u00f6n\u00fcne getirdiler. Bunlar\u0131n baz\u0131lar\u0131nda ben de yer ald\u0131m ve uluslararas\u0131 alandaki son geli\u015fmeleri gen\u00e7li\u011fimize aktard\u0131k. Devletin e\u011fitim \u00e7abalar\u0131n\u0131n yan\u0131nda, \u00e7a\u011fda\u015f geli\u015fmelerin d\u00fc\u015f\u00fcnce kurulu\u015flar\u0131yla topluma aktar\u0131lmas\u0131 toplumumuzun e\u011fitilmesi ve \u00fclke b\u00fct\u00fcnl\u00fc\u011f\u00fc ad\u0131na \u00e7ok \u00f6nemli bir husustur. TESAM \u00f6rne\u011fini di\u011fer \u00f6zel d\u00fc\u015f\u00fcnce kurulu\u015flar\u0131n da izleyece\u011fini tahmin ediyorum.<\/p>\n<p style=\"font-weight: 400;\">D\u00fcnya\u2019daki son geli\u015fmeleri ele alarak bundan sonra ekonomik, hukuki ve uluslararas\u0131 geli\u015fmelerin yan\u0131nda bio-g\u00fcvenlik, t\u0131bbi geli\u015fmeler, teknolojik geli\u015fmelerin topluma katk\u0131lar\u0131 ve etkileri gibi konular\u0131 da ele alaca\u011f\u0131m\u0131z\u0131 umuyorum. Birli\u011fimiz, b\u00fct\u00fcnl\u00fc\u011f\u00fcm\u00fcz ve \u00fclk\u00fcm\u00fcz vatan\u0131m\u0131z i\u00e7in iyi yeti\u015fmi\u015f liyakatli gen\u00e7li\u011fin olu\u015fturulmas\u0131na y\u00f6neliktir. Ba\u015fta ba\u015fkan olmak \u00fczere b\u00fct\u00fcn katk\u0131 verenleri ve gen\u00e7leri sayg\u0131 ve sevgiyle kucakl\u0131yorum.<\/p>\n<p style=\"font-weight: 400; text-align: right;\"><strong>Hasan K\u00f6ni<\/strong><\/p>\n<p style=\"font-weight: 400;\">&nbsp;<\/p>","protected":false},"excerpt":{"rendered":"<p>TESAM, temelleri 2000\u2019li y\u0131llar\u0131n ba\u015f\u0131nda at\u0131lm\u0131\u015f, 2014 y\u0131l\u0131nda da Dr. \u0130lyas BOZKURT taraf\u0131ndan kurulmu\u015f bir Stratejik Ara\u015ft\u0131rma Merkezi\u2019dir. Tarihimiz incelendi\u011fi zaman g\u00f6r\u00fcl\u00fcr ki, ge\u00e7mi\u015fteki ba\u015far\u0131lar\u0131n arkas\u0131nda iyi yeti\u015fmi\u015f bilge ki\u015filer bulunmaktad\u0131r. Ancak ba\u015f d\u00f6nd\u00fcr\u00fcc\u00fc bir h\u0131zla ilerleyen g\u00fcn\u00fcm\u00fcz d\u00fcnyas\u0131ndaki olaylar, \u00e7ok boyutlu olarak geli\u015fmekte ve ge\u00e7mi\u015fe nazaran daha kompleks ve \u00e7ok boyutlu bir hale gelmektedir. &#8230;<\/p>","protected":false},"author":1,"featured_media":0,"parent":0,"menu_order":0,"comment_status":"closed","ping_status":"closed","template":"","meta":{"ngg_post_thumbnail":0},"_links":{"self":[{"href":"https:\/\/tesam.org.tr\/en\/wp-json\/wp\/v2\/pages\/567"}],"collection":[{"href":"https:\/\/tesam.org.tr\/en\/wp-json\/wp\/v2\/pages"}],"about":[{"href":"https:\/\/tesam.org.tr\/en\/wp-json\/wp\/v2\/types\/page"}],"author":[{"embeddable":true,"href":"https:\/\/tesam.org.tr\/en\/wp-json\/wp\/v2\/users\/1"}],"replies":[{"embeddable":true,"href":"https:\/\/tesam.org.tr\/en\/wp-json\/wp\/v2\/comments?post=567"}],"version-history":[{"count":12,"href":"https:\/\/tesam.org.tr\/en\/wp-json\/wp\/v2\/pages\/567\/revisions"}],"predecessor-version":[{"id":6285,"href":"https:\/\/tesam.org.tr\/en\/wp-json\/wp\/v2\/pages\/567\/revisions\/6285"}],"wp:attachment":[{"href":"https:\/\/tesam.org.tr\/en\/wp-json\/wp\/v2\/media?parent=567"}],"curies":[{"name":"wp","href":"https:\/\/api.w.org\/{rel}","templated":true}]}}