{"id":596,"date":"2014-05-29T15:20:30","date_gmt":"2014-05-29T12:20:30","guid":{"rendered":"https:\/\/tesam.org.tr\/?page_id=596"},"modified":"2015-02-14T00:27:06","modified_gmt":"2015-02-13T22:27:06","slug":"amaclarimiz","status":"publish","type":"page","link":"https:\/\/tesam.org.tr\/en\/amaclarimiz\/","title":{"rendered":"Ama\u00e7lar\u0131m\u0131z"},"content":{"rendered":"<p style=\"text-align: center;\"><a href=\"https:\/\/tesam.org.tr\/wp-content\/uploads\/2014\/05\/mission.jpg\"><img decoding=\"async\" loading=\"lazy\" class=\"alignnone size-full wp-image-597\" src=\"https:\/\/tesam.org.tr\/wp-content\/uploads\/2014\/05\/mission.jpg\" alt=\"mission\" width=\"1024\" height=\"712\" srcset=\"https:\/\/tesam.org.tr\/wp-content\/uploads\/2014\/05\/mission.jpg 1024w, https:\/\/tesam.org.tr\/wp-content\/uploads\/2014\/05\/mission-300x208.jpg 300w\" sizes=\"(max-width: 1024px) 100vw, 1024px\" \/><\/a><\/p>\n<p style=\"color: #000000;\">TESAM; i\u00e7 &#8211; d\u0131\u015f politika ve g\u00fcvenlik, ekonomi, hukuk ve toplumsal bilimler alanlar\u0131nda faaliyet g\u00f6steren, ba\u011f\u0131ms\u0131z bir think-tank kurulu\u015fudur.<\/p>\n<p style=\"color: #000000;\">TESAM\u2019\u0131n en ba\u015fta gelen ama\u00e7lar\u0131ndan birisi, \u00fclkemizde ihtiya\u00e7 duyulan konularda ara\u015ft\u0131rmalar yaparak, bunlar\u0131 d\u00fczenli ve sistemli bir rapor haline getirmek suretiyle ilgili makamlara \u00f6nerilerini sunmakt\u0131r.<\/p>\n<p style=\"color: #000000;\">TESAM, kuruldu\u011fu g\u00fcnden itibaren \u015fu temel ama\u00e7larla hareket etmektedir:<\/p>\n<p style=\"color: #000000;\">o \u00dclkemizin mevcut sorunlar\u0131na \u00e7\u00f6z\u00fcm \u00f6nerileri ve alternatifler getirmektedir. Zira T\u00fcrkiye\u2019nin, i\u00e7eride aya\u011f\u0131na pranga olmu\u015f kronik sorunlar\u0131n\u0131 \u00e7\u00f6zmeden, d\u0131\u015far\u0131da etkin bir rol oynamas\u0131 m\u00fcmk\u00fcn de\u011fildir.<\/p>\n<p style=\"color: #000000;\">o \u00dclkemizde yeni at\u0131l\u0131mlar yap\u0131labilmesi i\u00e7in, haz\u0131rlad\u0131\u011f\u0131 raporlar ve \u00e7izdi\u011fi yol haritalar\u0131 arac\u0131l\u0131\u011f\u0131yla \u00e7e\u015fitli fikir ve \u00f6neriler sunmaktad\u0131r. Bu sayede \u00fclkemizi y\u00f6neten insanlar\u0131n ufkunu a\u00e7mak ve onlara bunun i\u00e7in gerekli teorik ve fikirsel zemini haz\u0131rlamaktad\u0131r.<\/p>\n<p style=\"color: #000000;\">o Ayn\u0131 zamanda bunlar\u0131 yaparken, yeti\u015ftirdi\u011fi beyin g\u00fcc\u00fc vas\u0131tas\u0131yla, gelece\u011fin T\u00fcrkiyesi\u2019nin temellerini atmaktad\u0131r. Evet, TESAM\u2019\u0131 belki de di\u011fer t\u00fcm think &#8211; tank kurulu\u015flar\u0131ndan ay\u0131ran en \u00f6nemli y\u00f6n\u00fc, yukar\u0131da say\u0131lan faaliyetlerin yan\u0131 s\u0131ra, gen\u00e7 ve alan\u0131nda uzman akademisyenler yeti\u015ftirmesidir. Bu proje vas\u0131tas\u0131yla, \u00fclkemizin beyin g\u00fcc\u00fcne katk\u0131 sa\u011flamak ve d\u0131\u015far\u0131ya olan beyin g\u00f6\u00e7\u00fcn\u00fcn aksine, \u00fclkemizi bir \u00e7ekim merkezi haline getirmektir.<\/p>","protected":false},"excerpt":{"rendered":"<p>TESAM; i\u00e7 &#8211; d\u0131\u015f politika ve g\u00fcvenlik, ekonomi, hukuk ve toplumsal bilimler alanlar\u0131nda faaliyet g\u00f6steren, ba\u011f\u0131ms\u0131z bir think-tank kurulu\u015fudur. TESAM\u2019\u0131n en ba\u015fta gelen ama\u00e7lar\u0131ndan birisi, \u00fclkemizde ihtiya\u00e7 duyulan konularda ara\u015ft\u0131rmalar yaparak, bunlar\u0131 d\u00fczenli ve sistemli bir rapor haline getirmek suretiyle ilgili makamlara \u00f6nerilerini sunmakt\u0131r. TESAM, kuruldu\u011fu g\u00fcnden itibaren \u015fu temel ama\u00e7larla hareket etmektedir: o \u00dclkemizin &#8230;<\/p>","protected":false},"author":1,"featured_media":0,"parent":0,"menu_order":0,"comment_status":"closed","ping_status":"closed","template":"","meta":{"ngg_post_thumbnail":0},"_links":{"self":[{"href":"https:\/\/tesam.org.tr\/en\/wp-json\/wp\/v2\/pages\/596"}],"collection":[{"href":"https:\/\/tesam.org.tr\/en\/wp-json\/wp\/v2\/pages"}],"about":[{"href":"https:\/\/tesam.org.tr\/en\/wp-json\/wp\/v2\/types\/page"}],"author":[{"embeddable":true,"href":"https:\/\/tesam.org.tr\/en\/wp-json\/wp\/v2\/users\/1"}],"replies":[{"embeddable":true,"href":"https:\/\/tesam.org.tr\/en\/wp-json\/wp\/v2\/comments?post=596"}],"version-history":[{"count":2,"href":"https:\/\/tesam.org.tr\/en\/wp-json\/wp\/v2\/pages\/596\/revisions"}],"predecessor-version":[{"id":851,"href":"https:\/\/tesam.org.tr\/en\/wp-json\/wp\/v2\/pages\/596\/revisions\/851"}],"wp:attachment":[{"href":"https:\/\/tesam.org.tr\/en\/wp-json\/wp\/v2\/media?parent=596"}],"curies":[{"name":"wp","href":"https:\/\/api.w.org\/{rel}","templated":true}]}}