{"id":6536,"date":"2025-08-07T13:26:14","date_gmt":"2025-08-07T10:26:14","guid":{"rendered":"https:\/\/tesam.org.tr\/?page_id=6536"},"modified":"2025-08-07T13:26:14","modified_gmt":"2025-08-07T10:26:14","slug":"tesam-hukuk-kursusu","status":"publish","type":"page","link":"https:\/\/tesam.org.tr\/en\/tesam-hukuk-kursusu\/","title":{"rendered":"TESAM Hukuk K\u00fcrs\u00fcs\u00fc"},"content":{"rendered":"<p><strong>TESAM Hukuk K\u00fcrs\u00fcs\u00fc<\/strong>, TESAM \u00e7at\u0131s\u0131 alt\u0131nda hukuk alan\u0131nda y\u00fcr\u00fct\u00fclen akademik ve e\u011fitim temelli \u00e7al\u0131\u015fmalar\u0131 planlayan ve koordine eden birimdir. K\u00fcrs\u00fc, hukuk fak\u00fcltesi \u00f6\u011frencilerinin d\u00fc\u015f\u00fcnsel geli\u015fimini, akademik \u00fcretim becerisini ve mesleki fark\u0131ndal\u0131\u011f\u0131n\u0131 desteklemeye y\u00f6nelik programlar tasarlamakta; bu s\u00fcre\u00e7te hukuk ile sosyal bilimler aras\u0131ndaki kesi\u015fim noktalar\u0131na \u00f6zel bir dikkat g\u00f6stermektedir. Kat\u0131l\u0131mc\u0131lar\u0131n bilgiyi sadece edinmekle kalmay\u0131p de\u011ferlendirebildi\u011fi, tart\u0131\u015fabildi\u011fi ve uygulayabildi\u011fi \u00e7ok y\u00f6nl\u00fc bir \u00f6\u011frenme ortam\u0131 olu\u015fturulmas\u0131 ama\u00e7lanmaktad\u0131r.<\/p>\n<p>Her y\u0131l d\u00fczenli olarak ger\u00e7ekle\u015ftirilen&nbsp;<strong>TESAM Hukuk Akademisi<\/strong>, TESAM Hukuk K\u00fcrs\u00fcs\u00fc\u2019n\u00fcn yeni \u00f6\u011frencilerle ilk kez temas kurdu\u011fu \u00fc\u00e7 g\u00fcnl\u00fck \u00f6zel bir programd\u0131r. Akademi s\u00fcresince, belirli bir tema farkl\u0131 hukuk disiplinlerinden ve sosyal bilim alanlar\u0131ndan gelen akademisyenlerin katk\u0131s\u0131yla \u00e7ok boyutlu bi\u00e7imde ele al\u0131n\u0131r. Kat\u0131l\u0131mc\u0131 say\u0131s\u0131 40 ki\u015fiyle s\u0131n\u0131rland\u0131r\u0131l\u0131r. Program, hukuk fak\u00fcltesi \u00f6\u011frencilerinin ele\u015ftirel d\u00fc\u015f\u00fcnme becerilerini geli\u015ftirmeleri, farkl\u0131 yakla\u015f\u0131mlarla tan\u0131\u015fmalar\u0131 ve TESAM\u2019\u0131n \u00e7al\u0131\u015fma tarz\u0131n\u0131 deneyimlemeleri a\u00e7\u0131s\u0131ndan \u00f6nemli bir ilk a\u015fama i\u015flevi g\u00f6r\u00fcr.<\/p>\n<p>Akademi sonras\u0131nda, g\u00f6n\u00fcll\u00fc ve istekli \u00f6\u011frenciler aras\u0131ndan belirli bir de\u011ferlendirme s\u00fcreci sonucunda se\u00e7ilen 10 ila 20 ki\u015fi, y\u0131l boyunca y\u00fcr\u00fct\u00fclen&nbsp;\u00e7al\u0131\u015ftay ve seminer programlar\u0131na&nbsp;d\u00e2hil edilir. Haftal\u0131k olarak d\u00fczenlenen bu programlar, belirli temalar etraf\u0131nda yap\u0131land\u0131r\u0131l\u0131r ve kat\u0131l\u0131mc\u0131lar\u0131n hem akademik hem de ifade becerilerini geli\u015ftirmeye odaklan\u0131r. Oturumlara \u00e7o\u011funlu\u011fu hukuk alan\u0131nda olmak \u00fczere sosyal bilimlerin \u00e7e\u015fitli disiplinlerinden akademisyenler ve uzmanlar davet edilir. Bu etkile\u015fimli yap\u0131, \u00f6\u011frencilerin konulara \u00e7ok y\u00f6nl\u00fc bakabilmesini ve d\u00fc\u015f\u00fcnsel esneklik geli\u015ftirmesini m\u00fcmk\u00fcn k\u0131lar.<\/p>\n<p>TESAM Hukuk K\u00fcrs\u00fcs\u00fc\u2019n\u00fcn e\u011fitim programlar\u0131, yaln\u0131zca klasik hukuk bilgisinin aktar\u0131m\u0131yla s\u0131n\u0131rl\u0131 de\u011fildir. Kat\u0131l\u0131mc\u0131lara <strong>akademik yaz\u0131m usulleri, kaynak analizi, rapor yazma teknikleri, akademik etik ve akademide yapay zek\u00e2 uygulamalar\u0131<\/strong> gibi konularda i\u00e7erikler sunulur. Bu konular yaln\u0131zca teorik d\u00fczeyde de\u011fil, ayn\u0131 zamanda vaka analizi ve uygulamal\u0131 \u00e7al\u0131\u015fmalar arac\u0131l\u0131\u011f\u0131yla i\u015flenir. Dersler, alan\u0131nda deneyimli akademisyenler taraf\u0131ndan y\u00fcr\u00fct\u00fclmekte; \u00f6\u011frencilerin bireysel geli\u015fim s\u00fcre\u00e7lerini destekleyecek \u015fekilde yap\u0131land\u0131r\u0131lmaktad\u0131r.<\/p>\n<p>K\u00fcrs\u00fcn\u00fcn \u00f6zg\u00fcn y\u00f6nlerinden biri,<strong> karar inceleme ve gerek\u00e7eli karar yaz\u0131m\u0131<\/strong> konular\u0131na verdi\u011fi \u00f6zel \u00f6nemdir. Kat\u0131l\u0131mc\u0131lar, adli, idari ve hukuk yarg\u0131lar\u0131na ili\u015fkin \u00f6rnek kararlar\u0131 inceleyerek, bu kararlar\u0131n dayand\u0131\u011f\u0131 gerek\u00e7elendirme yap\u0131lar\u0131n\u0131 analiz eder. Analizlerin ard\u0131ndan \u00f6\u011frenciler, \u00f6zg\u00fcn gerek\u00e7eli karar metinlerini kaleme al\u0131r. Bu s\u00fcre\u00e7, yaln\u0131zca yaz\u0131l\u0131 anlat\u0131m becerilerini de\u011fil ayn\u0131 zamanda analitik d\u00fc\u015f\u00fcnme ve yarg\u0131sal muhakeme yetkinliklerini peki\u015ftirir. \u00d6\u011frenciler, bu \u00e7al\u0131\u015fmalar arac\u0131l\u0131\u011f\u0131yla hukuki d\u00fc\u015f\u00fcnceyi uygulama ile bulu\u015fturan bir \u00f6\u011frenme deneyimi ya\u015far.<\/p>\n<p>TESAM Hukuk K\u00fcrs\u00fcs\u00fc\u2019n\u00fcn y\u00fcr\u00fctt\u00fc\u011f\u00fc t\u00fcm bu faaliyetler, akademik geli\u015fimin yan\u0131nda sosyal kat\u0131l\u0131m\u0131 ve saha tecr\u00fcbesini de \u00f6nceleyen bir yakla\u015f\u0131mla tamamlan\u0131r. Y\u0131l i\u00e7inde d\u00fczenlenen&nbsp;hukuk b\u00fcrosu ziyaretleri,&nbsp;akademisyen bulu\u015fmalar\u0131,&nbsp;g\u00f6n\u00fcll\u00fcl\u00fck projeleri,&nbsp;k\u00fclt\u00fcrel geziler&nbsp;ve sosyal etkinlikler, \u00f6\u011frencilerin yaln\u0131zca bilgi de\u011fil ayn\u0131 zamanda deneyim kazanmalar\u0131n\u0131 da ama\u00e7lamaktad\u0131r. \u00d6zellikle g\u00f6n\u00fcll\u00fcl\u00fck faaliyetleri, \u00f6\u011frencilerin toplumsal duyarl\u0131l\u0131k ve bireysel sorumluluk duygusunu geli\u015ftirmeleri a\u00e7\u0131s\u0131ndan \u00f6nem ta\u015f\u0131maktad\u0131r.<\/p>\n<p>TESAM Hukuk K\u00fcrs\u00fcs\u00fc, y\u00fcr\u00fctt\u00fc\u011f\u00fc bu faaliyetlerle yaln\u0131zca TESAM b\u00fcnyesindeki \u00f6\u011frencilere de\u011fil; farkl\u0131 \u00fcniversitelerin hukuk fak\u00fcltelerinde \u00f6\u011frenim g\u00f6ren \u00e7ok say\u0131da \u00f6\u011frenciye de dolayl\u0131 olarak temas etmektedir. \u00dcniversiteler ve \u00f6\u011frenci kul\u00fcpleriyle kurulan i\u015f birlikleri arac\u0131l\u0131\u011f\u0131yla ger\u00e7ekle\u015ftirilen<strong> hukuk kariyer zirveleri, seminerler ve konferans programlar\u0131<\/strong>, TESAM\u2019\u0131n kurumsal deneyiminin farkl\u0131 alanlarda payla\u015f\u0131lmas\u0131na zemin haz\u0131rlamaktad\u0131r. Bu etkinlikler, tesad\u00fcfi de\u011fil; s\u00fcrd\u00fcr\u00fclebilirlik, i\u00e7erik niteli\u011fi ve a\u00e7\u0131k eri\u015fim ilkeleri do\u011frultusunda yap\u0131land\u0131r\u0131lmaktad\u0131r.<\/p>\n<p>T\u00fcm bu s\u00fcre\u00e7ler, bilgiyi yaln\u0131zca aktaran de\u011fil, anlamland\u0131ran ve d\u00f6n\u00fc\u015ft\u00fcren bir e\u011fitim anlay\u0131\u015f\u0131n\u0131n \u00fcr\u00fcn\u00fcd\u00fcr. TESAM Hukuk K\u00fcrs\u00fcs\u00fc, kat\u0131l\u0131mc\u0131lar\u0131n\u0131 yaln\u0131zca mesleki bilgiyle de\u011fil; ayn\u0131 zamanda ara\u015ft\u0131rma al\u0131\u015fkanl\u0131\u011f\u0131, ifade g\u00fcc\u00fc, ele\u015ftirel d\u00fc\u015f\u00fcnme ve sosyal sorumluluk bilinciyle donatmay\u0131 ama\u00e7lamaktad\u0131r. <strong>Bu \u00e7er\u00e7evede TESAM Hukuk Akademisi ile ba\u015flayan yolculuk, g\u00f6n\u00fcll\u00fcl\u00fc\u011fe dayal\u0131 devaml\u0131l\u0131kla ilerleyen, \u00e7ok katmanl\u0131 ve kal\u0131c\u0131 bir \u00f6\u011frenme s\u00fcrecine d\u00f6n\u00fc\u015fmektedir.<\/strong><\/p>","protected":false},"excerpt":{"rendered":"<p>TESAM Hukuk K\u00fcrs\u00fcs\u00fc, TESAM \u00e7at\u0131s\u0131 alt\u0131nda hukuk alan\u0131nda y\u00fcr\u00fct\u00fclen akademik ve e\u011fitim temelli \u00e7al\u0131\u015fmalar\u0131 planlayan ve koordine eden birimdir. K\u00fcrs\u00fc, hukuk fak\u00fcltesi \u00f6\u011frencilerinin d\u00fc\u015f\u00fcnsel geli\u015fimini, akademik \u00fcretim becerisini ve mesleki fark\u0131ndal\u0131\u011f\u0131n\u0131 desteklemeye y\u00f6nelik programlar tasarlamakta; bu s\u00fcre\u00e7te hukuk ile sosyal bilimler aras\u0131ndaki kesi\u015fim noktalar\u0131na \u00f6zel bir dikkat g\u00f6stermektedir. Kat\u0131l\u0131mc\u0131lar\u0131n bilgiyi sadece edinmekle kalmay\u0131p de\u011ferlendirebildi\u011fi, tart\u0131\u015fabildi\u011fi &#8230;<\/p>","protected":false},"author":1,"featured_media":0,"parent":0,"menu_order":0,"comment_status":"closed","ping_status":"closed","template":"","meta":{"ngg_post_thumbnail":0},"_links":{"self":[{"href":"https:\/\/tesam.org.tr\/en\/wp-json\/wp\/v2\/pages\/6536"}],"collection":[{"href":"https:\/\/tesam.org.tr\/en\/wp-json\/wp\/v2\/pages"}],"about":[{"href":"https:\/\/tesam.org.tr\/en\/wp-json\/wp\/v2\/types\/page"}],"author":[{"embeddable":true,"href":"https:\/\/tesam.org.tr\/en\/wp-json\/wp\/v2\/users\/1"}],"replies":[{"embeddable":true,"href":"https:\/\/tesam.org.tr\/en\/wp-json\/wp\/v2\/comments?post=6536"}],"version-history":[{"count":2,"href":"https:\/\/tesam.org.tr\/en\/wp-json\/wp\/v2\/pages\/6536\/revisions"}],"predecessor-version":[{"id":6538,"href":"https:\/\/tesam.org.tr\/en\/wp-json\/wp\/v2\/pages\/6536\/revisions\/6538"}],"wp:attachment":[{"href":"https:\/\/tesam.org.tr\/en\/wp-json\/wp\/v2\/media?parent=6536"}],"curies":[{"name":"wp","href":"https:\/\/api.w.org\/{rel}","templated":true}]}}