{"id":6541,"date":"2025-08-07T13:33:23","date_gmt":"2025-08-07T10:33:23","guid":{"rendered":"https:\/\/tesam.org.tr\/?page_id=6541"},"modified":"2025-08-07T13:33:23","modified_gmt":"2025-08-07T10:33:23","slug":"tesam-dis-politika-kursusu","status":"publish","type":"page","link":"https:\/\/tesam.org.tr\/en\/tesam-dis-politika-kursusu\/","title":{"rendered":"TESAM D\u0131\u015f Politika K\u00fcrs\u00fcs\u00fc"},"content":{"rendered":"<p><strong>TESAM D\u0131\u015f Politika K\u00fcrs\u00fcs\u00fc<\/strong>, k\u00fcresel sistemdeki d\u00f6n\u00fc\u015f\u00fcmleri, b\u00f6lgesel entegrasyonlar\u0131, d\u0131\u015f politika analizlerini ve uluslararas\u0131 g\u00fcvenlik meselelerini akademik temelde inceleyen k\u00fcrs\u00fcd\u00fcr. \u00d6zellikle T\u00fcrk d\u0131\u015f politikas\u0131n\u0131n \u00e7ok boyutlu yap\u0131s\u0131n\u0131 anlamaya d\u00f6n\u00fck \u00e7al\u0131\u015fmalar yapan k\u00fcrs\u00fc; ayn\u0131 zamanda k\u00fcresel g\u00fc\u00e7 dengeleri, uluslararas\u0131 \u00f6rg\u00fctler ve uluslararas\u0131 hukuk konular\u0131nda da ara\u015ft\u0131rmalar y\u00fcr\u00fctmektedir.<\/p>\n<p><strong>Hedef<\/strong><\/p>\n<ul>\n<li>T\u00fcrkiye\u2019nin \u00e7ok y\u00f6nl\u00fc d\u0131\u015f politika anlay\u0131\u015f\u0131na bilimsel perspektif kazand\u0131rmak.<\/li>\n<li>T\u00fcrk Devletleri Te\u015fkilat\u0131, \u0130slam \u0130\u015fbirli\u011fi Te\u015fkilat\u0131, NATO, AB gibi yap\u0131larla ili\u015fkileri analiz ederek stratejik \u00f6neriler \u00fcretmek.<\/li>\n<li>Uluslararas\u0131 ili\u015fkiler alan\u0131nda \u00e7al\u0131\u015fan \u00f6\u011frenci ve akademisyenlerin teorik altyap\u0131lar\u0131n\u0131 ve analitik d\u00fc\u015f\u00fcnme becerilerini geli\u015ftirmek.<\/li>\n<li>Kriz b\u00f6lgeleri, g\u00f6\u00e7, m\u00fclteci y\u00f6netimi, enerji g\u00fcvenli\u011fi gibi g\u00fcncel uluslararas\u0131 meseleler hakk\u0131nda bilimsel veri ve analiz sa\u011flamak.<\/li>\n<\/ul>\n<p><strong>Faaliyetler<\/strong><\/p>\n<ul>\n<li><strong>Uluslararas\u0131 Kongreler ve Paneller:<\/strong> TESAM, d\u0131\u015f politika temal\u0131 \u00e7al\u0131\u015ftaylar ve oturumlarla uluslararas\u0131 ili\u015fkiler tart\u0131\u015fmalar\u0131na akademik zemin sunar. \u00d6rne\u011fin <em>&#8220;21. Y\u00fczy\u0131lda Uluslararas\u0131 Sistemin Gelece\u011fi&#8221;<\/em> temal\u0131 kongrelerde bu k\u00fcrs\u00fc \u00f6nemli rol oynamaktad\u0131r.<\/li>\n<li><strong>Akademik \u00c7al\u0131\u015ftaylar:<\/strong> Uzman akademisyen ve b\u00fcrokratlarla ger\u00e7ekle\u015ftirdi\u011fimiz \u00e7al\u0131\u015ftaylar, belli bir tema \u00fczerinde ger\u00e7ekle\u015fmekte olup \u00fclkemizin gelecek perspektifine fayda sa\u011flayan deklarasyonlar ve \u00e7\u0131kt\u0131lar \u00fcretmektedir.<\/li>\n<li><strong>TESAM Siyaset ve Liderlik Okullar\u0131:<\/strong> Gen\u00e7lerin siyaset ve liderlik alan\u0131nda kendilerini geli\u015ftirmesine olanak sa\u011flayan bu program, gen\u00e7lerin hem ciddi isimlerin tecr\u00fcbelerinden faydalanmalar\u0131na, hem alana dair \u00f6nemli bilgiler edinmelerine, hem de CV ve referans geli\u015ftirmelerine katk\u0131 sunmaktad\u0131r.<\/li>\n<li><strong>Uluslararas\u0131 \u0130li\u015fkiler Okullar\u0131:<\/strong> TESAM Akademi b\u00fcnyesinde Hariciye Meslek E\u011fitimi, Uluslararas\u0131 Politika Sim\u00fclasyonlar\u0131, T\u00fcrk D\u00fcnyas\u0131 Jeopoliti\u011fi gibi mod\u00fcller sunulmaktad\u0131r.<\/li>\n<li><strong>B\u00f6lge Analizleri ve Jeopolitik Raporlar:<\/strong> TESAM, T\u00fcrk D\u00fcnyas\u0131, Ortado\u011fu, Afrika, AB ve Asya-Pasifik b\u00f6lgelerine dair kapsaml\u0131 analizler ve \u00fclke raporlar\u0131 yay\u0131nlamaktad\u0131r.<\/li>\n<li><strong>Diplomasi Sim\u00fclasyonlar\u0131:<\/strong> Model Birle\u015fmi\u015f Milletler, T\u00fcrk Devletleri Te\u015fkilat\u0131 Sim\u00fclasyonu gibi programlarla gen\u00e7lerin uygulamal\u0131 diplomasi yetenekleri geli\u015ftirilir.<\/li>\n<li><strong>Yay\u0131nlar:<\/strong> TESAM D\u0131\u015f Politika Serisi, uluslararas\u0131 ili\u015fkiler alan\u0131nda uzman akademisyenlerce haz\u0131rlanan derinlikli \u00e7al\u0131\u015fmalar sunar. Ayr\u0131ca TESAM Akademi Hakemli Dergisi uluslararas\u0131 ili\u015fkiler ba\u011flam\u0131nda i\u00e7erikler \u00fcretmektedir, TR Dizin ve ULAKB\u0130M\u2019de taranmaktad\u0131r.<\/li>\n<li><strong>TESAM Strateji Dergisi:<\/strong> Alan\u0131nda uzman akademisyenlerin, g\u00fcncel konular \u0131\u015f\u0131\u011f\u0131nda akademik bilgi birikimlerini, konulara dair analiz ve yorumlar\u0131n\u0131 payla\u015ft\u0131\u011f\u0131, 2 ayda bir say\u0131s\u0131 \u00e7\u0131kan bir dergidir.<\/li>\n<li><strong>\u00d6\u011frenci \u00c7al\u0131\u015ftaylar\u0131:<\/strong> Akademi programlar\u0131ndan se\u00e7ilmi\u015f, se\u00e7kin \u00f6\u011frenci kadrosuyla d\u00f6nem boyu yo\u011funla\u015ft\u0131r\u0131lm\u0131\u015f bir e\u011fitim s\u00fcreci ger\u00e7ekle\u015ftirilmekte, \u00f6\u011frencileri alana ve akademik metodolojiye dair derinle\u015ftirme hamleleri yap\u0131lmaktad\u0131r.<\/li>\n<li><strong>TESAM Online Akademi: <\/strong>TESAM, TESAM Online Akademi sistemi \u00fczerinden belirli ba\u015fl\u0131klarda uzaktan e\u011fitimler vermektedir. T\u00fcrk D\u00fcnyas\u0131 Yaz Okulu gibi markala\u015fm\u0131\u015f i\u00e7erikler TESAM Online\u2019\u0131n koordinat\u00f6rl\u00fc\u011f\u00fcnde, bir\u00e7ok ilgilinin ve akademisyenin kat\u0131l\u0131m\u0131yla ger\u00e7ekle\u015fmektedir.<\/li>\n<li><strong>TESAM Hariciye E\u011fitimleri:<\/strong> Ba\u015fta b\u00fcy\u00fckel\u00e7iler olmak \u00fczere \u00e7e\u015fitli b\u00fcrokrat ve akademisyenlerin kat\u0131l\u0131m\u0131yla y\u00fcz y\u00fcze veya online ger\u00e7ekle\u015fen programlar, hariciye alan\u0131nda ilerlemek isteyen \u00f6\u011frencilere b\u00fcy\u00fck katk\u0131lar sunmaktad\u0131r.<\/li>\n<\/ul>\n<p>&nbsp;<\/p>","protected":false},"excerpt":{"rendered":"<p>TESAM D\u0131\u015f Politika K\u00fcrs\u00fcs\u00fc, k\u00fcresel sistemdeki d\u00f6n\u00fc\u015f\u00fcmleri, b\u00f6lgesel entegrasyonlar\u0131, d\u0131\u015f politika analizlerini ve uluslararas\u0131 g\u00fcvenlik meselelerini akademik temelde inceleyen k\u00fcrs\u00fcd\u00fcr. \u00d6zellikle T\u00fcrk d\u0131\u015f politikas\u0131n\u0131n \u00e7ok boyutlu yap\u0131s\u0131n\u0131 anlamaya d\u00f6n\u00fck \u00e7al\u0131\u015fmalar yapan k\u00fcrs\u00fc; ayn\u0131 zamanda k\u00fcresel g\u00fc\u00e7 dengeleri, uluslararas\u0131 \u00f6rg\u00fctler ve uluslararas\u0131 hukuk konular\u0131nda da ara\u015ft\u0131rmalar y\u00fcr\u00fctmektedir. Hedef T\u00fcrkiye\u2019nin \u00e7ok y\u00f6nl\u00fc d\u0131\u015f politika anlay\u0131\u015f\u0131na bilimsel perspektif &#8230;<\/p>","protected":false},"author":1,"featured_media":0,"parent":0,"menu_order":0,"comment_status":"closed","ping_status":"closed","template":"","meta":{"ngg_post_thumbnail":0},"_links":{"self":[{"href":"https:\/\/tesam.org.tr\/en\/wp-json\/wp\/v2\/pages\/6541"}],"collection":[{"href":"https:\/\/tesam.org.tr\/en\/wp-json\/wp\/v2\/pages"}],"about":[{"href":"https:\/\/tesam.org.tr\/en\/wp-json\/wp\/v2\/types\/page"}],"author":[{"embeddable":true,"href":"https:\/\/tesam.org.tr\/en\/wp-json\/wp\/v2\/users\/1"}],"replies":[{"embeddable":true,"href":"https:\/\/tesam.org.tr\/en\/wp-json\/wp\/v2\/comments?post=6541"}],"version-history":[{"count":2,"href":"https:\/\/tesam.org.tr\/en\/wp-json\/wp\/v2\/pages\/6541\/revisions"}],"predecessor-version":[{"id":6543,"href":"https:\/\/tesam.org.tr\/en\/wp-json\/wp\/v2\/pages\/6541\/revisions\/6543"}],"wp:attachment":[{"href":"https:\/\/tesam.org.tr\/en\/wp-json\/wp\/v2\/media?parent=6541"}],"curies":[{"name":"wp","href":"https:\/\/api.w.org\/{rel}","templated":true}]}}