{"id":6544,"date":"2025-08-07T13:35:27","date_gmt":"2025-08-07T10:35:27","guid":{"rendered":"https:\/\/tesam.org.tr\/?page_id=6544"},"modified":"2025-08-07T13:35:27","modified_gmt":"2025-08-07T10:35:27","slug":"tesam-tarih-kursusu","status":"publish","type":"page","link":"https:\/\/tesam.org.tr\/en\/tesam-tarih-kursusu\/","title":{"rendered":"TESAM Tarih K\u00fcrs\u00fcs\u00fc"},"content":{"rendered":"<p>Tarih, sosyal bilimlerin her alan\u0131n\u0131 ilgilendiren, sosyal bilimler teorilerinin dayanaklar\u0131n\u0131 g\u00fc\u00e7lendiren arg\u00fcmanlar sunan, sosyal bilimlerin laboratuvar\u0131 i\u015flevi g\u00f6ren bir bilim dal\u0131d\u0131r. Bu ba\u011flamda tarih bilimi, medeni vas\u0131flar\u0131 geli\u015ftirmek, toplumun dinamiklerini sosyal bilimler vas\u0131tas\u0131yla ileri ta\u015f\u0131mak ad\u0131na son derece \u00f6nem arz etmektedir. Tarihi do\u011fru anlamak ve tarihi ger\u00e7ekli\u011fi do\u011fru bir bi\u00e7imde ortaya koymak, k\u00fclt\u00fcrel varl\u0131\u011f\u0131n tan\u0131nmas\u0131na; toplumda bir \u00fcst kimlik olu\u015fturulmas\u0131nda ve ulus-millet anlay\u0131\u015f\u0131 noktas\u0131nda toplumun birle\u015fmesine; tarihsel s\u00fcre\u00e7lerin do\u011fru analiz edilip do\u011fru \u00e7\u0131kar\u0131mlar yap\u0131lmas\u0131nda ulus kamuoyu ad\u0131na \u00f6nemli rol oynamaktad\u0131r.<\/p>\n<p><strong>TESAM Tarih K\u00fcrs\u00fcs\u00fc<\/strong>, tarihsel s\u00fcre\u00e7lerin \u00e7a\u011fda\u015f toplumsal, siyasal ve k\u00fclt\u00fcrel geli\u015fmeler \u00fczerindeki etkisini ara\u015ft\u0131ran disiplinler aras\u0131 bir akademik birimdir. K\u00fcrs\u00fc, T\u00fcrk tarihi ba\u015fta olmak \u00fczere d\u00fcnya tarihinin \u00e7e\u015fitli d\u00f6nemlerine odaklanmakta; \u00f6zellikle T\u00fcrk-\u0130slam medeniyetinin geli\u015fim s\u00fcreci, Osmanl\u0131 siyaseti, T\u00fcrk d\u00fcnyas\u0131n\u0131n ortak haf\u0131zas\u0131, modernle\u015fme hareketleri ve yak\u0131n tarih gibi tematik alanlarda \u00e7al\u0131\u015fmalar y\u00fcr\u00fctmektedir. Bu do\u011frultuda k\u00fcrs\u00fc, tarihsel verilerden hareketle g\u00fcncel politikalar\u0131n anla\u015f\u0131lmas\u0131na katk\u0131 sunmay\u0131 ama\u00e7lamaktad\u0131r.<\/p>\n<p>TESAM Tarih K\u00fcrs\u00fcs\u00fc, oda\u011f\u0131n\u0131 b\u00fcy\u00fck oranda T\u00fcrk D\u00fcnyas\u0131\u2019na y\u00f6nelik \u00e7al\u0131\u015fmalara, T\u00fcrk-\u0130slam medeniyeti tarihi ara\u015ft\u0131rmalar\u0131na y\u00f6nlendirmektedir.<\/p>\n<p><strong>Hedef<\/strong><\/p>\n<ul>\n<li>Geli\u015fmi\u015f bir T\u00fcrk Tarih Tezi ortaya koyarak, T\u00fcrk k\u00fclt\u00fcrel miras\u0131na ve kimli\u011fine sahip \u00e7\u0131kmak.<\/li>\n<li>T\u00fcrk \u00fcst kimli\u011fini, ayr\u0131\u015ft\u0131r\u0131c\u0131 de\u011fil birle\u015ftirici bir kavram olarak ortaya koyarak, Atat\u00fcrk\u2019\u00fcn k\u00fclt\u00fcrel milliyet\u00e7ilik yakla\u015f\u0131m\u0131na paralel olmak \u00fczere \u00fclke de\u011ferlerini muhafaza edecek bir tarih bilinci ger\u00e7ekle\u015ftirmek.<\/li>\n<li>Anadolu\u2019daki T\u00fcrk etnisitesi d\u0131\u015f\u0131ndaki Hititler, Frigler gibi milletlerin de k\u00fclt\u00fcrel kimli\u011fine ve miras\u0131na sahip \u00e7\u0131kmak ve benimsemek.<\/li>\n<li>Toplumun tarih bilincini ve tarihsel fark\u0131ndal\u0131\u011f\u0131n\u0131 art\u0131rmak, kolektif haf\u0131zay\u0131 g\u00fc\u00e7lendirmek.<\/li>\n<li>T\u00fcrk d\u00fcnyas\u0131n\u0131n ortak tarihsel birikimini akademik d\u00fczeyde analiz etmek ve bu do\u011frultuda T\u00fcrk d\u00fcnyas\u0131n\u0131n entegrasyonunda ortak kimlik in\u015fas\u0131na katk\u0131da bulunmak.<\/li>\n<li>Gen\u00e7 ara\u015ft\u0131rmac\u0131lar\u0131n tarih metodolojisi konusunda yetkinle\u015fmesini sa\u011flayarak akademik d\u00fcnyaya nitelikli bireyler kazand\u0131rmak.<\/li>\n<li>Disiplinler aras\u0131 tarih okumalar\u0131 ve analizler yoluyla tarih ile siyaset, ekonomi, k\u00fclt\u00fcr ve co\u011frafya aras\u0131ndaki ba\u011flant\u0131lar\u0131 irdelemek.<\/li>\n<\/ul>\n<p><strong>Faaliyetler<\/strong><\/p>\n<ul>\n<li><strong>Uluslararas\u0131 Kongre ve Sempozyumlar:<\/strong> TESAM Uluslararas\u0131 Sosyal Bilimler Kongresi, T\u00fcrk-\u0130slam Ara\u015ft\u0131rmalar\u0131 Sempozyumu, Gen\u00e7 TESAM Kongre ba\u015fta olmak \u00fczere \u00e7ok say\u0131da bilimsel etkinlikte tarih alan\u0131 \u00fczerine oturumlar d\u00fczenlenmekte; burada farkl\u0131 co\u011frafya ve d\u00f6nemlere ili\u015fkin bildiriler sunulmaktad\u0131r.<\/li>\n<li><strong>Seminerler:<\/strong> Alan\u0131nda uzman akademisyenler, TESAM Merkezinde veya anla\u015fmal\u0131 \u00fcniversitelerde TESAM arac\u0131l\u0131\u011f\u0131yla a\u011f\u0131rlanarak talep do\u011frultusundaki temaya uygun seminerler d\u00fczenlenmektedir.<\/li>\n<li><strong>Yay\u0131n Faaliyetleri:<\/strong> TESAM Yay\u0131nlar\u0131 b\u00fcnyesinde tarih alan\u0131na y\u00f6nelik akademik kitaplar, bildiri derlemeleri, \u00f6zel say\u0131 dergileri yay\u0131mlan\u0131r. Ayr\u0131ca TESAM Hakemli Dergisi\u2019nde uluslararas\u0131 ili\u015fkiler ile ili\u015fkili siyasi tarih temal\u0131 makalelere yer verilir.<\/li>\n<li><strong>Akademi Programlar\u0131:<\/strong> Tarih Akademisi gibi k\u0131sa s\u00fcreli, yo\u011funla\u015ft\u0131r\u0131lm\u0131\u015f e\u011fitim programlar\u0131yla lisans ve lisans\u00fcst\u00fc \u00f6\u011frencilere tarihsel kaynak okuma, ar\u015fiv kullan\u0131m\u0131 ve tarih felsefesi gibi konularda e\u011fitimler verilir.<\/li>\n<li><strong>\u00d6\u011frenci \u00c7al\u0131\u015ftaylar\u0131:<\/strong> Akademi programlar\u0131ndan se\u00e7ilmi\u015f, se\u00e7kin \u00f6\u011frenci kadrosuyla d\u00f6nem boyu yo\u011funla\u015ft\u0131r\u0131lm\u0131\u015f bir e\u011fitim s\u00fcreci ger\u00e7ekle\u015ftirilmekte, \u00f6\u011frencileri alana ve akademik metodolojiye dair derinle\u015ftirme hamleleri yap\u0131lmaktad\u0131r.<\/li>\n<li><strong>Sim\u00fclasyon Programlar\u0131:<\/strong> \u00d6\u011frencilerin, edinerek \u00f6\u011frenme ilkesi uyar\u0131nca teoride ald\u0131\u011f\u0131 e\u011fitimleri pratikte sim\u00fclatif ortamlarda tecr\u00fcbe etmesini sa\u011flayan programlar ve projeler icra edilmektedir.<\/li>\n<li><strong>Panel ve S\u00f6yle\u015filer:<\/strong> \u00d6nde gelen tarih\u00e7ilerin kat\u0131l\u0131m\u0131yla Osmanl\u0131 tarihi, T\u00fcrkistan medeniyeti, modern T\u00fcrk siyasi tarihi gibi konularda etkinlikler d\u00fczenlenir.<\/li>\n<li><strong>Tarih Raporlar\u0131:<\/strong> T\u00fcrk D\u00fcnyas\u0131\u2019n\u0131n ortak tarihi, m\u00fcfredat tart\u0131\u015fmalar\u0131, tarihsel semboller ve anma pratikleri \u00fczerine raporlar yay\u0131mlan\u0131r.<\/li>\n<li><strong>Kaynak \u0130nceleme Raporlar\u0131:<\/strong> Olu\u015fturulan \u00e7al\u0131\u015ftay kadrolar\u0131 \u00fczerinden birincil d\u00f6nem kaynaklar\u0131 ele\u015ftirel bir a\u00e7\u0131dan incelenerek raporlanmaktad\u0131r.<\/li>\n<li><strong>TESAM Strateji Dergisi:<\/strong> Alan\u0131nda uzman akademisyenlerin, g\u00fcncel konular \u0131\u015f\u0131\u011f\u0131nda akademik bilgi birikimlerini, konulara dair analiz ve yorumlar\u0131n\u0131 payla\u015ft\u0131\u011f\u0131, 2 ayda bir say\u0131s\u0131 \u00e7\u0131kan bir dergidir.<\/li>\n<li><strong>Akademik \u00c7al\u0131\u015ftaylar:<\/strong> Uzman akademisyen ve b\u00fcrokratlarla ger\u00e7ekle\u015ftirdi\u011fimiz \u00e7al\u0131\u015ftaylar, belli bir tema \u00fczerinde ger\u00e7ekle\u015fmekte olup \u00fclkemizin gelecek perspektifine fayda sa\u011flayan deklarasyonlar ve \u00e7\u0131kt\u0131lar \u00fcretmektedir.<\/li>\n<li><strong>TESAM Online Akademi: <\/strong>TESAM, TESAM Online Akademi sistemi \u00fczerinden belirli ba\u015fl\u0131klarda uzaktan e\u011fitimler vermektedir. T\u00fcrk D\u00fcnyas\u0131 Yaz Okulu gibi markala\u015fm\u0131\u015f i\u00e7erikler TESAM Online\u2019\u0131n koordinat\u00f6rl\u00fc\u011f\u00fcnde, bir\u00e7ok ilgilinin ve akademisyenin kat\u0131l\u0131m\u0131yla ger\u00e7ekle\u015fmektedir.<\/li>\n<\/ul>","protected":false},"excerpt":{"rendered":"<p>Tarih, sosyal bilimlerin her alan\u0131n\u0131 ilgilendiren, sosyal bilimler teorilerinin dayanaklar\u0131n\u0131 g\u00fc\u00e7lendiren arg\u00fcmanlar sunan, sosyal bilimlerin laboratuvar\u0131 i\u015flevi g\u00f6ren bir bilim dal\u0131d\u0131r. Bu ba\u011flamda tarih bilimi, medeni vas\u0131flar\u0131 geli\u015ftirmek, toplumun dinamiklerini sosyal bilimler vas\u0131tas\u0131yla ileri ta\u015f\u0131mak ad\u0131na son derece \u00f6nem arz etmektedir. Tarihi do\u011fru anlamak ve tarihi ger\u00e7ekli\u011fi do\u011fru bir bi\u00e7imde ortaya koymak, k\u00fclt\u00fcrel varl\u0131\u011f\u0131n tan\u0131nmas\u0131na; &#8230;<\/p>","protected":false},"author":1,"featured_media":0,"parent":0,"menu_order":0,"comment_status":"closed","ping_status":"closed","template":"","meta":{"ngg_post_thumbnail":0},"_links":{"self":[{"href":"https:\/\/tesam.org.tr\/en\/wp-json\/wp\/v2\/pages\/6544"}],"collection":[{"href":"https:\/\/tesam.org.tr\/en\/wp-json\/wp\/v2\/pages"}],"about":[{"href":"https:\/\/tesam.org.tr\/en\/wp-json\/wp\/v2\/types\/page"}],"author":[{"embeddable":true,"href":"https:\/\/tesam.org.tr\/en\/wp-json\/wp\/v2\/users\/1"}],"replies":[{"embeddable":true,"href":"https:\/\/tesam.org.tr\/en\/wp-json\/wp\/v2\/comments?post=6544"}],"version-history":[{"count":1,"href":"https:\/\/tesam.org.tr\/en\/wp-json\/wp\/v2\/pages\/6544\/revisions"}],"predecessor-version":[{"id":6545,"href":"https:\/\/tesam.org.tr\/en\/wp-json\/wp\/v2\/pages\/6544\/revisions\/6545"}],"wp:attachment":[{"href":"https:\/\/tesam.org.tr\/en\/wp-json\/wp\/v2\/media?parent=6544"}],"curies":[{"name":"wp","href":"https:\/\/api.w.org\/{rel}","templated":true}]}}