{"id":751,"date":"2014-05-31T11:26:50","date_gmt":"2014-05-31T08:26:50","guid":{"rendered":"https:\/\/tesam.org.tr\/?page_id=751"},"modified":"2024-08-02T09:53:12","modified_gmt":"2024-08-02T06:53:12","slug":"iletisim","status":"publish","type":"page","link":"https:\/\/tesam.org.tr\/en\/iletisim\/","title":{"rendered":"\u0130leti\u015fim"},"content":{"rendered":"<table style=\"height: 166px;\" width=\"735\">\n<tbody>\n<tr>\n<td width=\"588\"><strong>TESAM \u0130stanbul Merkez<\/strong><br \/>\nK\u00fc\u00e7\u00fckbakkalk\u00f6y Mah. Kay\u0131\u015fda\u011f\u0131 Cad. No:111 Bilgi Plaza Ata\u015fehir \/ \u0130stanbul<br \/>\nTel: +90 (506) 188 93 92<\/td>\n<\/tr>\n<tr>\n<td><strong>E-Posta<\/strong><br \/>\ntesamiletisim@gmail.com<br \/>\ninfo@tesam.org.tr<\/td>\n<\/tr>\n<\/tbody>\n<\/table>\n<table class=\"wp-list-table widefat fixed striped table-view-list forms\">\n<tbody id=\"the-list\" data-wp-lists=\"list:form\">\n<tr>\n<td class=\"shortcode column-shortcode\" data-colname=\"K\u0131sa kod\"><div class=\"wpforms-container wpforms-container-full wpforms-render-modern\" id=\"wpforms-5710\"><form id=\"wpforms-form-5710\" class=\"wpforms-validate wpforms-form wpforms-ajax-form\" data-formid=\"5710\" method=\"post\" enctype=\"multipart\/form-data\" action=\"\/en\/wp-json\/wp\/v2\/pages\/751\" data-token=\"8192efe1414176cfeea58b6fba0dbf80\" data-token-time=\"1775834953\" data-trp-original-action=\"\/en\/wp-json\/wp\/v2\/pages\/751\"><noscript class=\"wpforms-error-noscript\">Please enable JavaScript in your browser to complete this form.<\/noscript><div class=\"wpforms-hidden\" id=\"wpforms-error-noscript\">Please enable JavaScript in your browser to complete this form.<\/div><div class=\"wpforms-field-container\"><div id=\"wpforms-5710-field_0-container\" class=\"wpforms-field wpforms-field-name\" data-field-id=\"0\"><fieldset><legend class=\"wpforms-field-label\">Ad\u0131 Soyad\u0131 <span class=\"wpforms-required-label\" aria-hidden=\"true\">*<\/span><\/legend><div class=\"wpforms-field-row wpforms-field-medium\"><div class=\"wpforms-field-row-block wpforms-first wpforms-one-half\"><input type=\"text\" id=\"wpforms-5710-field_0\" class=\"wpforms-field-name-first wpforms-field-required\" name=\"wpforms[fields][0][first]\" aria-errormessage=\"wpforms-5710-field_0-error\" required><label for=\"wpforms-5710-field_0\" class=\"wpforms-field-sublabel after\">First<\/label><\/div><div class=\"wpforms-field-row-block wpforms-one-half\"><input type=\"text\" id=\"wpforms-5710-field_0-last\" class=\"wpforms-field-name-last wpforms-field-required\" name=\"wpforms[fields][0][last]\" aria-errormessage=\"wpforms-5710-field_0-last-error\" required><label for=\"wpforms-5710-field_0-last\" class=\"wpforms-field-sublabel after\">Last<\/label><\/div><\/div><\/fieldset><\/div><div id=\"wpforms-5710-field_1-container\" class=\"wpforms-field wpforms-field-email\" data-field-id=\"1\"><label class=\"wpforms-field-label\" for=\"wpforms-5710-field_1\">E-posta <span class=\"wpforms-required-label\" aria-hidden=\"true\">*<\/span><\/label><input type=\"email\" id=\"wpforms-5710-field_1\" class=\"wpforms-field-medium wpforms-field-required\" name=\"wpforms[fields][1]\" spellcheck=\"false\" aria-errormessage=\"wpforms-5710-field_1-error\" required><\/div><div id=\"wpforms-5710-field_2-container\" class=\"wpforms-field wpforms-field-textarea\" data-field-id=\"2\"><label class=\"wpforms-field-label\" for=\"wpforms-5710-field_2\">Yorum veya Mesaj<\/label><textarea id=\"wpforms-5710-field_2\" class=\"wpforms-field-medium\" name=\"wpforms[fields][2]\" aria-errormessage=\"wpforms-5710-field_2-error\" ><\/textarea><\/div><\/div><!-- .wpforms-field-container --><div class=\"wpforms-submit-container\" ><input type=\"hidden\" name=\"wpforms[id]\" value=\"5710\"><input type=\"hidden\" name=\"page_title\" value=\"\"><input type=\"hidden\" name=\"page_url\" value=\"https:\/\/tesam.org.tr\/en\/wp-json\/wp\/v2\/pages\/751\"><button type=\"submit\" name=\"wpforms[submit]\" id=\"wpforms-submit-5710\" class=\"wpforms-submit\" data-alt-text=\"G\u00f6nderiliyor...\" data-submit-text=\"G\u00f6nder\" aria-live=\"assertive\" value=\"wpforms-submit\">G\u00f6nder<\/button><img src=\"https:\/\/tesam.org.tr\/wp-content\/plugins\/wpforms-lite\/assets\/images\/submit-spin.svg\" class=\"wpforms-submit-spinner\" style=\"display: none;\" width=\"26\" height=\"26\" alt=\"Loading\"><\/div><input type=\"hidden\" name=\"trp-form-language\" value=\"en\"\/><\/form><\/div>  <!-- .wpforms-container --><\/td>\n<\/tr>\n<\/tbody>\n<\/table>\n<p>&nbsp;<\/p>","protected":false},"excerpt":{"rendered":"<p>TESAM \u0130stanbul Merkez K\u00fc\u00e7\u00fckbakkalk\u00f6y Mah. Kay\u0131\u015fda\u011f\u0131 Cad. No:111 Bilgi Plaza Ata\u015fehir \/ \u0130stanbul Tel: +90 (506) 188 93 92 E-Posta tesamiletisim@gmail.com info@tesam.org.tr &nbsp;<\/p>","protected":false},"author":1,"featured_media":760,"parent":0,"menu_order":0,"comment_status":"closed","ping_status":"closed","template":"","meta":{"ngg_post_thumbnail":0},"_links":{"self":[{"href":"https:\/\/tesam.org.tr\/en\/wp-json\/wp\/v2\/pages\/751"}],"collection":[{"href":"https:\/\/tesam.org.tr\/en\/wp-json\/wp\/v2\/pages"}],"about":[{"href":"https:\/\/tesam.org.tr\/en\/wp-json\/wp\/v2\/types\/page"}],"author":[{"embeddable":true,"href":"https:\/\/tesam.org.tr\/en\/wp-json\/wp\/v2\/users\/1"}],"replies":[{"embeddable":true,"href":"https:\/\/tesam.org.tr\/en\/wp-json\/wp\/v2\/comments?post=751"}],"version-history":[{"count":38,"href":"https:\/\/tesam.org.tr\/en\/wp-json\/wp\/v2\/pages\/751\/revisions"}],"predecessor-version":[{"id":5749,"href":"https:\/\/tesam.org.tr\/en\/wp-json\/wp\/v2\/pages\/751\/revisions\/5749"}],"wp:featuredmedia":[{"embeddable":true,"href":"https:\/\/tesam.org.tr\/en\/wp-json\/wp\/v2\/media\/760"}],"wp:attachment":[{"href":"https:\/\/tesam.org.tr\/en\/wp-json\/wp\/v2\/media?parent=751"}],"curies":[{"name":"wp","href":"https:\/\/api.w.org\/{rel}","templated":true}]}}